{"id":1045,"date":"2025-12-18T15:58:50","date_gmt":"2025-12-18T07:58:50","guid":{"rendered":"https:\/\/ztecsg.com\/?page_id=1045"},"modified":"2026-01-29T11:38:19","modified_gmt":"2026-01-29T03:38:19","slug":"sp","status":"publish","type":"page","link":"https:\/\/ztecsg.com\/vi\/sp\/","title":{"rendered":"S\u1ea2N PH\u1ea8M PH\u1eaaU THU\u1eacT"},"content":{"rendered":"<div data-elementor-type=\"wp-page\" data-elementor-id=\"1045\" class=\"elementor elementor-1045\">\n\t\t\t\t<div class=\"elementor-element elementor-element-0421b80 e-flex e-con-boxed e-con e-parent\" data-id=\"0421b80\" data-element_type=\"container\">\n\t\t\t\t\t<div class=\"e-con-inner\">\n\t\t\t\t<div class=\"elementor-element elementor-element-fb99589 elementor-widget elementor-widget-heading\" data-id=\"fb99589\" data-element_type=\"widget\" data-widget_type=\"heading.default\">\n\t\t\t\t\t<h2 class=\"elementor-heading-title elementor-size-default\">S\u1ea2N PH\u1ea8M PH\u1eaaU THU\u1eacT<\/h2>\t\t\t\t<\/div>\n\t\t\t\t\t<\/div>\n\t\t\t\t<\/div>\n\t\t<div class=\"elementor-element elementor-element-38c3356 e-flex e-con-boxed e-con e-parent\" data-id=\"38c3356\" data-element_type=\"container\">\n\t\t\t\t\t<div class=\"e-con-inner\">\n\t\t\t\t<div class=\"elementor-element elementor-element-f6ec203 elementor-widget-divider--view-line elementor-widget elementor-widget-divider\" data-id=\"f6ec203\" data-element_type=\"widget\" data-widget_type=\"divider.default\">\n\t\t\t\t\t\t\t<div class=\"elementor-divider\">\n\t\t\t<span class=\"elementor-divider-separator\">\n\t\t\t\t\t\t<\/span>\n\t\t<\/div>\n\t\t\t\t\t\t<\/div>\n\t\t\t\t\t<\/div>\n\t\t\t\t<\/div>\n\t\t<div class=\"elementor-element elementor-element-fb76780 e-flex e-con-boxed e-con e-parent\" data-id=\"fb76780\" data-element_type=\"container\">\n\t\t\t\t\t<div class=\"e-con-inner\">\n\t\t<div class=\"elementor-element elementor-element-23f034e e-con-full e-flex e-con e-child\" data-id=\"23f034e\" data-element_type=\"container\">\n\t\t\t\t<div class=\"elementor-element elementor-element-83bb7ae elementor-widget elementor-widget-image\" data-id=\"83bb7ae\" data-element_type=\"widget\" data-widget_type=\"image.default\">\n\t\t\t\t\t\t\t\t\t\t\t\t\t\t\t<img fetchpriority=\"high\" decoding=\"async\" width=\"314\" height=\"217\" src=\"https:\/\/ztecsg.com\/wp-content\/uploads\/2025\/12\/SYSTEM-1.png\" class=\"attachment-full size-full wp-image-568\" alt=\"\" srcset=\"https:\/\/ztecsg.com\/wp-content\/uploads\/2025\/12\/SYSTEM-1.png 314w, https:\/\/ztecsg.com\/wp-content\/uploads\/2025\/12\/SYSTEM-1-300x207.png 300w\" sizes=\"(max-width: 314px) 100vw, 314px\" \/>\t\t\t\t\t\t\t\t\t\t\t\t\t\t\t<\/div>\n\t\t\t\t<div class=\"elementor-element elementor-element-c23a82c elementor-widget elementor-widget-text-editor\" data-id=\"c23a82c\" data-element_type=\"widget\" data-widget_type=\"text-editor.default\">\n\t\t\t\t\t\t\t\t\t<p>H\u1ec7 th\u1ed1ng dao si\u00eau \u00e2m<\/p>\t\t\t\t\t\t\t\t<\/div>\n\t\t\t\t<div class=\"elementor-element elementor-element-9291e67 elementor-align-center elementor-widget elementor-widget-button\" data-id=\"9291e67\" data-element_type=\"widget\" data-widget_type=\"button.default\">\n\t\t\t\t\t\t\t\t\t\t<a class=\"elementor-button elementor-button-link elementor-size-sm\" href=\"https:\/\/ztecsg.com\/vi\/our-products\/uss\/\">\n\t\t\t\t\t\t<span class=\"elementor-button-content-wrapper\">\n\t\t\t\t\t\t\t\t\t<span class=\"elementor-button-text\">\u0110\u1ecdc th\u00eam<\/span>\n\t\t\t\t\t<\/span>\n\t\t\t\t\t<\/a>\n\t\t\t\t\t\t\t\t<\/div>\n\t\t\t\t<\/div>\n\t\t<div class=\"elementor-element elementor-element-832172b e-con-full e-flex e-con e-child\" data-id=\"832172b\" data-element_type=\"container\">\n\t\t\t\t<div class=\"elementor-element elementor-element-e1bba72 elementor-widget elementor-widget-image\" data-id=\"e1bba72\" data-element_type=\"widget\" data-widget_type=\"image.default\">\n\t\t\t\t\t\t\t\t\t\t\t\t\t\t\t<img decoding=\"async\" width=\"252\" height=\"220\" src=\"https:\/\/ztecsg.com\/wp-content\/uploads\/2025\/12\/4K.png\" class=\"attachment-large size-large wp-image-569\" alt=\"\" \/>\t\t\t\t\t\t\t\t\t\t\t\t\t\t\t<\/div>\n\t\t\t\t<div class=\"elementor-element elementor-element-94dd877 elementor-widget elementor-widget-text-editor\" data-id=\"94dd877\" data-element_type=\"widget\" data-widget_type=\"text-editor.default\">\n\t\t\t\t\t\t\t\t\t<p>M\u00e1y soi n\u1ed9i soi 4K ngu\u1ed3n s\u00e1ng l\u1ea1nh<\/p>\t\t\t\t\t\t\t\t<\/div>\n\t\t\t\t<div class=\"elementor-element elementor-element-bf14b88 elementor-align-center elementor-widget elementor-widget-button\" data-id=\"bf14b88\" data-element_type=\"widget\" data-widget_type=\"button.default\">\n\t\t\t\t\t\t\t\t\t\t<a class=\"elementor-button elementor-button-link elementor-size-sm\" href=\"https:\/\/ztecsg.com\/vi\/our-products\/cls\/\">\n\t\t\t\t\t\t<span class=\"elementor-button-content-wrapper\">\n\t\t\t\t\t\t\t\t\t<span class=\"elementor-button-text\">\u0110\u1ecdc th\u00eam<\/span>\n\t\t\t\t\t<\/span>\n\t\t\t\t\t<\/a>\n\t\t\t\t\t\t\t\t<\/div>\n\t\t\t\t<\/div>\n\t\t<div class=\"elementor-element elementor-element-d9500ef e-con-full e-flex e-con e-child\" data-id=\"d9500ef\" data-element_type=\"container\">\n\t\t\t\t<div class=\"elementor-element elementor-element-c298903 elementor-widget elementor-widget-image\" data-id=\"c298903\" data-element_type=\"widget\" data-widget_type=\"image.default\">\n\t\t\t\t\t\t\t\t\t\t\t\t\t\t\t<img decoding=\"async\" width=\"315\" height=\"222\" src=\"https:\/\/ztecsg.com\/wp-content\/uploads\/2025\/12\/retractor.png\" class=\"attachment-large size-large wp-image-505\" alt=\"\" srcset=\"https:\/\/ztecsg.com\/wp-content\/uploads\/2025\/12\/retractor.png 315w, https:\/\/ztecsg.com\/wp-content\/uploads\/2025\/12\/retractor-300x211.png 300w\" sizes=\"(max-width: 315px) 100vw, 315px\" \/>\t\t\t\t\t\t\t\t\t\t\t\t\t\t\t<\/div>\n\t\t\t\t<div class=\"elementor-element elementor-element-e71a324 elementor-widget elementor-widget-text-editor\" data-id=\"e71a324\" data-element_type=\"widget\" data-widget_type=\"text-editor.default\">\n\t\t\t\t\t\t\t\t\t<p>M\u00e1y c\u0103ng da d\u00f9ng m\u1ed9t l\u1ea7n<\/p>\t\t\t\t\t\t\t\t<\/div>\n\t\t\t\t<div class=\"elementor-element elementor-element-4d3eaab elementor-align-center elementor-widget elementor-widget-button\" data-id=\"4d3eaab\" data-element_type=\"widget\" data-widget_type=\"button.default\">\n\t\t\t\t\t\t\t\t\t\t<a class=\"elementor-button elementor-button-link elementor-size-sm\" href=\"https:\/\/ztecsg.com\/vi\/our-products\/dsr\/\">\n\t\t\t\t\t\t<span class=\"elementor-button-content-wrapper\">\n\t\t\t\t\t\t\t\t\t<span class=\"elementor-button-text\">\u0110\u1ecdc th\u00eam<\/span>\n\t\t\t\t\t<\/span>\n\t\t\t\t\t<\/a>\n\t\t\t\t\t\t\t\t<\/div>\n\t\t\t\t<\/div>\n\t\t<div class=\"elementor-element elementor-element-3b1388c e-con-full e-flex e-con e-child\" data-id=\"3b1388c\" data-element_type=\"container\">\n\t\t\t\t<div class=\"elementor-element elementor-element-0bf9f16 elementor-widget elementor-widget-spacer\" data-id=\"0bf9f16\" data-element_type=\"widget\" data-widget_type=\"spacer.default\">\n\t\t\t\t\t\t\t<div class=\"elementor-spacer\">\n\t\t\t<div class=\"elementor-spacer-inner\"><\/div>\n\t\t<\/div>\n\t\t\t\t\t\t<\/div>\n\t\t\t\t<\/div>\n\t\t\t\t\t<\/div>\n\t\t\t\t<\/div>\n\t\t<div class=\"elementor-element elementor-element-2fe9f92 e-flex e-con-boxed e-con e-parent\" data-id=\"2fe9f92\" data-element_type=\"container\">\n\t\t\t\t\t<div class=\"e-con-inner\">\n\t\t<div class=\"elementor-element elementor-element-1ffe514 e-con-full e-flex e-con e-child\" data-id=\"1ffe514\" data-element_type=\"container\">\n\t\t\t\t<div class=\"elementor-element elementor-element-d9eec2c elementor-widget elementor-widget-image\" data-id=\"d9eec2c\" data-element_type=\"widget\" data-widget_type=\"image.default\">\n\t\t\t\t\t\t\t\t\t\t\t\t\t\t\t<img loading=\"lazy\" decoding=\"async\" width=\"298\" height=\"191\" src=\"https:\/\/ztecsg.com\/wp-content\/uploads\/2025\/12\/TROCAR1.png\" class=\"attachment-large size-large wp-image-570\" alt=\"\" \/>\t\t\t\t\t\t\t\t\t\t\t\t\t\t\t<\/div>\n\t\t\t\t<div class=\"elementor-element elementor-element-d0b3df9 elementor-widget elementor-widget-text-editor\" data-id=\"d0b3df9\" data-element_type=\"widget\" data-widget_type=\"text-editor.default\">\n\t\t\t\t\t\t\t\t\t<p>Trocar quang h\u1ecdc<\/p>\t\t\t\t\t\t\t\t<\/div>\n\t\t\t\t<div class=\"elementor-element elementor-element-01a1152 elementor-align-center elementor-widget elementor-widget-button\" data-id=\"01a1152\" data-element_type=\"widget\" data-widget_type=\"button.default\">\n\t\t\t\t\t\t\t\t\t\t<a class=\"elementor-button elementor-button-link elementor-size-sm\" href=\"https:\/\/ztecsg.com\/vi\/our-products\/ot\/\">\n\t\t\t\t\t\t<span class=\"elementor-button-content-wrapper\">\n\t\t\t\t\t\t\t\t\t<span class=\"elementor-button-text\">\u0110\u1ecdc th\u00eam<\/span>\n\t\t\t\t\t<\/span>\n\t\t\t\t\t<\/a>\n\t\t\t\t\t\t\t\t<\/div>\n\t\t\t\t<\/div>\n\t\t<div class=\"elementor-element elementor-element-a47e5d2 e-con-full e-flex e-con e-child\" data-id=\"a47e5d2\" data-element_type=\"container\">\n\t\t\t\t<div class=\"elementor-element elementor-element-8211a2d elementor-widget elementor-widget-image\" data-id=\"8211a2d\" data-element_type=\"widget\" data-widget_type=\"image.default\">\n\t\t\t\t\t\t\t\t\t\t\t\t\t\t\t<img loading=\"lazy\" decoding=\"async\" width=\"294\" height=\"191\" src=\"https:\/\/ztecsg.com\/wp-content\/uploads\/2025\/12\/TROCAR2.png\" class=\"attachment-large size-large wp-image-571\" alt=\"\" \/>\t\t\t\t\t\t\t\t\t\t\t\t\t\t\t<\/div>\n\t\t\t\t<div class=\"elementor-element elementor-element-bb27bde elementor-widget elementor-widget-text-editor\" data-id=\"bb27bde\" data-element_type=\"widget\" data-widget_type=\"text-editor.default\">\n\t\t\t\t\t\t\t\t\t<p>Trocar kh\u00f4ng l\u01b0\u1ee1i<\/p>\t\t\t\t\t\t\t\t<\/div>\n\t\t\t\t<div class=\"elementor-element elementor-element-2b5afa4 elementor-align-center elementor-widget elementor-widget-button\" data-id=\"2b5afa4\" data-element_type=\"widget\" data-widget_type=\"button.default\">\n\t\t\t\t\t\t\t\t\t\t<a class=\"elementor-button elementor-button-link elementor-size-sm\" href=\"https:\/\/ztecsg.com\/vi\/our-products\/blt\/\">\n\t\t\t\t\t\t<span class=\"elementor-button-content-wrapper\">\n\t\t\t\t\t\t\t\t\t<span class=\"elementor-button-text\">\u0110\u1ecdc th\u00eam<\/span>\n\t\t\t\t\t<\/span>\n\t\t\t\t\t<\/a>\n\t\t\t\t\t\t\t\t<\/div>\n\t\t\t\t<\/div>\n\t\t<div class=\"elementor-element elementor-element-964e405 e-con-full e-flex e-con e-child\" data-id=\"964e405\" data-element_type=\"container\">\n\t\t\t\t<div class=\"elementor-element elementor-element-89c45a1 elementor-widget elementor-widget-image\" data-id=\"89c45a1\" data-element_type=\"widget\" data-widget_type=\"image.default\">\n\t\t\t\t\t\t\t\t\t\t\t\t\t\t\t<img loading=\"lazy\" decoding=\"async\" width=\"260\" height=\"183\" src=\"https:\/\/ztecsg.com\/wp-content\/uploads\/2025\/12\/TROCAR3.png\" class=\"attachment-large size-large wp-image-572\" alt=\"\" \/>\t\t\t\t\t\t\t\t\t\t\t\t\t\t\t<\/div>\n\t\t\t\t<div class=\"elementor-element elementor-element-2cace5b elementor-widget elementor-widget-text-editor\" data-id=\"2cace5b\" data-element_type=\"widget\" data-widget_type=\"text-editor.default\">\n\t\t\t\t\t\t\t\t\t<p>Trocar c\u00f3 l\u01b0\u1ee1i<\/p>\t\t\t\t\t\t\t\t<\/div>\n\t\t\t\t<div class=\"elementor-element elementor-element-ace10fc elementor-align-center elementor-widget elementor-widget-button\" data-id=\"ace10fc\" data-element_type=\"widget\" data-widget_type=\"button.default\">\n\t\t\t\t\t\t\t\t\t\t<a class=\"elementor-button elementor-button-link elementor-size-sm\" href=\"https:\/\/ztecsg.com\/vi\/our-products\/bt\/\">\n\t\t\t\t\t\t<span class=\"elementor-button-content-wrapper\">\n\t\t\t\t\t\t\t\t\t<span class=\"elementor-button-text\">\u0110\u1ecdc th\u00eam<\/span>\n\t\t\t\t\t<\/span>\n\t\t\t\t\t<\/a>\n\t\t\t\t\t\t\t\t<\/div>\n\t\t\t\t<\/div>\n\t\t<div class=\"elementor-element elementor-element-876fa36 e-con-full e-flex e-con e-child\" data-id=\"876fa36\" data-element_type=\"container\">\n\t\t\t\t<div class=\"elementor-element elementor-element-7f990e0 elementor-widget elementor-widget-spacer\" data-id=\"7f990e0\" data-element_type=\"widget\" data-widget_type=\"spacer.default\">\n\t\t\t\t\t\t\t<div class=\"elementor-spacer\">\n\t\t\t<div class=\"elementor-spacer-inner\"><\/div>\n\t\t<\/div>\n\t\t\t\t\t\t<\/div>\n\t\t\t\t<\/div>\n\t\t\t\t\t<\/div>\n\t\t\t\t<\/div>\n\t\t<div class=\"elementor-element elementor-element-f740a79 e-flex e-con-boxed e-con e-parent\" data-id=\"f740a79\" data-element_type=\"container\">\n\t\t\t\t\t<div class=\"e-con-inner\">\n\t\t\t\t<div class=\"elementor-element elementor-element-33baeb6 elementor-widget elementor-widget-spacer\" data-id=\"33baeb6\" data-element_type=\"widget\" data-widget_type=\"spacer.default\">\n\t\t\t\t\t\t\t<div class=\"elementor-spacer\">\n\t\t\t<div class=\"elementor-spacer-inner\"><\/div>\n\t\t<\/div>\n\t\t\t\t\t\t<\/div>\n\t\t<div class=\"elementor-element elementor-element-66db133 e-con-full e-flex e-con e-child\" data-id=\"66db133\" data-element_type=\"container\">\n\t\t<div class=\"elementor-element elementor-element-f871542 e-con-full e-flex e-con e-child\" data-id=\"f871542\" data-element_type=\"container\">\n\t\t\t\t<div class=\"elementor-element elementor-element-8fe6780 elementor-widget elementor-widget-image\" data-id=\"8fe6780\" data-element_type=\"widget\" data-widget_type=\"image.default\">\n\t\t\t\t\t\t\t\t\t\t\t\t\t\t\t<img decoding=\"async\" src=\"https:\/\/ztecsg.com\/wp-content\/uploads\/elementor\/thumbs\/TROCAR4-rfxg32ho4xn19nvhmamkhjh7rijk8nd4ob36147eds.png\" title=\"TROCAR4\" alt=\"TROCAR4\" loading=\"lazy\" \/>\t\t\t\t\t\t\t\t\t\t\t\t\t\t\t<\/div>\n\t\t\t\t<div class=\"elementor-element elementor-element-b6ccc02 elementor-widget elementor-widget-text-editor\" data-id=\"b6ccc02\" data-element_type=\"widget\" data-widget_type=\"text-editor.default\">\n\t\t\t\t\t\t\t\t\t<p>Trocar b\u00f3ng<\/p>\t\t\t\t\t\t\t\t<\/div>\n\t\t\t\t<div class=\"elementor-element elementor-element-35fcdf2 elementor-align-center elementor-widget elementor-widget-button\" data-id=\"35fcdf2\" data-element_type=\"widget\" data-widget_type=\"button.default\">\n\t\t\t\t\t\t\t\t\t\t<a class=\"elementor-button elementor-button-link elementor-size-sm\" href=\"https:\/\/ztecsg.com\/vi\/our-products\/blnt\/\">\n\t\t\t\t\t\t<span class=\"elementor-button-content-wrapper\">\n\t\t\t\t\t\t\t\t\t<span class=\"elementor-button-text\">\u0110\u1ecdc th\u00eam<\/span>\n\t\t\t\t\t<\/span>\n\t\t\t\t\t<\/a>\n\t\t\t\t\t\t\t\t<\/div>\n\t\t\t\t<\/div>\n\t\t<div class=\"elementor-element elementor-element-12da5d1 e-con-full e-flex e-con e-child\" data-id=\"12da5d1\" data-element_type=\"container\">\n\t\t\t\t<div class=\"elementor-element elementor-element-386938c elementor-widget elementor-widget-image\" data-id=\"386938c\" data-element_type=\"widget\" data-widget_type=\"image.default\">\n\t\t\t\t\t\t\t\t\t\t\t\t\t\t\t<img decoding=\"async\" src=\"https:\/\/ztecsg.com\/wp-content\/uploads\/elementor\/thumbs\/AMB-rfxg40buyyxcvmic4p94zaxt5dwrxr3gsyknb2t85s.png\" title=\"AMB\" alt=\"AMB\" loading=\"lazy\" \/>\t\t\t\t\t\t\t\t\t\t\t\t\t\t\t<\/div>\n\t\t\t\t<div class=\"elementor-element elementor-element-2a0ef1e elementor-widget elementor-widget-text-editor\" data-id=\"2a0ef1e\" data-element_type=\"widget\" data-widget_type=\"text-editor.default\">\n\t\t\t\t\t\t\t\t\t<p>M\u00e1y b\u01a1m truy\u1ec1n d\u1ecbch ngo\u1ea1i tr\u00fa<\/p>\t\t\t\t\t\t\t\t<\/div>\n\t\t\t\t<div class=\"elementor-element elementor-element-9e76a6c elementor-align-center elementor-widget elementor-widget-button\" data-id=\"9e76a6c\" data-element_type=\"widget\" data-widget_type=\"button.default\">\n\t\t\t\t\t\t\t\t\t\t<a class=\"elementor-button elementor-button-link elementor-size-sm\" href=\"https:\/\/ztecsg.com\/vi\/our-products\/aip\/\">\n\t\t\t\t\t\t<span class=\"elementor-button-content-wrapper\">\n\t\t\t\t\t\t\t\t\t<span class=\"elementor-button-text\">\u0110\u1ecdc th\u00eam<\/span>\n\t\t\t\t\t<\/span>\n\t\t\t\t\t<\/a>\n\t\t\t\t\t\t\t\t<\/div>\n\t\t\t\t<\/div>\n\t\t<div class=\"elementor-element elementor-element-a4ba1c9 e-con-full e-flex e-con e-child\" data-id=\"a4ba1c9\" data-element_type=\"container\">\n\t\t\t\t<div class=\"elementor-element elementor-element-d363f81 elementor-widget elementor-widget-image\" data-id=\"d363f81\" data-element_type=\"widget\" data-widget_type=\"image.default\">\n\t\t\t\t\t\t\t\t\t\t\t\t\t\t\t<img decoding=\"async\" src=\"https:\/\/ztecsg.com\/wp-content\/uploads\/elementor\/thumbs\/monitor-rfvqfk52e7aqp3u3zwe9umk33i82py2c6r68xr3es0.png\" title=\"monitor\" alt=\"monitor\" loading=\"lazy\" \/>\t\t\t\t\t\t\t\t\t\t\t\t\t\t\t<\/div>\n\t\t\t\t<div class=\"elementor-element elementor-element-1c2ae06 elementor-widget elementor-widget-text-editor\" data-id=\"1c2ae06\" data-element_type=\"widget\" data-widget_type=\"text-editor.default\">\n\t\t\t\t\t\t\t\t\t<p>M\u00e1y theo d\u00f5i \u0111\u1ed9 m\u00ea<\/p>\t\t\t\t\t\t\t\t<\/div>\n\t\t\t\t<div class=\"elementor-element elementor-element-eeb3822 elementor-align-center elementor-widget elementor-widget-button\" data-id=\"eeb3822\" data-element_type=\"widget\" data-widget_type=\"button.default\">\n\t\t\t\t\t\t\t\t\t\t<a class=\"elementor-button elementor-button-link elementor-size-sm\" href=\"https:\/\/ztecsg.com\/vi\/our-products\/adm\/\">\n\t\t\t\t\t\t<span class=\"elementor-button-content-wrapper\">\n\t\t\t\t\t\t\t\t\t<span class=\"elementor-button-text\">\u0110\u1ecdc th\u00eam<\/span>\n\t\t\t\t\t<\/span>\n\t\t\t\t\t<\/a>\n\t\t\t\t\t\t\t\t<\/div>\n\t\t\t\t<\/div>\n\t\t<div class=\"elementor-element elementor-element-4682cbe e-con-full e-flex e-con e-child\" data-id=\"4682cbe\" data-element_type=\"container\">\n\t\t\t\t<div class=\"elementor-element elementor-element-a1ae16a elementor-widget elementor-widget-spacer\" data-id=\"a1ae16a\" data-element_type=\"widget\" data-widget_type=\"spacer.default\">\n\t\t\t\t\t\t\t<div class=\"elementor-spacer\">\n\t\t\t<div class=\"elementor-spacer-inner\"><\/div>\n\t\t<\/div>\n\t\t\t\t\t\t<\/div>\n\t\t\t\t<\/div>\n\t\t\t\t<\/div>\n\t\t\t\t\t<\/div>\n\t\t\t\t<\/div>\n\t\t<div class=\"elementor-element elementor-element-641f60a e-flex e-con-boxed e-con e-parent\" data-id=\"641f60a\" data-element_type=\"container\">\n\t\t\t\t\t<div class=\"e-con-inner\">\n\t\t\t\t<div class=\"elementor-element elementor-element-c68130f elementor-widget elementor-widget-spacer\" data-id=\"c68130f\" data-element_type=\"widget\" data-widget_type=\"spacer.default\">\n\t\t\t\t\t\t\t<div class=\"elementor-spacer\">\n\t\t\t<div class=\"elementor-spacer-inner\"><\/div>\n\t\t<\/div>\n\t\t\t\t\t\t<\/div>\n\t\t<div class=\"elementor-element elementor-element-0f79575 e-con-full e-flex e-con e-child\" data-id=\"0f79575\" data-element_type=\"container\">\n\t\t<div class=\"elementor-element elementor-element-0c10ef8 e-con-full e-flex e-con e-child\" data-id=\"0c10ef8\" data-element_type=\"container\">\n\t\t\t\t<div class=\"elementor-element elementor-element-e356c7c elementor-widget elementor-widget-image\" data-id=\"e356c7c\" data-element_type=\"widget\" data-widget_type=\"image.default\">\n\t\t\t\t\t\t\t\t\t\t\t\t\t\t\t<img loading=\"lazy\" decoding=\"async\" width=\"310\" height=\"229\" src=\"https:\/\/ztecsg.com\/wp-content\/uploads\/2025\/12\/obs.png\" class=\"attachment-full size-full wp-image-1094\" alt=\"\" srcset=\"https:\/\/ztecsg.com\/wp-content\/uploads\/2025\/12\/obs.png 310w, https:\/\/ztecsg.com\/wp-content\/uploads\/2025\/12\/obs-300x222.png 300w\" sizes=\"(max-width: 310px) 100vw, 310px\" \/>\t\t\t\t\t\t\t\t\t\t\t\t\t\t\t<\/div>\n\t\t\t\t<div class=\"elementor-element elementor-element-4f8d214 elementor-widget elementor-widget-text-editor\" data-id=\"4f8d214\" data-element_type=\"widget\" data-widget_type=\"text-editor.default\">\n\t\t\t\t\t\t\t\t\t<p>Trocar d\u00f9ng m\u1ed9t l\u1ea7n<\/p>\t\t\t\t\t\t\t\t<\/div>\n\t\t\t\t<div class=\"elementor-element elementor-element-2670eb1 elementor-align-center elementor-widget elementor-widget-button\" data-id=\"2670eb1\" data-element_type=\"widget\" data-widget_type=\"button.default\">\n\t\t\t\t\t\t\t\t\t\t<a class=\"elementor-button elementor-button-link elementor-size-sm\" href=\"https:\/\/ztecsg.com\/vi\/our-products\/obsdt\/\">\n\t\t\t\t\t\t<span class=\"elementor-button-content-wrapper\">\n\t\t\t\t\t\t\t\t\t<span class=\"elementor-button-text\">\u0110\u1ecdc th\u00eam<\/span>\n\t\t\t\t\t<\/span>\n\t\t\t\t\t<\/a>\n\t\t\t\t\t\t\t\t<\/div>\n\t\t\t\t<\/div>\n\t\t<div class=\"elementor-element elementor-element-f071482 e-con-full e-flex e-con e-child\" data-id=\"f071482\" data-element_type=\"container\">\n\t\t\t\t<div class=\"elementor-element elementor-element-88457d6 elementor-widget elementor-widget-spacer\" data-id=\"88457d6\" data-element_type=\"widget\" data-widget_type=\"spacer.default\">\n\t\t\t\t\t\t\t<div class=\"elementor-spacer\">\n\t\t\t<div class=\"elementor-spacer-inner\"><\/div>\n\t\t<\/div>\n\t\t\t\t\t\t<\/div>\n\t\t\t\t<\/div>\n\t\t\t\t<\/div>\n\t\t\t\t\t<\/div>\n\t\t\t\t<\/div>\n\t\t\t\t<\/div>","protected":false},"excerpt":{"rendered":"<p>Surgical Solutions Ultrasonic Scalpel System Read more Cold Light Source 4K Endoscope Camera Read more Disposable Skin Retractor Read more Optical Trocar Read more Bladeless Trocar Read more Bladed Trocar [&hellip;]<\/p>\n","protected":false},"author":2,"featured_media":0,"parent":0,"menu_order":0,"comment_status":"closed","ping_status":"closed","template":"","meta":{"site-sidebar-layout":"default","site-content-layout":"","ast-site-content-layout":"default","site-content-style":"default","site-sidebar-style":"default","ast-global-header-display":"","ast-banner-title-visibility":"","ast-main-header-display":"","ast-hfb-above-header-display":"","ast-hfb-below-header-display":"","ast-hfb-mobile-header-display":"","site-post-title":"","ast-breadcrumbs-content":"","ast-featured-img":"","footer-sml-layout":"","ast-disable-related-posts":"","theme-transparent-header-meta":"","adv-header-id-meta":"","stick-header-meta":"","header-above-stick-meta":"","header-main-stick-meta":"","header-below-stick-meta":"","astra-migrate-meta-layouts":"default","ast-page-background-enabled":"default","ast-page-background-meta":{"desktop":{"background-color":"var(--ast-global-color-5)","background-image":"","background-repeat":"repeat","background-position":"center center","background-size":"auto","background-attachment":"scroll","background-type":"","background-media":"","overlay-type":"","overlay-color":"","overlay-opacity":"","overlay-gradient":""},"tablet":{"background-color":"","background-image":"","background-repeat":"repeat","background-position":"center center","background-size":"auto","background-attachment":"scroll","background-type":"","background-media":"","overlay-type":"","overlay-color":"","overlay-opacity":"","overlay-gradient":""},"mobile":{"background-color":"","background-image":"","background-repeat":"repeat","background-position":"center center","background-size":"auto","background-attachment":"scroll","background-type":"","background-media":"","overlay-type":"","overlay-color":"","overlay-opacity":"","overlay-gradient":""}},"ast-content-background-meta":{"desktop":{"background-color":"var(--ast-global-color-4)","background-image":"","background-repeat":"repeat","background-position":"center center","background-size":"auto","background-attachment":"scroll","background-type":"","background-media":"","overlay-type":"","overlay-color":"","overlay-opacity":"","overlay-gradient":""},"tablet":{"background-color":"var(--ast-global-color-4)","background-image":"","background-repeat":"repeat","background-position":"center center","background-size":"auto","background-attachment":"scroll","background-type":"","background-media":"","overlay-type":"","overlay-color":"","overlay-opacity":"","overlay-gradient":""},"mobile":{"background-color":"var(--ast-global-color-4)","background-image":"","background-repeat":"repeat","background-position":"center center","background-size":"auto","background-attachment":"scroll","background-type":"","background-media":"","overlay-type":"","overlay-color":"","overlay-opacity":"","overlay-gradient":""}},"footnotes":""},"class_list":["post-1045","page","type-page","status-publish","hentry"],"aioseo_notices":[],"_links":{"self":[{"href":"https:\/\/ztecsg.com\/vi\/wp-json\/wp\/v2\/pages\/1045","targetHints":{"allow":["GET"]}}],"collection":[{"href":"https:\/\/ztecsg.com\/vi\/wp-json\/wp\/v2\/pages"}],"about":[{"href":"https:\/\/ztecsg.com\/vi\/wp-json\/wp\/v2\/types\/page"}],"author":[{"embeddable":true,"href":"https:\/\/ztecsg.com\/vi\/wp-json\/wp\/v2\/users\/2"}],"replies":[{"embeddable":true,"href":"https:\/\/ztecsg.com\/vi\/wp-json\/wp\/v2\/comments?post=1045"}],"version-history":[{"count":13,"href":"https:\/\/ztecsg.com\/vi\/wp-json\/wp\/v2\/pages\/1045\/revisions"}],"predecessor-version":[{"id":1319,"href":"https:\/\/ztecsg.com\/vi\/wp-json\/wp\/v2\/pages\/1045\/revisions\/1319"}],"wp:attachment":[{"href":"https:\/\/ztecsg.com\/vi\/wp-json\/wp\/v2\/media?parent=1045"}],"curies":[{"name":"wp","href":"https:\/\/api.w.org\/{rel}","templated":true}]}}