{"id":1098,"date":"2025-12-19T16:12:43","date_gmt":"2025-12-19T08:12:43","guid":{"rendered":"https:\/\/ztecsg.com\/?page_id=1098"},"modified":"2025-12-19T16:23:02","modified_gmt":"2025-12-19T08:23:02","slug":"obsdt","status":"publish","type":"page","link":"https:\/\/ztecsg.com\/vi\/our-products\/obsdt\/","title":{"rendered":"Trocar d\u00f9ng m\u1ed9t l\u1ea7n"},"content":{"rendered":"<div data-elementor-type=\"wp-page\" data-elementor-id=\"1098\" class=\"elementor elementor-1098\">\n\t\t\t\t<div class=\"elementor-element elementor-element-9a69163 e-flex e-con-boxed e-con e-parent\" data-id=\"9a69163\" data-element_type=\"container\">\n\t\t\t\t\t<div class=\"e-con-inner\">\n\t\t<div class=\"elementor-element elementor-element-607eb90 e-con-full e-flex e-con e-child\" data-id=\"607eb90\" data-element_type=\"container\">\n\t\t\t\t<div class=\"elementor-element elementor-element-67bfa8f elementor-widget elementor-widget-spacer\" data-id=\"67bfa8f\" data-element_type=\"widget\" data-widget_type=\"spacer.default\">\n\t\t\t\t\t\t\t<div class=\"elementor-spacer\">\n\t\t\t<div class=\"elementor-spacer-inner\"><\/div>\n\t\t<\/div>\n\t\t\t\t\t\t<\/div>\n\t\t\t\t<div class=\"elementor-element elementor-element-c069945 elementor-widget elementor-widget-heading\" data-id=\"c069945\" data-element_type=\"widget\" data-widget_type=\"heading.default\">\n\t\t\t\t\t<h2 class=\"elementor-heading-title elementor-size-default\">Trocar d\u00f9ng m\u1ed9t l\u1ea7n<\/h2>\t\t\t\t<\/div>\n\t\t\t\t<div class=\"elementor-element elementor-element-7e573f3 elementor-widget-divider--view-line elementor-widget elementor-widget-divider\" data-id=\"7e573f3\" data-element_type=\"widget\" data-widget_type=\"divider.default\">\n\t\t\t\t\t\t\t<div class=\"elementor-divider\">\n\t\t\t<span class=\"elementor-divider-separator\">\n\t\t\t\t\t\t<\/span>\n\t\t<\/div>\n\t\t\t\t\t\t<\/div>\n\t\t\t\t<\/div>\n\t\t<div class=\"elementor-element elementor-element-b052649 e-con-full e-flex e-con e-child\" data-id=\"b052649\" data-element_type=\"container\">\n\t\t\t\t<div class=\"elementor-element elementor-element-8fe663a elementor-widget elementor-widget-image\" data-id=\"8fe663a\" data-element_type=\"widget\" data-widget_type=\"image.default\">\n\t\t\t\t\t\t\t\t\t\t\t\t\t\t\t<img decoding=\"async\" src=\"https:\/\/ztecsg.com\/wp-content\/uploads\/2025\/12\/obs-logo-1.png\" title=\"\" alt=\"\" loading=\"lazy\" \/>\t\t\t\t\t\t\t\t\t\t\t\t\t\t\t<\/div>\n\t\t\t\t<\/div>\n\t\t\t\t\t<\/div>\n\t\t\t\t<\/div>\n\t\t<div class=\"elementor-element elementor-element-99a4757 e-flex e-con-boxed e-con e-parent\" data-id=\"99a4757\" data-element_type=\"container\">\n\t\t\t\t\t<div class=\"e-con-inner\">\n\t\t\t\t<div class=\"elementor-element elementor-element-7450fef elementor-widget elementor-widget-text-editor\" data-id=\"7450fef\" data-element_type=\"widget\" data-widget_type=\"text-editor.default\">\n\t\t\t\t\t\t\t\t\t<h3><b>T\u1ed5ng quan S\u1ea3n ph\u1ea9m<\/b><\/h3><p>Thi\u1ebft b\u1ecb n\u00e0y \u0111\u01b0\u1ee3c \u1ee9ng d\u1ee5ng trong m\u1ecdi lo\u1ea1i ph\u1eabu thu\u1eadt n\u1ed9i soi \u1ed5 b\u1ee5ng, d\u00f9ng \u0111\u1ec3 v\u00e0o khoang b\u1ee5ng, cung c\u1ea5p kh\u00ed t\u1ea1o tr\u00e0n kh\u00ed ph\u00fac m\u1ea1c, v\u00e0 thi\u1ebft l\u1eadp \u0111\u01b0\u1eddng ti\u1ebfp c\u1eadn cho \u1ed1ng n\u1ed9i soi c\u00f9ng c\u00e1c d\u1ee5ng c\u1ee5 ph\u1eabu thu\u1eadt trong qu\u00e1 tr\u00ecnh ph\u1eabu thu\u1eadt n\u1ed9i soi.<\/p><p><strong>T\u00ednh n\u0103ng &amp; L\u1ee3i \u00edch<\/strong><\/p><p>\u2022 \u0110\u01b0\u1ee3c c\u1ea5u t\u1ea1o t\u1eeb v\u1eadt li\u1ec7u PC t\u01b0\u01a1ng th\u00edch sinh h\u1ecdc.<\/p><p>\u2022 Tay c\u1ea7m tu\u00e2n th\u1ee7 thi\u1ebft k\u1ebf c\u00f4ng th\u00e1i h\u1ecdc, gi\u00fap b\u00e1c s\u0129 ph\u1eabu thu\u1eadt tr\u1ea3i nghi\u1ec7m thao t\u00e1c tho\u1ea3i m\u00e1i h\u01a1n.<\/p><p>\u2022 Thi\u1ebft k\u1ebf \u0111\u1ea7u ch\u1ecdc kh\u00f4ng l\u01b0\u1ee1i c\u00f3 th\u1ec3 tr\u00e1nh g\u00e2y t\u1ed5n th\u01b0\u01a1ng th\u00e0nh b\u1ee5ng v\u00e0 m\u1ea1ch m\u00e1u.<\/p><p>\u2022 \u1ed0ng cannula c\u00f3 thi\u1ebft k\u1ebf ren xo\u1eafn gi\u00fap t\u0103ng l\u1ef1c c\u1ed1 \u0111\u1ecbnh gi\u1eefa thi\u1ebft b\u1ecb v\u00e0 th\u00e0nh b\u1ee5ng, nh\u1edd \u0111\u00f3 tr\u00e1nh t\u00ecnh tr\u1ea1ng tu\u1ed9t ra ngo\u00e0i \u00fd mu\u1ed1n.<\/p><p>\u2022 Thi\u1ebft k\u1ebf k\u00e9p ni\u00eam phong ng\u0103n ng\u1eeba r\u00f2 r\u1ec9 kh\u00ed, \u0111\u1ea3m b\u1ea3o quy tr\u00ecnh ph\u1eabu thu\u1eadt di\u1ec5n ra th\u00e0nh c\u00f4ng.<\/p>\t\t\t\t\t\t\t\t<\/div>\n\t\t\t\t\t<\/div>\n\t\t\t\t<\/div>\n\t\t<div class=\"elementor-element elementor-element-78cdb69 e-flex e-con-boxed e-con e-parent\" data-id=\"78cdb69\" data-element_type=\"container\">\n\t\t\t\t\t<div class=\"e-con-inner\">\n\t\t\t\t<div class=\"elementor-element elementor-element-0c0a218 elementor-widget elementor-widget-image\" data-id=\"0c0a218\" data-element_type=\"widget\" data-widget_type=\"image.default\">\n\t\t\t\t\t\t\t\t\t\t\t\t\t\t\t<img fetchpriority=\"high\" decoding=\"async\" width=\"1000\" height=\"841\" src=\"https:\/\/ztecsg.com\/wp-content\/uploads\/2025\/12\/BNT.png\" class=\"attachment-large size-large wp-image-931\" alt=\"\" srcset=\"https:\/\/ztecsg.com\/wp-content\/uploads\/2025\/12\/BNT.png 1000w, https:\/\/ztecsg.com\/wp-content\/uploads\/2025\/12\/BNT-300x252.png 300w, https:\/\/ztecsg.com\/wp-content\/uploads\/2025\/12\/BNT-768x646.png 768w\" sizes=\"(max-width: 1000px) 100vw, 1000px\" \/>\t\t\t\t\t\t\t\t\t\t\t\t\t\t\t<\/div>\n\t\t\t\t\t<\/div>\n\t\t\t\t<\/div>\n\t\t\t\t<\/div>","protected":false},"excerpt":{"rendered":"<p>Disposable\u00a0Trocar Product Overview: This device is applied in all kinds of laparoscopic surgery, for entering abdominal cavity, supplying gas to create pneumoperitoneum, and establishing access passage for endoscopes and surgical [&hellip;]<\/p>\n","protected":false},"author":2,"featured_media":0,"parent":373,"menu_order":0,"comment_status":"closed","ping_status":"closed","template":"","meta":{"site-sidebar-layout":"default","site-content-layout":"","ast-site-content-layout":"default","site-content-style":"default","site-sidebar-style":"default","ast-global-header-display":"","ast-banner-title-visibility":"","ast-main-header-display":"","ast-hfb-above-header-display":"","ast-hfb-below-header-display":"","ast-hfb-mobile-header-display":"","site-post-title":"disabled","ast-breadcrumbs-content":"","ast-featured-img":"","footer-sml-layout":"","ast-disable-related-posts":"","theme-transparent-header-meta":"","adv-header-id-meta":"","stick-header-meta":"","header-above-stick-meta":"","header-main-stick-meta":"","header-below-stick-meta":"","astra-migrate-meta-layouts":"default","ast-page-background-enabled":"default","ast-page-background-meta":{"desktop":{"background-color":"var(--ast-global-color-5)","background-image":"","background-repeat":"repeat","background-position":"center center","background-size":"auto","background-attachment":"scroll","background-type":"","background-media":"","overlay-type":"","overlay-color":"","overlay-opacity":"","overlay-gradient":""},"tablet":{"background-color":"","background-image":"","background-repeat":"repeat","background-position":"center center","background-size":"auto","background-attachment":"scroll","background-type":"","background-media":"","overlay-type":"","overlay-color":"","overlay-opacity":"","overlay-gradient":""},"mobile":{"background-color":"","background-image":"","background-repeat":"repeat","background-position":"center center","background-size":"auto","background-attachment":"scroll","background-type":"","background-media":"","overlay-type":"","overlay-color":"","overlay-opacity":"","overlay-gradient":""}},"ast-content-background-meta":{"desktop":{"background-color":"var(--ast-global-color-4)","background-image":"","background-repeat":"repeat","background-position":"center center","background-size":"auto","background-attachment":"scroll","background-type":"","background-media":"","overlay-type":"","overlay-color":"","overlay-opacity":"","overlay-gradient":""},"tablet":{"background-color":"var(--ast-global-color-4)","background-image":"","background-repeat":"repeat","background-position":"center center","background-size":"auto","background-attachment":"scroll","background-type":"","background-media":"","overlay-type":"","overlay-color":"","overlay-opacity":"","overlay-gradient":""},"mobile":{"background-color":"var(--ast-global-color-4)","background-image":"","background-repeat":"repeat","background-position":"center center","background-size":"auto","background-attachment":"scroll","background-type":"","background-media":"","overlay-type":"","overlay-color":"","overlay-opacity":"","overlay-gradient":""}},"footnotes":""},"class_list":["post-1098","page","type-page","status-publish","hentry"],"aioseo_notices":[],"_links":{"self":[{"href":"https:\/\/ztecsg.com\/vi\/wp-json\/wp\/v2\/pages\/1098","targetHints":{"allow":["GET"]}}],"collection":[{"href":"https:\/\/ztecsg.com\/vi\/wp-json\/wp\/v2\/pages"}],"about":[{"href":"https:\/\/ztecsg.com\/vi\/wp-json\/wp\/v2\/types\/page"}],"author":[{"embeddable":true,"href":"https:\/\/ztecsg.com\/vi\/wp-json\/wp\/v2\/users\/2"}],"replies":[{"embeddable":true,"href":"https:\/\/ztecsg.com\/vi\/wp-json\/wp\/v2\/comments?post=1098"}],"version-history":[{"count":4,"href":"https:\/\/ztecsg.com\/vi\/wp-json\/wp\/v2\/pages\/1098\/revisions"}],"predecessor-version":[{"id":1102,"href":"https:\/\/ztecsg.com\/vi\/wp-json\/wp\/v2\/pages\/1098\/revisions\/1102"}],"up":[{"embeddable":true,"href":"https:\/\/ztecsg.com\/vi\/wp-json\/wp\/v2\/pages\/373"}],"wp:attachment":[{"href":"https:\/\/ztecsg.com\/vi\/wp-json\/wp\/v2\/media?parent=1098"}],"curies":[{"name":"wp","href":"https:\/\/api.w.org\/{rel}","templated":true}]}}