{"id":1184,"date":"2025-12-23T11:11:53","date_gmt":"2025-12-23T03:11:53","guid":{"rendered":"https:\/\/ztecsg.com\/?page_id=1184"},"modified":"2025-12-23T13:39:16","modified_gmt":"2025-12-23T05:39:16","slug":"suvlp","status":"publish","type":"page","link":"https:\/\/ztecsg.com\/vi\/our-products\/suvlp\/","title":{"rendered":"M\u00e1y in laser UV cho lam k\u00ednh"},"content":{"rendered":"<div data-elementor-type=\"wp-page\" data-elementor-id=\"1184\" class=\"elementor elementor-1184\">\n\t\t\t\t<div class=\"elementor-element elementor-element-e723596 e-flex e-con-boxed e-con e-parent\" data-id=\"e723596\" data-element_type=\"container\">\n\t\t\t\t\t<div class=\"e-con-inner\">\n\t\t\t\t<div class=\"elementor-element elementor-element-c069945 elementor-widget elementor-widget-heading\" data-id=\"c069945\" data-element_type=\"widget\" data-widget_type=\"heading.default\">\n\t\t\t\t\t<h2 class=\"elementor-heading-title elementor-size-default\">WLB\u2011150P\u200b<\/h2>\t\t\t\t<\/div>\n\t\t\t\t\t<\/div>\n\t\t\t\t<\/div>\n\t\t<div class=\"elementor-element elementor-element-817a3ea e-flex e-con-boxed e-con e-parent\" data-id=\"817a3ea\" data-element_type=\"container\">\n\t\t\t\t\t<div class=\"e-con-inner\">\n\t\t\t\t<div class=\"elementor-element elementor-element-7e573f3 elementor-widget-divider--view-line elementor-widget elementor-widget-divider\" data-id=\"7e573f3\" data-element_type=\"widget\" data-widget_type=\"divider.default\">\n\t\t\t\t\t\t\t<div class=\"elementor-divider\">\n\t\t\t<span class=\"elementor-divider-separator\">\n\t\t\t\t\t\t<\/span>\n\t\t<\/div>\n\t\t\t\t\t\t<\/div>\n\t\t\t\t\t<\/div>\n\t\t\t\t<\/div>\n\t\t<div class=\"elementor-element elementor-element-6351c5c e-flex e-con-boxed e-con e-parent\" data-id=\"6351c5c\" data-element_type=\"container\">\n\t\t\t\t\t<div class=\"e-con-inner\">\n\t\t\t\t<div class=\"elementor-element elementor-element-07b4f89 elementor-widget elementor-widget-text-editor\" data-id=\"07b4f89\" data-element_type=\"widget\" data-widget_type=\"text-editor.default\">\n\t\t\t\t\t\t\t\t\t<h3><strong>T\u1ed5ng quan S\u1ea3n ph\u1ea9m<\/strong><\/h3><p>M\u00e1y in Laser UV Lam k\u00ednh WLB\u2011150P \u0111\u01b0\u1ee3c thi\u1ebft k\u1ebf \u0111\u1eb7c bi\u1ec7t \u0111\u1ec3 t\u1ed1i \u01b0u h\u00f3a vi\u1ec7c \u0111\u1ecbnh danh lam k\u00ednh trong quy tr\u00ecnh gi\u1ea3i ph\u1eabu b\u1ec7nh. S\u1eed d\u1ee5ng c\u00f4ng ngh\u1ec7 kh\u1eafc laser UV ti\u00ean ti\u1ebfn, m\u00e1y t\u1ea1o ra c\u00e1c d\u1ea5u hi\u1ec7u v\u0129nh vi\u1ec5n v\u1edbi \u0111\u1ed9 ph\u00e2n gi\u1ea3i cao m\u00e0 kh\u00f4ng c\u1ea7n h\u1ed9p m\u1ef1c hay ruy-b\u0103ng. Thi\u1ebft k\u1ebf nh\u1ecf g\u1ecdn, ph\u1ea7n m\u1ec1m th\u00f4ng minh v\u00e0 t\u1ed1c \u0111\u1ed9 in nhanh gi\u00fap m\u00e1y tr\u1edf th\u00e0nh l\u1ef1a ch\u1ecdn l\u00fd t\u01b0\u1edfng cho c\u00e1c ph\u00f2ng x\u00e9t nghi\u1ec7m th\u00f4ng l\u01b0\u1ee3ng cao, h\u01b0\u1edbng t\u1edbi vi\u1ec7c ghi nh\u00e3n lam k\u00ednh b\u1ec1n b\u1ec9, hi\u1ec7u qu\u1ea3 v\u00e0 kh\u00f4ng c\u1ea7n b\u1ea3o tr\u00ec.<\/p>\t\t\t\t\t\t\t\t<\/div>\n\t\t\t\t\t<\/div>\n\t\t\t\t<\/div>\n\t\t<div class=\"elementor-element elementor-element-2a91746 e-flex e-con-boxed e-con e-parent\" data-id=\"2a91746\" data-element_type=\"container\">\n\t\t\t\t\t<div class=\"e-con-inner\">\n\t\t<div class=\"elementor-element elementor-element-b2f6136 e-con-full e-flex e-con e-child\" data-id=\"b2f6136\" data-element_type=\"container\">\n\t\t\t\t<div class=\"elementor-element elementor-element-35cea81 elementor-widget__width-initial elementor-widget elementor-widget-text-editor\" data-id=\"35cea81\" data-element_type=\"widget\" data-widget_type=\"text-editor.default\">\n\t\t\t\t\t\t\t\t\t<h3><strong>Th\u00f4ng s\u1ed1 K\u1ef9 thu\u1eadt:<\/strong><\/h3><p><strong>B\u1ea3o qu\u1ea3n L\u00e2u d\u00e0i<\/strong><br \/>Kh\u1eafc laser UV \u0111\u1ea3m b\u1ea3o \u0111\u1ed9 \u1ed5n \u0111\u1ecbnh l\u01b0u tr\u1eef si\u00eau l\u00e2u d\u00e0i\nKh\u00e1ng xylen, c\u1ed3n v\u00e0 c\u00e1c dung d\u1ecbch kh\u1eed kho\u00e1ng\nKh\u00f4ng phai, kh\u00f4ng nh\u00f2e v\u00e0 kh\u00f4ng b\u1ecb xu\u1ed1ng c\u1ea5p do h\u00f3a ch\u1ea5t<\/p><p><strong>In \u1ea5n \u0110\u1ed9 ph\u00e2n gi\u1ea3i Cao<\/strong><br \/>H\u1ed7 tr\u1ee3 v\u0103n b\u1ea3n, k\u00fd hi\u1ec7u, ch\u1eef s\u1ed1, \u0111\u1ed3 h\u1ecda, logo, m\u00e3 v\u1ea1ch, m\u00e3 QR\n\u0110\u1ed9 ph\u00e2n gi\u1ea3i in: l\u00ean \u0111\u1ebfn 2500 dpi\n\u0110\u1ea3m b\u1ea3o kh\u1ea3 n\u0103ng theo d\u00f5i v\u00e0 truy xu\u1ea5t ngu\u1ed3n g\u1ed1c m\u1eabu v\u1eadt<\/p><p><strong>Dung l\u01b0\u1ee3ng N\u1ea1p L\u1edbn<\/strong><br \/>Dung l\u01b0\u1ee3ng n\u1ea1p lam k\u00ednh \u0111\u1ea7u v\u00e0o: l\u00ean \u0111\u1ebfn 155 lam k\u00ednh\nDung l\u01b0\u1ee3ng h\u00e0ng \u0111\u1ee3i in: l\u00ean \u0111\u1ebfn 35 lam k\u00ednh\nL\u00fd t\u01b0\u1edfng cho c\u00e1c ho\u1ea1t \u0111\u1ed9ng h\u00e0ng lo\u1ea1t li\u00ean t\u1ee5c<\/p><p><strong>Ch\u1ea5t l\u01b0\u1ee3ng Cao &amp; Hi\u1ec7u su\u1ea5t Cao<\/strong><br \/>T\u1ed1c \u0111\u1ed9 in c\u00f3 th\u1ec3 \u0111i\u1ec1u ch\u1ec9nh: 3\u20136 gi\u00e2y\/lam k\u00ednh\nKh\u1eafc s\u1eafc n\u00e9t, v\u0129nh vi\u1ec5n, kh\u00f4ng c\u1ea7n v\u1eadt t\u01b0 ti\u00eau hao\nCh\u1ea5t l\u01b0\u1ee3ng \u0111\u1ea7u ra \u0111\u1ed3ng nh\u1ea5t tr\u00ean m\u1ecdi lo\u1ea1i lam k\u00ednh<\/p><p><strong>V\u1eadn h\u00e0nh D\u1ec5 d\u00e0ng<\/strong><br \/>M\u00e0n h\u00ecnh c\u1ea3m \u1ee9ng m\u00e0u 8 inch \u0111\u1ec3 gi\u00e1m s\u00e1t th\u1eddi gian th\u1ef1c\nThi\u1ebft k\u1ebf t\u1ea5t c\u1ea3 trong m\u1ed9t v\u1edbi h\u1ec7 \u0111i\u1ec1u h\u00e0nh t\u00edch h\u1ee3p\nKh\u00f4ng y\u00eau c\u1ea7u m\u00e1y t\u00ednh b\u00ean ngo\u00e0i\nM\u00e1y qu\u00e9t m\u00e3 v\u1ea1ch t\u00edch h\u1ee3p s\u1eb5n \u0111\u1ec3 nh\u1eadn d\u1ea1ng\nT\u01b0\u01a1ng th\u00edch ho\u00e0n to\u00e0n v\u1edbi h\u1ec7 th\u1ed1ng LIS &amp; HIS<\/p>\t\t\t\t\t\t\t\t<\/div>\n\t\t\t\t<div class=\"elementor-element elementor-element-34e64ae elementor-widget elementor-widget-image\" data-id=\"34e64ae\" data-element_type=\"widget\" data-widget_type=\"image.default\">\n\t\t\t\t\t\t\t\t\t\t\t\t\t\t\t<img fetchpriority=\"high\" decoding=\"async\" width=\"537\" height=\"324\" src=\"https:\/\/ztecsg.com\/wp-content\/uploads\/2025\/12\/des.png\" class=\"attachment-full size-full wp-image-1189\" alt=\"\" srcset=\"https:\/\/ztecsg.com\/wp-content\/uploads\/2025\/12\/des.png 537w, https:\/\/ztecsg.com\/wp-content\/uploads\/2025\/12\/des-300x181.png 300w\" sizes=\"(max-width: 537px) 100vw, 537px\" \/>\t\t\t\t\t\t\t\t\t\t\t\t\t\t\t<\/div>\n\t\t\t\t<\/div>\n\t\t<div class=\"elementor-element elementor-element-c40142b e-con-full e-flex e-con e-child\" data-id=\"c40142b\" data-element_type=\"container\">\n\t\t\t\t<div class=\"elementor-element elementor-element-b49ce0c elementor-widget elementor-widget-spacer\" data-id=\"b49ce0c\" data-element_type=\"widget\" data-widget_type=\"spacer.default\">\n\t\t\t\t\t\t\t<div class=\"elementor-spacer\">\n\t\t\t<div class=\"elementor-spacer-inner\"><\/div>\n\t\t<\/div>\n\t\t\t\t\t\t<\/div>\n\t\t\t\t<div class=\"elementor-element elementor-element-99fb664 elementor-widget elementor-widget-image\" data-id=\"99fb664\" data-element_type=\"widget\" data-widget_type=\"image.default\">\n\t\t\t\t\t\t\t\t\t\t\t\t\t\t\t<img decoding=\"async\" width=\"415\" height=\"662\" src=\"https:\/\/ztecsg.com\/wp-content\/uploads\/2025\/12\/uv-laser-printer-1.png\" class=\"attachment-full size-full wp-image-1188\" alt=\"\" srcset=\"https:\/\/ztecsg.com\/wp-content\/uploads\/2025\/12\/uv-laser-printer-1.png 415w, https:\/\/ztecsg.com\/wp-content\/uploads\/2025\/12\/uv-laser-printer-1-188x300.png 188w\" sizes=\"(max-width: 415px) 100vw, 415px\" \/>\t\t\t\t\t\t\t\t\t\t\t\t\t\t\t<\/div>\n\t\t\t\t<\/div>\n\t\t\t\t\t<\/div>\n\t\t\t\t<\/div>\n\t\t\t\t<\/div>","protected":false},"excerpt":{"rendered":"<p>WLB\u2011150P\u200b Product Overview: The WLB\u2011150P Slide UV Laser Printer is specially designed to optimize slide identification in pathology workflows. Using advanced UV laser engraving technology, it delivers high\u2011resolution, permanent markings [&hellip;]<\/p>\n","protected":false},"author":2,"featured_media":0,"parent":373,"menu_order":0,"comment_status":"closed","ping_status":"closed","template":"","meta":{"site-sidebar-layout":"default","site-content-layout":"","ast-site-content-layout":"default","site-content-style":"default","site-sidebar-style":"default","ast-global-header-display":"","ast-banner-title-visibility":"","ast-main-header-display":"","ast-hfb-above-header-display":"","ast-hfb-below-header-display":"","ast-hfb-mobile-header-display":"","site-post-title":"disabled","ast-breadcrumbs-content":"","ast-featured-img":"","footer-sml-layout":"","ast-disable-related-posts":"","theme-transparent-header-meta":"","adv-header-id-meta":"","stick-header-meta":"","header-above-stick-meta":"","header-main-stick-meta":"","header-below-stick-meta":"","astra-migrate-meta-layouts":"default","ast-page-background-enabled":"default","ast-page-background-meta":{"desktop":{"background-color":"var(--ast-global-color-5)","background-image":"","background-repeat":"repeat","background-position":"center center","background-size":"auto","background-attachment":"scroll","background-type":"","background-media":"","overlay-type":"","overlay-color":"","overlay-opacity":"","overlay-gradient":""},"tablet":{"background-color":"","background-image":"","background-repeat":"repeat","background-position":"center center","background-size":"auto","background-attachment":"scroll","background-type":"","background-media":"","overlay-type":"","overlay-color":"","overlay-opacity":"","overlay-gradient":""},"mobile":{"background-color":"","background-image":"","background-repeat":"repeat","background-position":"center center","background-size":"auto","background-attachment":"scroll","background-type":"","background-media":"","overlay-type":"","overlay-color":"","overlay-opacity":"","overlay-gradient":""}},"ast-content-background-meta":{"desktop":{"background-color":"var(--ast-global-color-4)","background-image":"","background-repeat":"repeat","background-position":"center center","background-size":"auto","background-attachment":"scroll","background-type":"","background-media":"","overlay-type":"","overlay-color":"","overlay-opacity":"","overlay-gradient":""},"tablet":{"background-color":"var(--ast-global-color-4)","background-image":"","background-repeat":"repeat","background-position":"center center","background-size":"auto","background-attachment":"scroll","background-type":"","background-media":"","overlay-type":"","overlay-color":"","overlay-opacity":"","overlay-gradient":""},"mobile":{"background-color":"var(--ast-global-color-4)","background-image":"","background-repeat":"repeat","background-position":"center center","background-size":"auto","background-attachment":"scroll","background-type":"","background-media":"","overlay-type":"","overlay-color":"","overlay-opacity":"","overlay-gradient":""}},"footnotes":""},"class_list":["post-1184","page","type-page","status-publish","hentry"],"aioseo_notices":[],"_links":{"self":[{"href":"https:\/\/ztecsg.com\/vi\/wp-json\/wp\/v2\/pages\/1184","targetHints":{"allow":["GET"]}}],"collection":[{"href":"https:\/\/ztecsg.com\/vi\/wp-json\/wp\/v2\/pages"}],"about":[{"href":"https:\/\/ztecsg.com\/vi\/wp-json\/wp\/v2\/types\/page"}],"author":[{"embeddable":true,"href":"https:\/\/ztecsg.com\/vi\/wp-json\/wp\/v2\/users\/2"}],"replies":[{"embeddable":true,"href":"https:\/\/ztecsg.com\/vi\/wp-json\/wp\/v2\/comments?post=1184"}],"version-history":[{"count":7,"href":"https:\/\/ztecsg.com\/vi\/wp-json\/wp\/v2\/pages\/1184\/revisions"}],"predecessor-version":[{"id":1195,"href":"https:\/\/ztecsg.com\/vi\/wp-json\/wp\/v2\/pages\/1184\/revisions\/1195"}],"up":[{"embeddable":true,"href":"https:\/\/ztecsg.com\/vi\/wp-json\/wp\/v2\/pages\/373"}],"wp:attachment":[{"href":"https:\/\/ztecsg.com\/vi\/wp-json\/wp\/v2\/media?parent=1184"}],"curies":[{"name":"wp","href":"https:\/\/api.w.org\/{rel}","templated":true}]}}