{"id":287,"date":"2025-11-28T16:33:49","date_gmt":"2025-11-28T08:33:49","guid":{"rendered":"https:\/\/ztecsg.com\/?page_id=287"},"modified":"2025-12-20T13:39:51","modified_gmt":"2025-12-20T05:39:51","slug":"about-us","status":"publish","type":"page","link":"https:\/\/ztecsg.com\/vi\/about-us\/","title":{"rendered":"GI\u1edaI THI\u1ec6U"},"content":{"rendered":"<div data-elementor-type=\"wp-page\" data-elementor-id=\"287\" class=\"elementor elementor-287\">\n\t\t\t\t<div class=\"elementor-element elementor-element-71dc6e1 e-con-full e-flex e-con e-parent\" data-id=\"71dc6e1\" data-element_type=\"container\">\n\t\t<div class=\"elementor-element elementor-element-6b4dda6 e-con-full e-flex e-con e-child\" data-id=\"6b4dda6\" data-element_type=\"container\">\n\t\t\t\t<div class=\"elementor-element elementor-element-2c7f264 elementor-widget elementor-widget-heading\" data-id=\"2c7f264\" data-element_type=\"widget\" data-widget_type=\"heading.default\">\n\t\t\t\t\t<h2 class=\"elementor-heading-title elementor-size-default\">C\u00e2u chuy\u1ec7n c\u1ee7a ch\u00fang t\u00f4i<\/h2>\t\t\t\t<\/div>\n\t\t\t\t<div class=\"elementor-element elementor-element-787b0f9 elementor-widget-divider--view-line elementor-widget elementor-widget-divider\" data-id=\"787b0f9\" data-element_type=\"widget\" data-widget_type=\"divider.default\">\n\t\t\t\t\t\t\t<div class=\"elementor-divider\">\n\t\t\t<span class=\"elementor-divider-separator\">\n\t\t\t\t\t\t<\/span>\n\t\t<\/div>\n\t\t\t\t\t\t<\/div>\n\t\t\t\t<div class=\"elementor-element elementor-element-452b77c elementor-widget elementor-widget-text-editor\" data-id=\"452b77c\" data-element_type=\"widget\" data-widget_type=\"text-editor.default\">\n\t\t\t\t\t\t\t\t\t<p>ZTEC l\u00e0 m\u1ed9t c\u00f4ng ty th\u01b0\u01a1ng m\u1ea1i n\u0103ng \u0111\u1ed9ng v\u00e0 s\u00e1ng t\u1ea1o, chuy\u00ean cung c\u1ea5p thi\u1ebft b\u1ecb v\u00e0 v\u1eadt t\u01b0 ti\u00eau hao y t\u1ebf, cam k\u1ebft ph\u1ee5c v\u1ee5 th\u1ecb tr\u01b0\u1eddng ch\u0103m s\u00f3c s\u1ee9c kh\u1ecfe Ch\u00e2u \u00c1 - Th\u00e1i B\u00ecnh D\u01b0\u01a1ng. Ch\u00fang t\u00f4i chuy\u00ean cung c\u1ea5p c\u00e1c gi\u1ea3i ph\u00e1p y t\u1ebf ch\u1ea5t l\u01b0\u1ee3ng cao, hi\u1ec7u qu\u1ea3 v\u1ec1 chi ph\u00ed cho b\u1ec7nh vi\u1ec7n, tr\u01b0\u1eddng \u0111\u1ea1i h\u1ecdc, vi\u1ec7n nghi\u00ean c\u1ee9u v\u00e0 ph\u00f2ng th\u00ed nghi\u1ec7m.<\/p>\n<p>V\u1edbi s\u1ef1 hi\u1ec7n di\u1ec7n m\u1ea1nh m\u1ebd tr\u00ean kh\u1eafp \u0110\u00f4ng Nam \u00c1\u2014bao g\u1ed3m Singapore, Vi\u1ec7t Nam, Indonesia, Malaysia, Th\u00e1i Lan v\u00e0 Philippines\u2014ZTEC \u0111\u00e3 thi\u1ebft l\u1eadp m\u1ed9t m\u1ea1ng l\u01b0\u1edbi v\u1eefng ch\u1eafc \u0111\u1ec3 \u0111\u00e1p \u1ee9ng c\u00e1c nhu c\u1ea7u ch\u0103m s\u00f3c s\u1ee9c kh\u1ecfe \u0111a d\u1ea1ng. C\u00e1c v\u0103n ph\u00f2ng c\u1ee7a ch\u00fang t\u00f4i t\u1ea1i Singapore, Th\u00e0nh ph\u1ed1 H\u1ed3 Ch\u00ed Minh v\u00e0 Tr\u01b0\u1eddng Sa gi\u00fap ch\u00fang t\u00f4i cung c\u1ea5p h\u1ed7 tr\u1ee3 theo \u0111\u1ecba ph\u01b0\u01a1ng v\u00e0 d\u1ecbch v\u1ee5 kh\u00e1ch h\u00e0ng nhanh nh\u1ea1y, \u0111\u1ea3m b\u1ea3o c\u00e1c \u0111\u1ed1i t\u00e1c nh\u1eadn \u0111\u01b0\u1ee3c c\u00e1c gi\u1ea3i ph\u00e1p \u0111\u00e1ng tin c\u1eady \u0111\u01b0\u1ee3c thi\u1ebft k\u1ebf ph\u00f9 h\u1ee3p v\u1edbi y\u00eau c\u1ea7u c\u1ee7a h\u1ecd.<\/p>\n<p>T\u1ea1i ZTEC, ch\u00fang t\u00f4i cam k\u1ebft th\u00fac \u0111\u1ea9y s\u1ef1 ti\u1ebfn b\u1ed9 c\u1ee7a ng\u00e0nh ch\u0103m s\u00f3c s\u1ee9c kh\u1ecfe th\u00f4ng qua c\u00e1c \u0111\u1ed1i t\u00e1c tin c\u1eady, c\u00f4ng ngh\u1ec7 s\u00e1ng t\u1ea1o v\u00e0 d\u1ecbch v\u1ee5 xu\u1ea5t s\u1eafc.<\/p>\t\t\t\t\t\t\t\t<\/div>\n\t\t\t\t<\/div>\n\t\t\t\t<\/div>\n\t\t<div class=\"elementor-element elementor-element-ffc1d35 e-con-full e-flex e-con e-parent\" data-id=\"ffc1d35\" data-element_type=\"container\">\n\t\t<div class=\"elementor-element elementor-element-4bcfbfc e-con-full e-flex e-con e-child\" data-id=\"4bcfbfc\" data-element_type=\"container\">\n\t\t\t\t<div class=\"elementor-element elementor-element-6cba76c elementor-widget__width-initial elementor-widget elementor-widget-heading\" data-id=\"6cba76c\" data-element_type=\"widget\" data-widget_type=\"heading.default\">\n\t\t\t\t\t<h2 class=\"elementor-heading-title elementor-size-default\">Kh\u00e1m ph\u00e1 S\u1ee9 m\u1ec7nh, T\u1ea7m nh\u00ecn v\u00e0 Gi\u00e1 tr\u1ecb c\u1ed1t l\u00f5i c\u1ee7a ch\u00fang t\u00f4i cho Th\u00e0nh c\u00f4ng T\u01b0\u01a1ng lai<\/h2>\t\t\t\t<\/div>\n\t\t\t\t<div class=\"elementor-element elementor-element-344c923 elementor-widget-divider--view-line elementor-widget elementor-widget-divider\" data-id=\"344c923\" data-element_type=\"widget\" data-widget_type=\"divider.default\">\n\t\t\t\t\t\t\t<div class=\"elementor-divider\">\n\t\t\t<span class=\"elementor-divider-separator\">\n\t\t\t\t\t\t<\/span>\n\t\t<\/div>\n\t\t\t\t\t\t<\/div>\n\t\t\t\t<div class=\"elementor-element elementor-element-680dc31 elementor-widget elementor-widget-text-editor\" data-id=\"680dc31\" data-element_type=\"widget\" data-widget_type=\"text-editor.default\">\n\t\t\t\t\t\t\t\t\t<p><strong>S\u1ee9 m\u1ec7nh<\/strong> : Cung c\u1ea5p c\u00e1c s\u1ea3n ph\u1ea9m y t\u1ebf ch\u1ea5t l\u01b0\u1ee3ng cao v\u00e0 gi\u00e1 c\u1ea3 ph\u1ea3i ch\u0103ng, n\u00e2ng cao d\u1ecbch v\u1ee5 ch\u0103m s\u00f3c s\u1ee9c kh\u1ecfe t\u1ea1i khu v\u1ef1c Ch\u00e2u \u00c1 - Th\u00e1i B\u00ecnh D\u01b0\u01a1ng v\u00e0 mang l\u1ea1i k\u1ebft qu\u1ea3 s\u1ee9c kh\u1ecfe t\u1ed1t h\u01a1n cho m\u1ecdi ng\u01b0\u1eddi.<\/p>\n<p><strong>T\u1ea7m nh\u00ecn<\/strong> : Tr\u1edf th\u00e0nh \u0111\u1ed1i t\u00e1c h\u00e0ng \u0111\u1ea7u v\u00e0 \u0111\u00e1ng tin c\u1eady trong ng\u00e0nh c\u00f4ng nghi\u1ec7p ch\u0103m s\u00f3c s\u1ee9c kh\u1ecfe Ch\u00e2u \u00c1 - Th\u00e1i B\u00ecnh D\u01b0\u01a1ng, cung c\u1ea5p c\u00e1c c\u00f4ng ngh\u1ec7 v\u00e0 d\u1ecbch v\u1ee5 y t\u1ebf s\u00e1ng t\u1ea1o, ch\u1ea5t l\u01b0\u1ee3ng cao v\u00e0 gi\u00e1 c\u1ea3 h\u1ee3p l\u00fd, \u0111\u00e1p \u1ee9ng nhu c\u1ea7u ch\u0103m s\u00f3c s\u1ee9c kh\u1ecfe \u0111ang ph\u00e1t tri\u1ec3n v\u00e0 h\u1ed7 tr\u1ee3 s\u1ef1 ph\u00e1t tri\u1ec3n b\u1ec1n v\u1eefng trong khu v\u1ef1c.<\/p>\n<p><strong>Gi\u00e1 tr\u1ecb c\u1ed1t l\u00f5i<\/strong> : \u0110\u1ed3ng c\u1ea3m, H\u1ee3p t\u00e1c, Linh ho\u1ea1t, S\u00e1ng t\u1ea1o &amp; \u0110\u1ed5i m\u1edbi, T\u1ea7m nh\u00ecn D\u00e0i h\u1ea1n.<\/p>\t\t\t\t\t\t\t\t<\/div>\n\t\t\t\t<\/div>\n\t\t\t\t<\/div>\n\t\t<div class=\"elementor-element elementor-element-8805fbf e-con-full e-flex e-con e-parent\" data-id=\"8805fbf\" data-element_type=\"container\">\n\t\t<div class=\"elementor-element elementor-element-724a5b8 e-con-full e-flex e-con e-child\" data-id=\"724a5b8\" data-element_type=\"container\">\n\t\t\t\t<div class=\"elementor-element elementor-element-c3f5f47 elementor-widget__width-initial elementor-widget elementor-widget-heading\" data-id=\"c3f5f47\" data-element_type=\"widget\" data-widget_type=\"heading.default\">\n\t\t\t\t\t<h2 class=\"elementor-heading-title elementor-size-default\">Ch\u00ednh s\u00e1ch Ch\u1ea5t l\u01b0\u1ee3ng<\/h2>\t\t\t\t<\/div>\n\t\t\t\t<div class=\"elementor-element elementor-element-f603988 elementor-widget-divider--view-line elementor-widget elementor-widget-divider\" data-id=\"f603988\" data-element_type=\"widget\" data-widget_type=\"divider.default\">\n\t\t\t\t\t\t\t<div class=\"elementor-divider\">\n\t\t\t<span class=\"elementor-divider-separator\">\n\t\t\t\t\t\t<\/span>\n\t\t<\/div>\n\t\t\t\t\t\t<\/div>\n\t\t\t\t<div class=\"elementor-element elementor-element-a4d4cd2 elementor-widget elementor-widget-text-editor\" data-id=\"a4d4cd2\" data-element_type=\"widget\" data-widget_type=\"text-editor.default\">\n\t\t\t\t\t\t\t\t\t<p>ZTEC cam k\u1ebft cung c\u1ea5p c\u00e1c s\u1ea3n ph\u1ea9m v\u00e0 d\u1ecbch v\u1ee5 y t\u1ebf ch\u1ea5t l\u01b0\u1ee3ng cao, an to\u00e0n v\u00e0 gi\u00e1 c\u1ea3 ph\u1ea3i ch\u0103ng, \u0111\u00e1p \u1ee9ng y\u00eau c\u1ea7u c\u1ee7a kh\u00e1ch h\u00e0ng, tu\u00e2n th\u1ee7 c\u00e1c ti\u00eau chu\u1ea9n quy \u0111\u1ecbnh v\u00e0 g\u00f3p ph\u1ea7n mang l\u1ea1i k\u1ebft qu\u1ea3 s\u1ee9c kh\u1ecfe t\u1ed1t h\u01a1n.<\/p><p>\u0110\u1ec3 \u0111\u1ea1t \u0111\u01b0\u1ee3c s\u1ee9 m\u1ec7nh v\u00e0 t\u1ea7m nh\u00ecn, ch\u00fang t\u00f4i s\u1ebd:<\/p><p><strong>T\u1eadp trung v\u00e0o Kh\u00e1ch h\u00e0ng<\/strong> \u2013 Th\u1ea5u hi\u1ec3u v\u00e0 v\u01b0\u1ee3t qua mong \u0111\u1ee3i c\u1ee7a kh\u00e1ch h\u00e0ng th\u00f4ng qua c\u00e1c s\u1ea3n ph\u1ea9m \u0111\u00e1ng tin c\u1eady v\u00e0 d\u1ecbch v\u1ee5 chuy\u00ean nghi\u1ec7p.<br \/><strong>\u0110\u1ea3m b\u1ea3o Ch\u1ea5t l\u01b0\u1ee3ng Nh\u00e0 cung c\u1ea5p<\/strong> \u2013 H\u1ee3p t\u00e1c v\u1edbi c\u00e1c nh\u00e0 cung c\u1ea5p \u0111\u1ee7 ti\u00eau chu\u1ea9n, c\u00f9ng ch\u00fang t\u00f4i cam k\u1ebft v\u1ec1 ch\u1ea5t l\u01b0\u1ee3ng, \u0111\u1ea3m b\u1ea3o t\u1ea5t c\u1ea3 nguy\u00ean v\u1eadt li\u1ec7u v\u00e0 linh ki\u1ec7n \u0111\u00e1p \u1ee9ng c\u00e1c ti\u00eau chu\u1ea9n \u0111\u00e3 \u0111\u1ecbnh v\u00e0 h\u1ed7 tr\u1ee3 s\u1ef1 xu\u1ea5t s\u1eafc nh\u1ea5t qu\u00e1n c\u1ee7a s\u1ea3n ph\u1ea9m.<br \/><strong>Duy tr\u00ec Ch\u1ea5t l\u01b0\u1ee3ng v\u00e0 Tu\u00e2n th\u1ee7<\/strong> \u2013 Tu\u00e2n th\u1ee7 c\u00e1c ti\u00eau chu\u1ea9n ch\u1ea5t l\u01b0\u1ee3ng qu\u1ed1c t\u1ebf, c\u00e1c y\u00eau c\u1ea7u quy \u0111\u1ecbnh v\u00e0 c\u00e1c quy tr\u00ecnh n\u1ed9i b\u1ed9.<br \/><strong>Th\u00fac \u0111\u1ea9y C\u1ea3i ti\u1ebfn Li\u00ean t\u1ee5c<\/strong> \u2013 \u0110\u00e1nh gi\u00e1 v\u00e0 c\u1ea3i thi\u1ec7n s\u1ea3n ph\u1ea9m, quy tr\u00ecnh v\u00e0 h\u1ec7 th\u1ed1ng c\u1ee7a ch\u00fang t\u00f4i th\u00f4ng qua \u0111\u1ed5i m\u1edbi v\u00e0 ph\u1ea3n h\u1ed3i.<br \/><strong>Trao quy\u1ec1n cho Nh\u00e2n vi\u00ean<\/strong> \u2013 Th\u00fac \u0111\u1ea9y \u0111\u00e0o t\u1ea1o, tinh th\u1ea7n l\u00e0m vi\u1ec7c nh\u00f3m v\u00e0 tr\u00e1ch nhi\u1ec7m gi\u1ea3i tr\u00ecnh \u0111\u1ec3 c\u1ee7ng c\u1ed1 v\u0103n h\u00f3a ch\u1ea5t l\u01b0\u1ee3ng c\u1ee7a ch\u00fang t\u00f4i.<\/p><p>S\u1ed1ng v\u1edbi c\u00e1c Gi\u00e1 tr\u1ecb C\u1ed1t l\u00f5i c\u1ee7a ch\u00fang t\u00f4i:<\/p><p><strong>\u0110\u1ed3ng c\u1ea3m<\/strong>: Th\u1ea5u hi\u1ec3u nhu c\u1ea7u c\u1ee7a kh\u00e1ch h\u00e0ng v\u00e0 b\u1ec7nh nh\u00e2n.<br \/><strong>H\u1ee3p t\u00e1c<\/strong>: C\u00f9ng l\u00e0m vi\u1ec7c v\u1edbi c\u00e1c \u0111\u1ed1i t\u00e1c v\u00e0 nh\u00e0 cung c\u1ea5p \u0111\u1ec3 \u0111\u1ea1t \u0111\u01b0\u1ee3c th\u00e0nh c\u00f4ng chung.<br \/><strong>Linh ho\u1ea1t<\/strong>: Th\u00edch \u1ee9ng nhanh ch\u00f3ng v\u1edbi nh\u1eefng thay \u0111\u1ed5i v\u00e0 th\u00e1ch th\u1ee9c.<br \/><strong>S\u00e1ng t\u1ea1o &amp; \u0110\u1ed5i m\u1edbi<\/strong>: Khuy\u1ebfn kh\u00edch t\u01b0 duy s\u00e1ng t\u1ea1o v\u00e0 \u00e1p d\u1ee5ng c\u00e1c gi\u1ea3i ph\u00e1p \u0111\u1ed5i m\u1edbi \u0111\u1ec3 n\u00e2ng cao k\u1ebft qu\u1ea3 ch\u0103m s\u00f3c s\u1ee9c kh\u1ecfe v\u00e0 duy tr\u00ec l\u1ee3i th\u1ebf c\u1ea1nh tranh.<br \/><strong>T\u1ea7m nh\u00ecn D\u00e0i h\u1ea1n<\/strong>: X\u00e2y d\u1ef1ng c\u00e1c m\u1ed1i quan h\u1ec7 v\u00e0 gi\u1ea3i ph\u00e1p b\u1ec1n v\u1eefng \u0111\u1ec3 t\u1ea1o ra t\u00e1c \u0111\u1ed9ng l\u00e2u d\u00e0i \u0111\u1ebfn ch\u0103m s\u00f3c s\u1ee9c kh\u1ecfe.<\/p><p>Ch\u00ednh s\u00e1ch Ch\u1ea5t l\u01b0\u1ee3ng n\u00e0y \u0111\u01b0\u1ee3c truy\u1ec1n \u0111\u1ea1t, th\u1ef1c hi\u1ec7n v\u00e0 duy tr\u00ec \u1edf t\u1ea5t c\u1ea3 c\u00e1c c\u1ea5p c\u1ee7a t\u1ed5 ch\u1ee9c v\u00e0 v\u1edbi c\u00e1c nh\u00e0 cung c\u1ea5p c\u1ee7a ch\u00fang t\u00f4i. Ban l\u00e3nh \u0111\u1ea1o cao nh\u1ea5t s\u1ebd xem x\u00e9t ch\u00ednh s\u00e1ch n\u00e0y \u0111\u1ecbnh k\u1ef3 \u0111\u1ec3 \u0111\u1ea3m b\u1ea3o t\u00ednh ph\u00f9 h\u1ee3p, \u0111\u1ea7y \u0111\u1ee7 v\u00e0 hi\u1ec7u qu\u1ea3 li\u00ean t\u1ee5c.<\/p>\t\t\t\t\t\t\t\t<\/div>\n\t\t\t\t<\/div>\n\t\t\t\t<\/div>\n\t\t\t\t<\/div>","protected":false},"excerpt":{"rendered":"<p>Our Story ZTEC is a dynamic and innovative medical equipment and consumables trading company, dedicated to serving the Asia-Pacific healthcare market. We specialize in providing high-quality, cost-effective medical solutions to [&hellip;]<\/p>\n","protected":false},"author":2,"featured_media":0,"parent":0,"menu_order":0,"comment_status":"closed","ping_status":"closed","template":"","meta":{"site-sidebar-layout":"default","site-content-layout":"","ast-site-content-layout":"default","site-content-style":"default","site-sidebar-style":"default","ast-global-header-display":"","ast-banner-title-visibility":"","ast-main-header-display":"","ast-hfb-above-header-display":"","ast-hfb-below-header-display":"","ast-hfb-mobile-header-display":"","site-post-title":"","ast-breadcrumbs-content":"","ast-featured-img":"","footer-sml-layout":"","ast-disable-related-posts":"","theme-transparent-header-meta":"","adv-header-id-meta":"","stick-header-meta":"","header-above-stick-meta":"","header-main-stick-meta":"","header-below-stick-meta":"","astra-migrate-meta-layouts":"default","ast-page-background-enabled":"default","ast-page-background-meta":{"desktop":{"background-color":"var(--ast-global-color-5)","background-image":"","background-repeat":"repeat","background-position":"center center","background-size":"auto","background-attachment":"scroll","background-type":"","background-media":"","overlay-type":"","overlay-color":"","overlay-opacity":"","overlay-gradient":""},"tablet":{"background-color":"","background-image":"","background-repeat":"repeat","background-position":"center center","background-size":"auto","background-attachment":"scroll","background-type":"","background-media":"","overlay-type":"","overlay-color":"","overlay-opacity":"","overlay-gradient":""},"mobile":{"background-color":"","background-image":"","background-repeat":"repeat","background-position":"center center","background-size":"auto","background-attachment":"scroll","background-type":"","background-media":"","overlay-type":"","overlay-color":"","overlay-opacity":"","overlay-gradient":""}},"ast-content-background-meta":{"desktop":{"background-color":"var(--ast-global-color-4)","background-image":"","background-repeat":"repeat","background-position":"center center","background-size":"auto","background-attachment":"scroll","background-type":"","background-media":"","overlay-type":"","overlay-color":"","overlay-opacity":"","overlay-gradient":""},"tablet":{"background-color":"var(--ast-global-color-4)","background-image":"","background-repeat":"repeat","background-position":"center center","background-size":"auto","background-attachment":"scroll","background-type":"","background-media":"","overlay-type":"","overlay-color":"","overlay-opacity":"","overlay-gradient":""},"mobile":{"background-color":"var(--ast-global-color-4)","background-image":"","background-repeat":"repeat","background-position":"center center","background-size":"auto","background-attachment":"scroll","background-type":"","background-media":"","overlay-type":"","overlay-color":"","overlay-opacity":"","overlay-gradient":""}},"footnotes":""},"class_list":["post-287","page","type-page","status-publish","hentry"],"aioseo_notices":[],"_links":{"self":[{"href":"https:\/\/ztecsg.com\/vi\/wp-json\/wp\/v2\/pages\/287","targetHints":{"allow":["GET"]}}],"collection":[{"href":"https:\/\/ztecsg.com\/vi\/wp-json\/wp\/v2\/pages"}],"about":[{"href":"https:\/\/ztecsg.com\/vi\/wp-json\/wp\/v2\/types\/page"}],"author":[{"embeddable":true,"href":"https:\/\/ztecsg.com\/vi\/wp-json\/wp\/v2\/users\/2"}],"replies":[{"embeddable":true,"href":"https:\/\/ztecsg.com\/vi\/wp-json\/wp\/v2\/comments?post=287"}],"version-history":[{"count":39,"href":"https:\/\/ztecsg.com\/vi\/wp-json\/wp\/v2\/pages\/287\/revisions"}],"predecessor-version":[{"id":1153,"href":"https:\/\/ztecsg.com\/vi\/wp-json\/wp\/v2\/pages\/287\/revisions\/1153"}],"wp:attachment":[{"href":"https:\/\/ztecsg.com\/vi\/wp-json\/wp\/v2\/media?parent=287"}],"curies":[{"name":"wp","href":"https:\/\/api.w.org\/{rel}","templated":true}]}}