{"id":613,"date":"2025-12-13T10:50:00","date_gmt":"2025-12-13T02:50:00","guid":{"rendered":"https:\/\/ztecsg.com\/?page_id=613"},"modified":"2025-12-16T09:36:40","modified_gmt":"2025-12-16T01:36:40","slug":"gis-wlx","status":"publish","type":"page","link":"https:\/\/ztecsg.com\/vi\/our-products\/gis-wlx\/","title":{"rendered":"WLX-1800\/WLX2400"},"content":{"rendered":"<div data-elementor-type=\"wp-page\" data-elementor-id=\"613\" class=\"elementor elementor-613\">\n\t\t\t\t<div class=\"elementor-element elementor-element-e723596 e-flex e-con-boxed e-con e-parent\" data-id=\"e723596\" data-element_type=\"container\">\n\t\t\t\t\t<div class=\"e-con-inner\">\n\t\t\t\t<div class=\"elementor-element elementor-element-c069945 elementor-widget elementor-widget-heading\" data-id=\"c069945\" data-element_type=\"widget\" data-widget_type=\"heading.default\">\n\t\t\t\t\t<h2 class=\"elementor-heading-title elementor-size-default\">WLX-1800\/WLX2400<\/h2>\t\t\t\t<\/div>\n\t\t\t\t\t<\/div>\n\t\t\t\t<\/div>\n\t\t<div class=\"elementor-element elementor-element-817a3ea e-flex e-con-boxed e-con e-parent\" data-id=\"817a3ea\" data-element_type=\"container\">\n\t\t\t\t\t<div class=\"e-con-inner\">\n\t\t\t\t<div class=\"elementor-element elementor-element-7e573f3 elementor-widget-divider--view-line elementor-widget elementor-widget-divider\" data-id=\"7e573f3\" data-element_type=\"widget\" data-widget_type=\"divider.default\">\n\t\t\t\t\t\t\t<div class=\"elementor-divider\">\n\t\t\t<span class=\"elementor-divider-separator\">\n\t\t\t\t\t\t<\/span>\n\t\t<\/div>\n\t\t\t\t\t\t<\/div>\n\t\t\t\t\t<\/div>\n\t\t\t\t<\/div>\n\t\t<div class=\"elementor-element elementor-element-6351c5c e-flex e-con-boxed e-con e-parent\" data-id=\"6351c5c\" data-element_type=\"container\">\n\t\t\t\t\t<div class=\"e-con-inner\">\n\t\t\t\t<div class=\"elementor-element elementor-element-07b4f89 elementor-widget elementor-widget-text-editor\" data-id=\"07b4f89\" data-element_type=\"widget\" data-widget_type=\"text-editor.default\">\n\t\t\t\t\t\t\t\t\t<h3><strong>T\u1ed5ng quan S\u1ea3n ph\u1ea9m<\/strong><\/h3><p>\u2022 H\u1ec7 th\u1ed1ng ch\u1ee5p \u1ea3nh \u0111\u1ea1i th\u1ec3 l\u00e0 m\u1ed9t n\u1ec1n t\u1ea3ng ghi ch\u00e9p s\u1ed1 ti\u00ean ti\u1ebfn, \u0111\u01b0\u1ee3c thi\u1ebft k\u1ebf cho c\u00e1c ph\u00f2ng x\u00e9t nghi\u1ec7m Gi\u1ea3i ph\u1eabu b\u1ec7nh x\u1eed l\u00fd l\u01b0\u1ee3ng m\u1eabu l\u1edbn. H\u1ec7 th\u1ed1ng h\u1ed7 tr\u1ee3 ch\u1ee5p \u1ea3nh \u0111\u1ea1i th\u1ec3, \u0111o l\u01b0\u1eddng, ghi ch\u00fa v\u00e0 l\u01b0u tr\u1eef m\u1eabu v\u1eadt \u0111\u1ea1i th\u1ec3 theo th\u1eddi gian th\u1ef1c, t\u1ea1o th\u00e0nh m\u1ed9t th\u00e0nh ph\u1ea7n quan tr\u1ecdng trong quy tr\u00ecnh b\u1ec7nh h\u1ecdc s\u1ed1.<\/p><p>\u2022 \u0110\u01b0\u1ee3c trang b\u1ecb c\u1ea3m bi\u1ebfn \u0111\u1ed9 ph\u00e2n gi\u1ea3i cao, \u1ed1ng k\u00ednh zoom quang h\u1ecdc v\u00e0 nhi\u1ec1u t\u00f9y ch\u1ecdn \u0111i\u1ec1u khi\u1ec3n, h\u1ec7 th\u1ed1ng cho ph\u00e9p b\u00e1c s\u0129 gi\u1ea3i ph\u1eabu b\u1ec7nh ch\u1ee5p \u0111\u01b0\u1ee3c h\u00ecnh \u1ea3nh m\u1eabu v\u1eadt r\u00f5 r\u00e0ng, ch\u00ednh x\u00e1c v\u00e0 chu\u1ea9n h\u00f3a. K\u1ebft c\u1ea5u chuy\u1ec3n \u0111\u1ed9ng ba tr\u1ee5c v\u00e0 thi\u1ebft k\u1ebf b\u00e0n l\u00e0m vi\u1ec7c b\u1ec1n b\u1ec9 \u0111\u1ea3m b\u1ea3o \u0111\u1ecbnh v\u1ecb ch\u00ednh x\u00e1c v\u00e0 v\u1eadn h\u00e0nh \u1ed5n \u0111\u1ecbnh trong c\u00e1c thao t\u00e1c \u0111\u1ea1i th\u1ec3 h\u00e0ng ng\u00e0y.<\/p><p>\u2022 B\u1eb1ng c\u00e1ch t\u00edch h\u1ee3p ch\u1ee5p \u1ea3nh, \u0111o l\u01b0\u1eddng v\u00e0 ghi nh\u00e3n v\u00e0o m\u1ed9t tr\u1ea1m l\u00e0m vi\u1ec7c th\u1ed1ng nh\u1ea5t, d\u00f2ng s\u1ea3n ph\u1ea9m WLX n\u00e2ng cao hi\u1ec7u qu\u1ea3 ch\u1ea9n \u0111o\u00e1n v\u00e0 h\u1ed7 tr\u1ee3 c\u00f4ng t\u00e1c ghi ch\u00e9p m\u00f4 b\u1ec7nh h\u1ecdc ch\u1ea5t l\u01b0\u1ee3ng cao.<\/p>\t\t\t\t\t\t\t\t<\/div>\n\t\t\t\t<div class=\"elementor-element elementor-element-bdacb34 elementor-widget elementor-widget-image\" data-id=\"bdacb34\" data-element_type=\"widget\" data-widget_type=\"image.default\">\n\t\t\t\t\t\t\t\t\t\t\t\t\t\t\t<img fetchpriority=\"high\" decoding=\"async\" width=\"1000\" height=\"500\" src=\"https:\/\/ztecsg.com\/wp-content\/uploads\/2025\/12\/WLX.png\" class=\"attachment-large size-large wp-image-615\" alt=\"\" srcset=\"https:\/\/ztecsg.com\/wp-content\/uploads\/2025\/12\/WLX.png 1000w, https:\/\/ztecsg.com\/wp-content\/uploads\/2025\/12\/WLX-300x150.png 300w, https:\/\/ztecsg.com\/wp-content\/uploads\/2025\/12\/WLX-768x384.png 768w\" sizes=\"(max-width: 1000px) 100vw, 1000px\" \/>\t\t\t\t\t\t\t\t\t\t\t\t\t\t\t<\/div>\n\t\t\t\t\t<\/div>\n\t\t\t\t<\/div>\n\t\t<div class=\"elementor-element elementor-element-82bcb06 e-flex e-con-boxed e-con e-parent\" data-id=\"82bcb06\" data-element_type=\"container\">\n\t\t\t\t\t<div class=\"e-con-inner\">\n\t\t\t\t<div class=\"elementor-element elementor-element-796793e elementor-widget elementor-widget-text-editor\" data-id=\"796793e\" data-element_type=\"widget\" data-widget_type=\"text-editor.default\">\n\t\t\t\t\t\t\t\t\t<h3><strong>Th\u00f4ng s\u1ed1 K\u1ef9 thu\u1eadt:<\/strong><\/h3><p>\u2022 H\u1ec7 th\u1ed1ng \u0110i\u1ec1u khi\u1ec3n: \u0110i\u1ec1u khi\u1ec3n b\u1eb1ng m\u00e1y t\u00ednh, C\u1ea3m bi\u1ebfn c\u1eed ch\u1ec9 (ch\u1ec9 WLX-2400), \u0110i\u1ec1u khi\u1ec3n b\u1eb1ng ch\u00e2n, \u0110\u1ecbnh v\u1ecb th\u1ee7 c\u00f4ng, T\u1ef1 \u0111\u1ed9ng l\u1ea5y n\u00e9t v\u00e0 hi\u1ec3n th\u1ecb h\u00ecnh \u1ea3nh th\u1eddi gian th\u1ef1c, C\u00f4ng c\u1ee5 ch\u00fa th\u00edch: v\u0103n b\u1ea3n, \u0111\u01b0\u1eddng vi\u1ec1n, v\u00f2ng tr\u00f2n, \u0111o di\u1ec7n t\u00edch, \u0111o chi\u1ec1u d\u00e0i<\/p><p>\u2022 H\u1ec7 th\u1ed1ng Chi\u1ebfu s\u00e1ng: \u0110\u00e8n LED ph\u1ee5 tr\u1ee3 k\u00e9p, \u0110\u00e8n LED n\u1ec1n, \u0110\u1ed9 s\u00e1ng c\u00f3 th\u1ec3 \u0111i\u1ec1u ch\u1ec9nh, Chi\u1ebfu s\u00e1ng \u0111\u1ed3ng \u0111\u1ec1u \u0111\u1ec3 ch\u1ee5p \u1ea3nh m\u1eabu \u0111\u1ea1i th\u1ec3<\/p><p>\u2022 Chuy\u1ec3n \u0111\u1ed9ng &amp; B\u00e0n l\u00e0m vi\u1ec7c: H\u1ec7 th\u1ed1ng chuy\u1ec3n \u0111\u1ed9ng ba tr\u1ee5c, Gi\u00e1 \u0111\u1ee1 h\u1ed7 tr\u1ee3 \u0111\u1ecbnh v\u1ecb \u0111a h\u01b0\u1edbng v\u00e0 gi\u1eef nguy\u00ean v\u1ecb tr\u00ed b\u1ea5t k\u1ef3, Ph\u1ea1m vi \u0111i\u1ec1u ch\u1ec9nh theo chi\u1ec1u d\u1ecdc: 600 mm, K\u00edch th\u01b0\u1edbc b\u00e0n l\u00e0m vi\u1ec7c: 600 \u00d7 450 mm, B\u1ec1 m\u1eb7t ch\u1ecbu axit, ki\u1ec1m v\u00e0 ch\u1ed1ng m\u00e0i m\u00f2n, Th\u01b0\u1edbc \u0111o t\u00edch h\u1ee3p X-Y, T\u01b0\u01a1ng th\u00edch v\u1edbi kh\u00f4ng gian l\u00e0m vi\u1ec7c c\u1ee7a b\u00e0n \u0111\u1ea1i th\u1ec3 1000 \u00d7 590 mm<\/p>\t\t\t\t\t\t\t\t<\/div>\n\t\t\t\t<div class=\"elementor-element elementor-element-e079c31 elementor-widget elementor-widget-image\" data-id=\"e079c31\" data-element_type=\"widget\" data-widget_type=\"image.default\">\n\t\t\t\t\t\t\t\t\t\t\t\t\t\t\t<img decoding=\"async\" width=\"1000\" height=\"608\" src=\"https:\/\/ztecsg.com\/wp-content\/uploads\/2025\/12\/WLX-T.png\" class=\"attachment-large size-large wp-image-616\" alt=\"\" srcset=\"https:\/\/ztecsg.com\/wp-content\/uploads\/2025\/12\/WLX-T.png 1000w, https:\/\/ztecsg.com\/wp-content\/uploads\/2025\/12\/WLX-T-300x182.png 300w, https:\/\/ztecsg.com\/wp-content\/uploads\/2025\/12\/WLX-T-768x467.png 768w\" sizes=\"(max-width: 1000px) 100vw, 1000px\" \/>\t\t\t\t\t\t\t\t\t\t\t\t\t\t\t<\/div>\n\t\t\t\t<div class=\"elementor-element elementor-element-ce20f14 elementor-widget elementor-widget-spacer\" data-id=\"ce20f14\" data-element_type=\"widget\" data-widget_type=\"spacer.default\">\n\t\t\t\t\t\t\t<div class=\"elementor-spacer\">\n\t\t\t<div class=\"elementor-spacer-inner\"><\/div>\n\t\t<\/div>\n\t\t\t\t\t\t<\/div>\n\t\t\t\t\t<\/div>\n\t\t\t\t<\/div>\n\t\t<div class=\"elementor-element elementor-element-2a91746 e-flex e-con-boxed e-con e-parent\" data-id=\"2a91746\" data-element_type=\"container\">\n\t\t\t\t\t<div class=\"e-con-inner\">\n\t\t<div class=\"elementor-element elementor-element-b2f6136 e-con-full e-flex e-con e-child\" data-id=\"b2f6136\" data-element_type=\"container\">\n\t\t\t\t<div class=\"elementor-element elementor-element-35cea81 elementor-widget elementor-widget-text-editor\" data-id=\"35cea81\" data-element_type=\"widget\" data-widget_type=\"text-editor.default\">\n\t\t\t\t\t\t\t\t\t<h3><strong>Cam k\u1ebft L\u1eafp \u0111\u1eb7t &amp; H\u1ed7 tr\u1ee3 T\u1ea1i ch\u1ed7<\/strong><\/h3><p>\u2022 H\u1ec7 th\u1ed1ng ch\u1ee5p \u1ea3nh d\u00f2ng WLX k\u1ebft n\u1ed1i tr\u1ef1c ti\u1ebfp v\u1edbi m\u00e1y t\u00ednh t\u1ea1i tr\u1ea1m l\u00e0m vi\u1ec7c v\u00e0 t\u00edch h\u1ee3p li\u1ec1n m\u1ea1ch v\u00e0o quy tr\u00ecnh thao t\u00e1c \u0111\u1ea1i th\u1ec3 hi\u1ec7n c\u00f3.<\/p><p>\u2022 \u0110\u1ed9i ng\u0169 nh\u00e0 ph\u00e2n ph\u1ed1i \u0111\u1ecba ph\u01b0\u01a1ng c\u1ee7a ch\u00fang t\u00f4i cung c\u1ea5p \u0111\u1ea7y \u0111\u1ee7 d\u1ecbch v\u1ee5 l\u1eafp \u0111\u1eb7t, hi\u1ec7u chu\u1ea9n v\u00e0 \u0111\u00e0o t\u1ea1o t\u1ea1i ch\u1ed7 \u0111\u1ec3 \u0111\u1ea3m b\u1ea3o hi\u1ec7u su\u1ea5t t\u1ed1i \u01b0u.<\/p><p>\u2022 T\u1eeb \u0111i\u1ec1u ch\u1ec9nh \u00e1nh s\u00e1ng, hi\u1ec7u chu\u1ea9n chuy\u1ec3n \u0111\u1ed9ng \u0111\u1ebfn thi\u1ebft l\u1eadp ph\u1ea7n m\u1ec1m, ch\u00fang t\u00f4i \u0111\u1ea3m b\u1ea3o h\u1ec7 th\u1ed1ng ch\u1ee5p \u1ea3nh c\u1ee7a b\u1ea1n s\u1eb5n s\u00e0ng cho vi\u1ec7c ghi ch\u00e9p m\u1eabu v\u1eadt ch\u1ea5t l\u01b0\u1ee3ng cao ngay t\u1eeb ng\u00e0y \u0111\u1ea7u ti\u00ean.<\/p><h3><strong>Ch\u1ee9c n\u0103ng Ph\u1ea7n m\u1ec1m<\/strong><\/h3><p>\u2022 Xem tr\u01b0\u1edbc h\u00ecnh \u1ea3nh th\u1eddi gian th\u1ef1c, T\u1ef1 \u0111\u1ed9ng l\u1ea5y n\u00e9t v\u00e0 l\u1ea5y n\u00e9t th\u1ee7 c\u00f4ng, Ghi nh\u00e3n m\u1eabu v\u1eadt, C\u00f4ng c\u1ee5 \u0111o l\u01b0\u1eddng (chi\u1ec1u d\u00e0i, di\u1ec7n t\u00edch), Ch\u00fa th\u00edch h\u00ecnh \u1ea3nh, L\u01b0u tr\u1eef v\u00e0 xu\u1ea5t h\u00ecnh \u1ea3nh, Giao di\u1ec7n \u0111a ng\u00f4n ng\u1eef (Anh\/Trung), T\u00f9y ch\u1ec9nh giao di\u1ec7n<\/p>\t\t\t\t\t\t\t\t<\/div>\n\t\t\t\t<\/div>\n\t\t<div class=\"elementor-element elementor-element-c40142b e-con-full e-flex e-con e-child\" data-id=\"c40142b\" data-element_type=\"container\">\n\t\t\t\t<div class=\"elementor-element elementor-element-99fb664 elementor-widget elementor-widget-image\" data-id=\"99fb664\" data-element_type=\"widget\" data-widget_type=\"image.default\">\n\t\t\t\t\t\t\t\t\t\t\t\t\t\t\t<img decoding=\"async\" width=\"364\" height=\"474\" src=\"https:\/\/ztecsg.com\/wp-content\/uploads\/2025\/12\/WLX2.png\" class=\"attachment-large size-large wp-image-617\" alt=\"\" srcset=\"https:\/\/ztecsg.com\/wp-content\/uploads\/2025\/12\/WLX2.png 364w, https:\/\/ztecsg.com\/wp-content\/uploads\/2025\/12\/WLX2-230x300.png 230w\" sizes=\"(max-width: 364px) 100vw, 364px\" \/>\t\t\t\t\t\t\t\t\t\t\t\t\t\t\t<\/div>\n\t\t\t\t<\/div>\n\t\t\t\t\t<\/div>\n\t\t\t\t<\/div>\n\t\t\t\t<\/div>","protected":false},"excerpt":{"rendered":"<p>WLX-1800\/WLX2400 Product Overview \u2022 The gross imaging system is an advanced digital documentation platform designed for pathology laboratories handling high specimen volumes. It supports real-time macroscopic imaging, measurement, annotation, and [&hellip;]<\/p>\n","protected":false},"author":2,"featured_media":0,"parent":373,"menu_order":0,"comment_status":"closed","ping_status":"closed","template":"","meta":{"site-sidebar-layout":"default","site-content-layout":"","ast-site-content-layout":"default","site-content-style":"default","site-sidebar-style":"default","ast-global-header-display":"","ast-banner-title-visibility":"","ast-main-header-display":"","ast-hfb-above-header-display":"","ast-hfb-below-header-display":"","ast-hfb-mobile-header-display":"","site-post-title":"disabled","ast-breadcrumbs-content":"","ast-featured-img":"","footer-sml-layout":"","ast-disable-related-posts":"","theme-transparent-header-meta":"","adv-header-id-meta":"","stick-header-meta":"","header-above-stick-meta":"","header-main-stick-meta":"","header-below-stick-meta":"","astra-migrate-meta-layouts":"default","ast-page-background-enabled":"default","ast-page-background-meta":{"desktop":{"background-color":"var(--ast-global-color-5)","background-image":"","background-repeat":"repeat","background-position":"center center","background-size":"auto","background-attachment":"scroll","background-type":"","background-media":"","overlay-type":"","overlay-color":"","overlay-opacity":"","overlay-gradient":""},"tablet":{"background-color":"","background-image":"","background-repeat":"repeat","background-position":"center center","background-size":"auto","background-attachment":"scroll","background-type":"","background-media":"","overlay-type":"","overlay-color":"","overlay-opacity":"","overlay-gradient":""},"mobile":{"background-color":"","background-image":"","background-repeat":"repeat","background-position":"center center","background-size":"auto","background-attachment":"scroll","background-type":"","background-media":"","overlay-type":"","overlay-color":"","overlay-opacity":"","overlay-gradient":""}},"ast-content-background-meta":{"desktop":{"background-color":"var(--ast-global-color-4)","background-image":"","background-repeat":"repeat","background-position":"center center","background-size":"auto","background-attachment":"scroll","background-type":"","background-media":"","overlay-type":"","overlay-color":"","overlay-opacity":"","overlay-gradient":""},"tablet":{"background-color":"var(--ast-global-color-4)","background-image":"","background-repeat":"repeat","background-position":"center center","background-size":"auto","background-attachment":"scroll","background-type":"","background-media":"","overlay-type":"","overlay-color":"","overlay-opacity":"","overlay-gradient":""},"mobile":{"background-color":"var(--ast-global-color-4)","background-image":"","background-repeat":"repeat","background-position":"center center","background-size":"auto","background-attachment":"scroll","background-type":"","background-media":"","overlay-type":"","overlay-color":"","overlay-opacity":"","overlay-gradient":""}},"footnotes":""},"class_list":["post-613","page","type-page","status-publish","hentry"],"aioseo_notices":[],"_links":{"self":[{"href":"https:\/\/ztecsg.com\/vi\/wp-json\/wp\/v2\/pages\/613","targetHints":{"allow":["GET"]}}],"collection":[{"href":"https:\/\/ztecsg.com\/vi\/wp-json\/wp\/v2\/pages"}],"about":[{"href":"https:\/\/ztecsg.com\/vi\/wp-json\/wp\/v2\/types\/page"}],"author":[{"embeddable":true,"href":"https:\/\/ztecsg.com\/vi\/wp-json\/wp\/v2\/users\/2"}],"replies":[{"embeddable":true,"href":"https:\/\/ztecsg.com\/vi\/wp-json\/wp\/v2\/comments?post=613"}],"version-history":[{"count":10,"href":"https:\/\/ztecsg.com\/vi\/wp-json\/wp\/v2\/pages\/613\/revisions"}],"predecessor-version":[{"id":1038,"href":"https:\/\/ztecsg.com\/vi\/wp-json\/wp\/v2\/pages\/613\/revisions\/1038"}],"up":[{"embeddable":true,"href":"https:\/\/ztecsg.com\/vi\/wp-json\/wp\/v2\/pages\/373"}],"wp:attachment":[{"href":"https:\/\/ztecsg.com\/vi\/wp-json\/wp\/v2\/media?parent=613"}],"curies":[{"name":"wp","href":"https:\/\/api.w.org\/{rel}","templated":true}]}}