{"id":633,"date":"2025-12-13T11:17:46","date_gmt":"2025-12-13T03:17:46","guid":{"rendered":"https:\/\/ztecsg.com\/?page_id=633"},"modified":"2025-12-23T11:05:27","modified_gmt":"2025-12-23T03:05:27","slug":"cct240-2","status":"publish","type":"page","link":"https:\/\/ztecsg.com\/vi\/our-products\/cct240-2\/","title":{"rendered":"H\u1ec7 th\u1ed1ng theo d\u00f5i h\u1ed9p cassette"},"content":{"rendered":"<div data-elementor-type=\"wp-page\" data-elementor-id=\"633\" class=\"elementor elementor-633\">\n\t\t\t\t<div class=\"elementor-element elementor-element-e723596 e-flex e-con-boxed e-con e-parent\" data-id=\"e723596\" data-element_type=\"container\">\n\t\t\t\t\t<div class=\"e-con-inner\">\n\t\t\t\t<div class=\"elementor-element elementor-element-c069945 elementor-widget elementor-widget-heading\" data-id=\"c069945\" data-element_type=\"widget\" data-widget_type=\"heading.default\">\n\t\t\t\t\t<h2 class=\"elementor-heading-title elementor-size-default\">CCT-240<\/h2>\t\t\t\t<\/div>\n\t\t\t\t\t<\/div>\n\t\t\t\t<\/div>\n\t\t<div class=\"elementor-element elementor-element-817a3ea e-flex e-con-boxed e-con e-parent\" data-id=\"817a3ea\" data-element_type=\"container\">\n\t\t\t\t\t<div class=\"e-con-inner\">\n\t\t\t\t<div class=\"elementor-element elementor-element-7e573f3 elementor-widget-divider--view-line elementor-widget elementor-widget-divider\" data-id=\"7e573f3\" data-element_type=\"widget\" data-widget_type=\"divider.default\">\n\t\t\t\t\t\t\t<div class=\"elementor-divider\">\n\t\t\t<span class=\"elementor-divider-separator\">\n\t\t\t\t\t\t<\/span>\n\t\t<\/div>\n\t\t\t\t\t\t<\/div>\n\t\t\t\t\t<\/div>\n\t\t\t\t<\/div>\n\t\t<div class=\"elementor-element elementor-element-6351c5c e-flex e-con-boxed e-con e-parent\" data-id=\"6351c5c\" data-element_type=\"container\">\n\t\t\t\t\t<div class=\"e-con-inner\">\n\t\t\t\t<div class=\"elementor-element elementor-element-07b4f89 elementor-widget elementor-widget-text-editor\" data-id=\"07b4f89\" data-element_type=\"widget\" data-widget_type=\"text-editor.default\">\n\t\t\t\t\t\t\t\t\t<h3><strong>T\u1ed5ng quan S\u1ea3n ph\u1ea9m<\/strong><\/h3><p>\u2022 M\u00e1y Theo d\u00f5i H\u1ed9p Cassette CCT-240 l\u00e0 h\u1ec7 th\u1ed1ng nh\u1eadn d\u1ea1ng t\u1ed1c \u0111\u1ed9 cao, \u0111\u1ed9 ch\u00ednh x\u00e1c cao, \u0111\u01b0\u1ee3c thi\u1ebft k\u1ebf \u0111\u1ec3 h\u1ee3p l\u00fd h\u00f3a vi\u1ec7c theo d\u00f5i m\u1eabu v\u1eadt trong c\u00e1c ph\u00f2ng x\u00e9t nghi\u1ec7m Gi\u1ea3i ph\u1eabu b\u1ec7nh. N\u00f3 \u0111\u1ecdc nhanh m\u00e3 QR v\u00e0 m\u00e3 v\u1ea1ch tr\u00ean c\u00e1c h\u1ed9p cassette \u0111\u00fac m\u1eabu, h\u1ed7 tr\u1ee3 nh\u1eadn d\u1ea1ng h\u00e0ng lo\u1ea1t v\u00e0 t\u00edch h\u1ee3p li\u1ec1n m\u1ea1ch v\u1edbi ph\u1ea7n m\u1ec1m PIS.<\/p><p>\u2022 T\u01b0\u01a1ng th\u00edch v\u1edbi h\u1ed9p m\u1ea5t n\u01b0\u1edbc t\u1eeb c\u00e1c th\u01b0\u01a1ng hi\u1ec7u l\u1edbn nh\u01b0 Leica, Sakura, Thermo Fisher v\u00e0 Milestone, h\u1ec7 th\u1ed1ng c\u00f3 th\u1ec3 nh\u1eadn d\u1ea1ng t\u1edbi 200 cassette ch\u1ec9 trong 4 gi\u00e2y v\u1edbi \u0111\u1ed9 ch\u00ednh x\u00e1c nh\u1eadn d\u1ea1ng v\u01b0\u1ee3t qu\u00e1 99,5%. C\u1ea5u tr\u00fac ch\u1ed1ng \u0103n m\u00f2n v\u00e0 c\u00e1c ng\u0103n t\u00f9y ch\u1ec9nh \u0111\u1ea3m b\u1ea3o \u0111\u1ed9 b\u1ec1n l\u00e2u d\u00e0i v\u00e0 tri\u1ec3n khai linh ho\u1ea1t trong nhi\u1ec1u m\u00f4i tr\u01b0\u1eddng ph\u00f2ng th\u00ed nghi\u1ec7m kh\u00e1c nhau.<\/p>\t\t\t\t\t\t\t\t<\/div>\n\t\t\t\t\t<\/div>\n\t\t\t\t<\/div>\n\t\t<div class=\"elementor-element elementor-element-2a91746 e-flex e-con-boxed e-con e-parent\" data-id=\"2a91746\" data-element_type=\"container\">\n\t\t\t\t\t<div class=\"e-con-inner\">\n\t\t<div class=\"elementor-element elementor-element-b2f6136 e-con-full e-flex e-con e-child\" data-id=\"b2f6136\" data-element_type=\"container\">\n\t\t\t\t<div class=\"elementor-element elementor-element-35cea81 elementor-widget elementor-widget-text-editor\" data-id=\"35cea81\" data-element_type=\"widget\" data-widget_type=\"text-editor.default\">\n\t\t\t\t\t\t\t\t\t<h3><strong>Th\u00f4ng s\u1ed1 K\u1ef9 thu\u1eadt:<\/strong><\/h3><p>\u2022 Tu\u1ed5i th\u1ecd S\u1eed d\u1ee5ng D\u00e0i: V\u1eadt li\u1ec7u b\u1ec1n b\u1ec9 v\u1edbi kh\u1ea3 n\u0103ng ch\u1ed1ng \u0103n m\u00f2n, D\u1ec5 d\u00e0ng l\u00e0m s\u1ea1ch v\u00e0 b\u1ea3o tr\u00ec \u0111\u1ec3 s\u1eed d\u1ee5ng l\u00e2u d\u00e0i.<\/p><p>\u2022 Kh\u1ea3 n\u0103ng Ph\u00e2n bi\u1ec7t M\u1ea1nh m\u1ebd: H\u1ed7 tr\u1ee3 nhi\u1ec1u \u0111\u1ecbnh d\u1ea1ng m\u00e3 kh\u00e1c nhau:\n* M\u00e3 1D: Code39, Code93, Code128, EAN13, UPCA, UPCE, ITF25, Matrix25, MSI, China Post, Code 11.\n* M\u00e3 2D: QR Code, Data Matrix, PDF417, Stacked codes.\n* Cho ph\u00e9p nh\u1eadn d\u1ea1ng \u0111\u00e1ng tin c\u1eady tr\u00ean nhi\u1ec1u lo\u1ea1i cassette kh\u00e1c nhau.<\/p><p>\u2022 Hi\u1ec7u su\u1ea5t X\u1eed l\u00fd Nhanh ch\u00f3ng:\n* \u0110\u1ed9 ph\u00e2n gi\u1ea3i m\u00f4-\u0111un nh\u1eadn d\u1ea1ng: 6MP \/ 12MP\n* T\u1ed1c \u0111\u1ed9 khung h\u00ecnh: l\u00ean \u0111\u1ebfn 26 fps\n* K\u00edch th\u01b0\u1edbc \u0111i\u1ec3m \u1ea3nh: 3.2 \u00b5m \u00d7 3.2 \u00b5m\n* Th\u1eddi gian ph\u01a1i s\u00e1ng: 60 \u00b5s \u0111\u1ebfn 1 gi\u00e2y\n* T\u1ed1c \u0111\u1ed9 nh\u1eadn d\u1ea1ng: 200 cassette trong 4 gi\u00e2y\n* \u0110\u1ed9 ch\u00ednh x\u00e1c nh\u1eadn d\u1ea1ng: &gt;99,5%.<\/p><p>\u2022 L\u01b0u tr\u1eef Nhi\u1ec1u Lo\u1ea1i:\n* T\u01b0\u01a1ng th\u00edch v\u1edbi h\u1ed9p m\u1ea5t n\u01b0\u1edbc t\u1eeb Leica, Sakura, Thermo Fisher, Milestone, v.v.\n* C\u00e1c ng\u0103n t\u00f9y ch\u1ec9nh cho c\u00e1c \u0111\u1ecbnh d\u1ea1ng cassette kh\u00e1c nhau.\n* \u0110\u00e1nh d\u1ea5u t\u1ecda \u0111\u1ed9 t\u1ef1 \u0111\u1ed9ng v\u00e0 c\u1ea3nh b\u00e1o tr\u00f9ng l\u1eb7p trong h\u00ecnh \u1ea3nh ch\u1ee5p \u0111\u01b0\u1ee3c.<\/p><p>\u2022 K\u00edch th\u01b0\u1edbc: 670 \u00d7 450 \u00d7 340 mm.<\/p>\t\t\t\t\t\t\t\t<\/div>\n\t\t\t\t<\/div>\n\t\t<div class=\"elementor-element elementor-element-c40142b e-con-full e-flex e-con e-child\" data-id=\"c40142b\" data-element_type=\"container\">\n\t\t\t\t<div class=\"elementor-element elementor-element-0480c50 elementor-widget elementor-widget-spacer\" data-id=\"0480c50\" data-element_type=\"widget\" data-widget_type=\"spacer.default\">\n\t\t\t\t\t\t\t<div class=\"elementor-spacer\">\n\t\t\t<div class=\"elementor-spacer-inner\"><\/div>\n\t\t<\/div>\n\t\t\t\t\t\t<\/div>\n\t\t\t\t<div class=\"elementor-element elementor-element-99fb664 elementor-widget elementor-widget-image\" data-id=\"99fb664\" data-element_type=\"widget\" data-widget_type=\"image.default\">\n\t\t\t\t\t\t\t\t\t\t\t\t\t\t\t<img decoding=\"async\" src=\"https:\/\/ztecsg.com\/wp-content\/uploads\/elementor\/thumbs\/CCT240-1-rg2tbgmawjnhxexhguqpn83upde33dllu0ev6bu850.png\" title=\"CCT240\" alt=\"CCT240\" loading=\"lazy\" \/>\t\t\t\t\t\t\t\t\t\t\t\t\t\t\t<\/div>\n\t\t\t\t<\/div>\n\t\t\t\t\t<\/div>\n\t\t\t\t<\/div>\n\t\t<div class=\"elementor-element elementor-element-485929b e-flex e-con-boxed e-con e-parent\" data-id=\"485929b\" data-element_type=\"container\">\n\t\t\t\t\t<div class=\"e-con-inner\">\n\t\t\t\t<div class=\"elementor-element elementor-element-a3201f7 elementor-widget elementor-widget-text-editor\" data-id=\"a3201f7\" data-element_type=\"widget\" data-widget_type=\"text-editor.default\">\n\t\t\t\t\t\t\t\t\t<h3><strong>Cam k\u1ebft L\u1eafp \u0111\u1eb7t &amp; H\u1ed7 tr\u1ee3 T\u1ea1i ch\u1ed7<\/strong><\/h3><p>\u2022 CCT-240 t\u00edch h\u1ee3p li\u1ec1n m\u1ea1ch v\u00e0o c\u00e1c quy tr\u00ecnh Gi\u1ea3i ph\u1eabu b\u1ec7nh hi\u1ec7n c\u00f3 v\u00e0 h\u1ec7 th\u1ed1ng PIS.<\/p><p>\u2022 \u0110\u1ed9i ng\u0169 nh\u00e0 ph\u00e2n ph\u1ed1i \u0111\u1ecba ph\u01b0\u01a1ng c\u1ee7a ch\u00fang t\u00f4i cung c\u1ea5p d\u1ecbch v\u1ee5 l\u1eafp \u0111\u1eb7t, hi\u1ec7u chu\u1ea9n v\u00e0 \u0111\u00e0o t\u1ea1o ng\u01b0\u1eddi d\u00f9ng \u0111\u1ea7y \u0111\u1ee7.<\/p><p>\u2022 T\u1eeb thi\u1ebft l\u1eadp ph\u1ea7n c\u1ee9ng \u0111\u1ebfn t\u00edch h\u1ee3p ph\u1ea7n m\u1ec1m, ch\u00fang t\u00f4i \u0111\u1ea3m b\u1ea3o thi\u1ebft b\u1ecb theo d\u00f5i c\u1ee7a b\u1ea1n ho\u1ea1t \u0111\u1ed9ng \u0111\u00e1ng tin c\u1eady ngay t\u1eeb ng\u00e0y \u0111\u1ea7u ti\u00ean.<\/p>\t\t\t\t\t\t\t\t<\/div>\n\t\t\t\t\t<\/div>\n\t\t\t\t<\/div>\n\t\t\t\t<\/div>","protected":false},"excerpt":{"rendered":"<p>CCT-240 Product Overview: \u2022 The CCT-240 Cassette Case Tracker is a high-speed, high-accuracy identification system designed to streamline specimen tracking in pathology laboratories. It rapidly reads QR codes and barcodes [&hellip;]<\/p>\n","protected":false},"author":2,"featured_media":0,"parent":373,"menu_order":0,"comment_status":"closed","ping_status":"closed","template":"","meta":{"site-sidebar-layout":"default","site-content-layout":"","ast-site-content-layout":"default","site-content-style":"default","site-sidebar-style":"default","ast-global-header-display":"","ast-banner-title-visibility":"","ast-main-header-display":"","ast-hfb-above-header-display":"","ast-hfb-below-header-display":"","ast-hfb-mobile-header-display":"","site-post-title":"disabled","ast-breadcrumbs-content":"","ast-featured-img":"","footer-sml-layout":"","ast-disable-related-posts":"","theme-transparent-header-meta":"","adv-header-id-meta":"","stick-header-meta":"","header-above-stick-meta":"","header-main-stick-meta":"","header-below-stick-meta":"","astra-migrate-meta-layouts":"default","ast-page-background-enabled":"default","ast-page-background-meta":{"desktop":{"background-color":"var(--ast-global-color-5)","background-image":"","background-repeat":"repeat","background-position":"center center","background-size":"auto","background-attachment":"scroll","background-type":"","background-media":"","overlay-type":"","overlay-color":"","overlay-opacity":"","overlay-gradient":""},"tablet":{"background-color":"","background-image":"","background-repeat":"repeat","background-position":"center center","background-size":"auto","background-attachment":"scroll","background-type":"","background-media":"","overlay-type":"","overlay-color":"","overlay-opacity":"","overlay-gradient":""},"mobile":{"background-color":"","background-image":"","background-repeat":"repeat","background-position":"center center","background-size":"auto","background-attachment":"scroll","background-type":"","background-media":"","overlay-type":"","overlay-color":"","overlay-opacity":"","overlay-gradient":""}},"ast-content-background-meta":{"desktop":{"background-color":"var(--ast-global-color-4)","background-image":"","background-repeat":"repeat","background-position":"center center","background-size":"auto","background-attachment":"scroll","background-type":"","background-media":"","overlay-type":"","overlay-color":"","overlay-opacity":"","overlay-gradient":""},"tablet":{"background-color":"var(--ast-global-color-4)","background-image":"","background-repeat":"repeat","background-position":"center center","background-size":"auto","background-attachment":"scroll","background-type":"","background-media":"","overlay-type":"","overlay-color":"","overlay-opacity":"","overlay-gradient":""},"mobile":{"background-color":"var(--ast-global-color-4)","background-image":"","background-repeat":"repeat","background-position":"center center","background-size":"auto","background-attachment":"scroll","background-type":"","background-media":"","overlay-type":"","overlay-color":"","overlay-opacity":"","overlay-gradient":""}},"footnotes":""},"class_list":["post-633","page","type-page","status-publish","hentry"],"aioseo_notices":[],"_links":{"self":[{"href":"https:\/\/ztecsg.com\/vi\/wp-json\/wp\/v2\/pages\/633","targetHints":{"allow":["GET"]}}],"collection":[{"href":"https:\/\/ztecsg.com\/vi\/wp-json\/wp\/v2\/pages"}],"about":[{"href":"https:\/\/ztecsg.com\/vi\/wp-json\/wp\/v2\/types\/page"}],"author":[{"embeddable":true,"href":"https:\/\/ztecsg.com\/vi\/wp-json\/wp\/v2\/users\/2"}],"replies":[{"embeddable":true,"href":"https:\/\/ztecsg.com\/vi\/wp-json\/wp\/v2\/comments?post=633"}],"version-history":[{"count":14,"href":"https:\/\/ztecsg.com\/vi\/wp-json\/wp\/v2\/pages\/633\/revisions"}],"predecessor-version":[{"id":1186,"href":"https:\/\/ztecsg.com\/vi\/wp-json\/wp\/v2\/pages\/633\/revisions\/1186"}],"up":[{"embeddable":true,"href":"https:\/\/ztecsg.com\/vi\/wp-json\/wp\/v2\/pages\/373"}],"wp:attachment":[{"href":"https:\/\/ztecsg.com\/vi\/wp-json\/wp\/v2\/media?parent=633"}],"curies":[{"name":"wp","href":"https:\/\/api.w.org\/{rel}","templated":true}]}}