{"id":672,"date":"2025-12-13T12:11:48","date_gmt":"2025-12-13T04:11:48","guid":{"rendered":"https:\/\/ztecsg.com\/?page_id=672"},"modified":"2025-12-16T09:19:56","modified_gmt":"2025-12-16T01:19:56","slug":"wwac1680","status":"publish","type":"page","link":"https:\/\/ztecsg.com\/vi\/our-products\/wwac1680\/","title":{"rendered":"T\u1ee7 \u0111\u1ef1ng Cassette WWAC-1680"},"content":{"rendered":"<div data-elementor-type=\"wp-page\" data-elementor-id=\"672\" class=\"elementor elementor-672\">\n\t\t\t\t<div class=\"elementor-element elementor-element-e723596 e-flex e-con-boxed e-con e-parent\" data-id=\"e723596\" data-element_type=\"container\">\n\t\t\t\t\t<div class=\"e-con-inner\">\n\t\t\t\t<div class=\"elementor-element elementor-element-c069945 elementor-widget elementor-widget-heading\" data-id=\"c069945\" data-element_type=\"widget\" data-widget_type=\"heading.default\">\n\t\t\t\t\t<h2 class=\"elementor-heading-title elementor-size-default\">T\u1ee7 \u0111\u1ef1ng Cassette WWAC-1680<\/h2>\t\t\t\t<\/div>\n\t\t\t\t\t<\/div>\n\t\t\t\t<\/div>\n\t\t<div class=\"elementor-element elementor-element-817a3ea e-flex e-con-boxed e-con e-parent\" data-id=\"817a3ea\" data-element_type=\"container\">\n\t\t\t\t\t<div class=\"e-con-inner\">\n\t\t\t\t<div class=\"elementor-element elementor-element-7e573f3 elementor-widget-divider--view-line elementor-widget elementor-widget-divider\" data-id=\"7e573f3\" data-element_type=\"widget\" data-widget_type=\"divider.default\">\n\t\t\t\t\t\t\t<div class=\"elementor-divider\">\n\t\t\t<span class=\"elementor-divider-separator\">\n\t\t\t\t\t\t<\/span>\n\t\t<\/div>\n\t\t\t\t\t\t<\/div>\n\t\t\t\t\t<\/div>\n\t\t\t\t<\/div>\n\t\t<div class=\"elementor-element elementor-element-6351c5c e-flex e-con-boxed e-con e-parent\" data-id=\"6351c5c\" data-element_type=\"container\">\n\t\t\t\t\t<div class=\"e-con-inner\">\n\t\t\t\t<div class=\"elementor-element elementor-element-07b4f89 elementor-widget elementor-widget-text-editor\" data-id=\"07b4f89\" data-element_type=\"widget\" data-widget_type=\"text-editor.default\">\n\t\t\t\t\t\t\t\t\t<h3><strong>T\u1ed5ng quan S\u1ea3n ph\u1ea9m<\/strong><\/h3><p>T\u1ee7 \u0111\u1ef1ng Cassette WWAC-1680 l\u00e0 h\u1ec7 th\u1ed1ng l\u01b0u tr\u1eef dung l\u01b0\u1ee3ng cao \u0111\u01b0\u1ee3c thi\u1ebft k\u1ebf \u0111\u1ec3 b\u1ea3o qu\u1ea3n l\u00e2u d\u00e0i v\u00e0 truy xu\u1ea5t ngu\u1ed3n g\u1ed1c c\u00e1c kh\u1ed1i m\u00f4 \u0111\u00fac paraffin. S\u1ea3n ph\u1ea9m h\u1ed7 tr\u1ee3 c\u00e1c khoa gi\u1ea3i ph\u1eabu b\u1ec7nh, ph\u00f2ng x\u00e9t nghi\u1ec7m \u0111\u1ed9c l\u1eadp, c\u01a1 quan ph\u00e1p y v\u00e0 vi\u1ec7n nghi\u00ean c\u1ee9u th\u00f4ng qua vi\u1ec7c cung c\u1ea5p gi\u1ea3i ph\u00e1p l\u01b0u tr\u1eef an to\u00e0n, b\u1ec1n b\u1ec9 v\u00e0 c\u00f3 t\u1ed5 ch\u1ee9c cho c\u00e1c m\u1eabu sinh h\u1ecdc g\u1ed1c. K\u1ebft c\u1ea5u th\u00e9p, thi\u1ebft k\u1ebf x\u1ebfp m\u00f4-\u0111un v\u00e0 dung l\u01b0\u1ee3ng ng\u0103n k\u00e9o l\u1edbn khi\u1ebfn n\u00f3 tr\u1edf th\u00e0nh l\u1ef1a ch\u1ecdn l\u00fd t\u01b0\u1edfng cho m\u00f4i tr\u01b0\u1eddng l\u01b0u tr\u1eef kh\u1ed1i l\u01b0\u1ee3ng cao.<\/p>\t\t\t\t\t\t\t\t<\/div>\n\t\t\t\t\t<\/div>\n\t\t\t\t<\/div>\n\t\t<div class=\"elementor-element elementor-element-2a91746 e-flex e-con-boxed e-con e-parent\" data-id=\"2a91746\" data-element_type=\"container\">\n\t\t\t\t\t<div class=\"e-con-inner\">\n\t\t<div class=\"elementor-element elementor-element-b2f6136 e-con-full e-flex e-con e-child\" data-id=\"b2f6136\" data-element_type=\"container\">\n\t\t\t\t<div class=\"elementor-element elementor-element-35cea81 elementor-widget elementor-widget-text-editor\" data-id=\"35cea81\" data-element_type=\"widget\" data-widget_type=\"text-editor.default\">\n\t\t\t\t\t\t\t\t\t<h3><strong>Th\u00f4ng s\u1ed1 K\u1ef9 thu\u1eadt:<\/strong><\/h3><p>\u2022 K\u1ebft c\u1ea5u B\u1ec1n b\u1ec9: \u0110\u01b0\u1ee3c ch\u1ebf t\u1ea1o t\u1eeb th\u00e9p cu\u1ed9n c\u00e1n ngu\u1ed9i Baosteel d\u00e0y 0.8 mm, X\u1eed l\u00fd b\u1ec1 m\u1eb7t b\u1eb1ng ph\u01b0\u01a1ng ph\u00e1p r\u1eeda axit + phosphating, Ho\u00e0n thi\u1ec7n v\u1edbi l\u1edbp ph\u1ee7 b\u1ed9t epoxy nh\u1ef1a nhi\u1ec7t \u0111\u1ed9 cao \u0111\u1ec3 ch\u1ed1ng \u0103n m\u00f2n v\u00e0 k\u00e9o d\u00e0i tu\u1ed5i th\u1ecd, T\u1ea5t c\u1ea3 c\u00e1c th\u00e0nh ph\u1ea7n c\u1ea5u tr\u00fac \u0111\u01b0\u1ee3c \u0111\u1ecbnh h\u00ecnh khu\u00f4n \u0111\u01a1n \u0111\u1ec3 t\u0103ng \u0111\u1ed9 c\u1ee9ng v\u00e0 \u1ed5n \u0111\u1ecbnh<\/p><p>\u2022 V\u1eadn h\u00e0nh Ng\u0103n k\u00e9o Tr\u01a1n tru: C\u00e1c ng\u0103n k\u00e9o \u0111\u01b0\u1ee3c trang b\u1ecb \u0111\u01b0\u1eddng ray d\u1eabn h\u01b0\u1edbng con l\u0103n, Tay c\u1ea7m \u00e2m b\u1ec1 m\u1eb7t l\u00e0m t\u1eeb nh\u1ef1a k\u1ef9 thu\u1eadt c\u01b0\u1eddng \u0111\u1ed9 cao, \u0110\u01b0\u1ee3c thi\u1ebft k\u1ebf cho vi\u1ec7c truy c\u1eadp h\u00e0ng ng\u00e0y th\u01b0\u1eddng xuy\u00ean m\u00e0 kh\u00f4ng b\u1ecb bi\u1ebfn d\u1ea1ng<\/p><p>\u2022 L\u01b0u tr\u1eef Dung l\u01b0\u1ee3ng Cao: K\u00edch th\u01b0\u1edbc m\u1ed7i \u0111\u01a1n v\u1ecb: 500 \u00d7 450 \u00d7 1680 mm, M\u1ed7i b\u1ed9 \u0111\u1ea7y \u0111\u1ee7 bao g\u1ed3m 4 \u0111\u01a1n v\u1ecb x\u1ebfp ch\u1ed3ng, m\u1ed7i \u0111\u01a1n v\u1ecb c\u00f3 k\u00edch th\u01b0\u1edbc 500 \u00d7 450 \u00d7 390 mm, K\u00edch th\u01b0\u1edbc \u0111\u1ebf: 500 \u00d7 450 \u00d7 120 mm, M\u1ed7i \u0111\u01a1n v\u1ecb ch\u1ee9a 6 ng\u0103n k\u00e9o d\u1ecdc, t\u1ed5ng c\u1ed9ng 24 ng\u0103n k\u00e9o m\u1ed7i b\u1ed9, Dung l\u01b0\u1ee3ng l\u01b0u tr\u1eef \u01b0\u1edbc t\u00ednh: 15.000 kh\u1ed1i s\u00e1p m\u1ed7i b\u1ed9, L\u00fd t\u01b0\u1edfng cho quy tr\u00ecnh gi\u1ea3i ph\u1eabu b\u1ec7nh kh\u1ed1i l\u01b0\u1ee3ng l\u1edbn<\/p><p>\u2022 C\u1ea5u h\u00ecnh Linh ho\u1ea1t: T\u1ee7 cassette v\u00e0 t\u1ee7 lam k\u00ednh c\u00f3 th\u1ec3 x\u1ebfp ch\u1ed3ng, cho ph\u00e9p m\u1edf r\u1ed9ng theo m\u00f4-\u0111un, T\u01b0\u01a1ng th\u00edch v\u1edbi nhi\u1ec1u b\u1ed1 c\u1ee5c ph\u00f2ng th\u00ed nghi\u1ec7m kh\u00e1c nhau, C\u00f3 phi\u00ean b\u1ea3n kh\u00f3a t\u00f9y ch\u1ecdn<\/p><p>\u2022 Phi\u00ean b\u1ea3n C\u00f3 Kh\u00f3a (T\u00f9y ch\u1ecdn): K\u00edch th\u01b0\u1edbc m\u1ed7i \u0111\u01a1n v\u1ecb: 500 \u00d7 540 \u00d7 400 mm (d\u00e0i \u00d7 s\u00e2u \u00d7 cao), Cung c\u1ea5p gi\u1ea3i ph\u00e1p l\u01b0u tr\u1eef an to\u00e0n cho c\u00e1c m\u00f4i tr\u01b0\u1eddng ki\u1ec3m so\u00e1t truy c\u1eadp<\/p>\t\t\t\t\t\t\t\t<\/div>\n\t\t\t\t<\/div>\n\t\t<div class=\"elementor-element elementor-element-c40142b e-con-full e-flex e-con e-child\" data-id=\"c40142b\" data-element_type=\"container\">\n\t\t\t\t<div class=\"elementor-element elementor-element-a1d307e elementor-widget elementor-widget-spacer\" data-id=\"a1d307e\" data-element_type=\"widget\" data-widget_type=\"spacer.default\">\n\t\t\t\t\t\t\t<div class=\"elementor-spacer\">\n\t\t\t<div class=\"elementor-spacer-inner\"><\/div>\n\t\t<\/div>\n\t\t\t\t\t\t<\/div>\n\t\t\t\t<div class=\"elementor-element elementor-element-99fb664 elementor-widget elementor-widget-image\" data-id=\"99fb664\" data-element_type=\"widget\" data-widget_type=\"image.default\">\n\t\t\t\t\t\t\t\t\t\t\t\t\t\t\t<img decoding=\"async\" src=\"https:\/\/ztecsg.com\/wp-content\/uploads\/elementor\/thumbs\/cassttee-rg2vmczvnj4vvciie6r71t0crqsgydpdkbphvux9dg.png\" title=\"cassttee\" alt=\"cassttee\" loading=\"lazy\" \/>\t\t\t\t\t\t\t\t\t\t\t\t\t\t\t<\/div>\n\t\t\t\t<\/div>\n\t\t\t\t\t<\/div>\n\t\t\t\t<\/div>\n\t\t<div class=\"elementor-element elementor-element-26f5639 e-flex e-con-boxed e-con e-parent\" data-id=\"26f5639\" data-element_type=\"container\">\n\t\t\t\t\t<div class=\"e-con-inner\">\n\t\t<div class=\"elementor-element elementor-element-5cb6c7a e-con-full e-flex e-con e-child\" data-id=\"5cb6c7a\" data-element_type=\"container\">\n\t\t\t\t<div class=\"elementor-element elementor-element-f7214cd elementor-widget elementor-widget-text-editor\" data-id=\"f7214cd\" data-element_type=\"widget\" data-widget_type=\"text-editor.default\">\n\t\t\t\t\t\t\t\t\t<h3><strong>C\u00e1c T\u00ecnh hu\u1ed1ng \u1ee8ng d\u1ee5ng:<\/strong><\/h3><p>\u2022 Khoa Gi\u1ea3i ph\u1eabu b\u1ec7nh B\u1ec7nh vi\u1ec7n<\/p><p>\u2022 Ph\u00f2ng X\u00e9t nghi\u1ec7m Ch\u1ea9n \u0111o\u00e1n \u0110\u1ed9c l\u1eadp<\/p><p>\u2022 C\u01a1 quan Gi\u00e1m \u0111\u1ecbnh Ph\u00e1p y<\/p><p>\u2022 Tr\u01b0\u1eddng \u0110\u1ea1i h\u1ecdc Y khoa v\u00e0 Vi\u1ec7n Nghi\u00ean c\u1ee9u<\/p><p>\u2022 C\u01a1 s\u1edf Ng\u00e2n h\u00e0ng Sinh h\u1ecdc v\u00e0 L\u01b0u tr\u1eef<\/p>\t\t\t\t\t\t\t\t<\/div>\n\t\t\t\t<\/div>\n\t\t<div class=\"elementor-element elementor-element-0c063ce e-con-full e-flex e-con e-child\" data-id=\"0c063ce\" data-element_type=\"container\">\n\t\t\t\t<div class=\"elementor-element elementor-element-eea1562 elementor-widget elementor-widget-image\" data-id=\"eea1562\" data-element_type=\"widget\" data-widget_type=\"image.default\">\n\t\t\t\t\t\t\t\t\t\t\t\t\t\t\t<img fetchpriority=\"high\" decoding=\"async\" width=\"416\" height=\"275\" src=\"https:\/\/ztecsg.com\/wp-content\/uploads\/2025\/12\/CASSS.png\" class=\"attachment-large size-large wp-image-675\" alt=\"\" srcset=\"https:\/\/ztecsg.com\/wp-content\/uploads\/2025\/12\/CASSS.png 416w, https:\/\/ztecsg.com\/wp-content\/uploads\/2025\/12\/CASSS-300x198.png 300w\" sizes=\"(max-width: 416px) 100vw, 416px\" \/>\t\t\t\t\t\t\t\t\t\t\t\t\t\t\t<\/div>\n\t\t\t\t<\/div>\n\t\t\t\t\t<\/div>\n\t\t\t\t<\/div>\n\t\t\t\t<\/div>","protected":false},"excerpt":{"rendered":"<p>Cassette Cabinet WWAC-1680 Product Overview: The WWAC-1680 Cassette Cabinet is a high-capacity storage system designed for long-term preservation and traceability of paraffin-embedded tissue blocks. It supports pathology departments, independent labs, [&hellip;]<\/p>\n","protected":false},"author":2,"featured_media":0,"parent":373,"menu_order":0,"comment_status":"closed","ping_status":"closed","template":"","meta":{"site-sidebar-layout":"default","site-content-layout":"","ast-site-content-layout":"default","site-content-style":"default","site-sidebar-style":"default","ast-global-header-display":"","ast-banner-title-visibility":"","ast-main-header-display":"","ast-hfb-above-header-display":"","ast-hfb-below-header-display":"","ast-hfb-mobile-header-display":"","site-post-title":"disabled","ast-breadcrumbs-content":"","ast-featured-img":"","footer-sml-layout":"","ast-disable-related-posts":"","theme-transparent-header-meta":"","adv-header-id-meta":"","stick-header-meta":"","header-above-stick-meta":"","header-main-stick-meta":"","header-below-stick-meta":"","astra-migrate-meta-layouts":"default","ast-page-background-enabled":"default","ast-page-background-meta":{"desktop":{"background-color":"var(--ast-global-color-5)","background-image":"","background-repeat":"repeat","background-position":"center center","background-size":"auto","background-attachment":"scroll","background-type":"","background-media":"","overlay-type":"","overlay-color":"","overlay-opacity":"","overlay-gradient":""},"tablet":{"background-color":"","background-image":"","background-repeat":"repeat","background-position":"center center","background-size":"auto","background-attachment":"scroll","background-type":"","background-media":"","overlay-type":"","overlay-color":"","overlay-opacity":"","overlay-gradient":""},"mobile":{"background-color":"","background-image":"","background-repeat":"repeat","background-position":"center center","background-size":"auto","background-attachment":"scroll","background-type":"","background-media":"","overlay-type":"","overlay-color":"","overlay-opacity":"","overlay-gradient":""}},"ast-content-background-meta":{"desktop":{"background-color":"var(--ast-global-color-4)","background-image":"","background-repeat":"repeat","background-position":"center center","background-size":"auto","background-attachment":"scroll","background-type":"","background-media":"","overlay-type":"","overlay-color":"","overlay-opacity":"","overlay-gradient":""},"tablet":{"background-color":"var(--ast-global-color-4)","background-image":"","background-repeat":"repeat","background-position":"center center","background-size":"auto","background-attachment":"scroll","background-type":"","background-media":"","overlay-type":"","overlay-color":"","overlay-opacity":"","overlay-gradient":""},"mobile":{"background-color":"var(--ast-global-color-4)","background-image":"","background-repeat":"repeat","background-position":"center center","background-size":"auto","background-attachment":"scroll","background-type":"","background-media":"","overlay-type":"","overlay-color":"","overlay-opacity":"","overlay-gradient":""}},"footnotes":""},"class_list":["post-672","page","type-page","status-publish","hentry"],"aioseo_notices":[],"_links":{"self":[{"href":"https:\/\/ztecsg.com\/vi\/wp-json\/wp\/v2\/pages\/672","targetHints":{"allow":["GET"]}}],"collection":[{"href":"https:\/\/ztecsg.com\/vi\/wp-json\/wp\/v2\/pages"}],"about":[{"href":"https:\/\/ztecsg.com\/vi\/wp-json\/wp\/v2\/types\/page"}],"author":[{"embeddable":true,"href":"https:\/\/ztecsg.com\/vi\/wp-json\/wp\/v2\/users\/2"}],"replies":[{"embeddable":true,"href":"https:\/\/ztecsg.com\/vi\/wp-json\/wp\/v2\/comments?post=672"}],"version-history":[{"count":10,"href":"https:\/\/ztecsg.com\/vi\/wp-json\/wp\/v2\/pages\/672\/revisions"}],"predecessor-version":[{"id":981,"href":"https:\/\/ztecsg.com\/vi\/wp-json\/wp\/v2\/pages\/672\/revisions\/981"}],"up":[{"embeddable":true,"href":"https:\/\/ztecsg.com\/vi\/wp-json\/wp\/v2\/pages\/373"}],"wp:attachment":[{"href":"https:\/\/ztecsg.com\/vi\/wp-json\/wp\/v2\/media?parent=672"}],"curies":[{"name":"wp","href":"https:\/\/api.w.org\/{rel}","templated":true}]}}