{"id":679,"date":"2025-12-13T12:16:20","date_gmt":"2025-12-13T04:16:20","guid":{"rendered":"https:\/\/ztecsg.com\/?page_id=679"},"modified":"2025-12-16T09:33:31","modified_gmt":"2025-12-16T01:33:31","slug":"wslc1680","status":"publish","type":"page","link":"https:\/\/ztecsg.com\/vi\/our-products\/wslc1680\/","title":{"rendered":"T\u1ee7 \u0111\u1ef1ng Lam k\u00ednh WSLC-1680"},"content":{"rendered":"<div data-elementor-type=\"wp-page\" data-elementor-id=\"679\" class=\"elementor elementor-679\">\n\t\t\t\t<div class=\"elementor-element elementor-element-e723596 e-flex e-con-boxed e-con e-parent\" data-id=\"e723596\" data-element_type=\"container\">\n\t\t\t\t\t<div class=\"e-con-inner\">\n\t\t\t\t<div class=\"elementor-element elementor-element-c069945 elementor-widget elementor-widget-heading\" data-id=\"c069945\" data-element_type=\"widget\" data-widget_type=\"heading.default\">\n\t\t\t\t\t<h2 class=\"elementor-heading-title elementor-size-default\">T\u1ee7 \u0111\u1ef1ng Lam k\u00ednh WSLC-1680<\/h2>\t\t\t\t<\/div>\n\t\t\t\t\t<\/div>\n\t\t\t\t<\/div>\n\t\t<div class=\"elementor-element elementor-element-817a3ea e-flex e-con-boxed e-con e-parent\" data-id=\"817a3ea\" data-element_type=\"container\">\n\t\t\t\t\t<div class=\"e-con-inner\">\n\t\t\t\t<div class=\"elementor-element elementor-element-7e573f3 elementor-widget-divider--view-line elementor-widget elementor-widget-divider\" data-id=\"7e573f3\" data-element_type=\"widget\" data-widget_type=\"divider.default\">\n\t\t\t\t\t\t\t<div class=\"elementor-divider\">\n\t\t\t<span class=\"elementor-divider-separator\">\n\t\t\t\t\t\t<\/span>\n\t\t<\/div>\n\t\t\t\t\t\t<\/div>\n\t\t\t\t\t<\/div>\n\t\t\t\t<\/div>\n\t\t<div class=\"elementor-element elementor-element-6351c5c e-flex e-con-boxed e-con e-parent\" data-id=\"6351c5c\" data-element_type=\"container\">\n\t\t\t\t\t<div class=\"e-con-inner\">\n\t\t\t\t<div class=\"elementor-element elementor-element-07b4f89 elementor-widget elementor-widget-text-editor\" data-id=\"07b4f89\" data-element_type=\"widget\" data-widget_type=\"text-editor.default\">\n\t\t\t\t\t\t\t\t\t<h3><strong>T\u1ed5ng quan S\u1ea3n ph\u1ea9m<\/strong><\/h3><p>T\u1ee7 \u0111\u1ef1ng Lam k\u00ednh WSLC-1680 \u0111\u01b0\u1ee3c thi\u1ebft k\u1ebf cho vi\u1ec7c l\u01b0u tr\u1eef l\u00e2u d\u00e0i, m\u1eadt \u0111\u1ed9 cao c\u00e1c lam k\u00ednh hi\u1ec3n vi, bao g\u1ed3m c\u00e1c ti\u00eau b\u1ea3n nhu\u1ed9m gi\u1ea3i ph\u1eabu b\u1ec7nh d\u00f9ng cho \u0111\u00e1nh gi\u00e1 ch\u1ea9n \u0111o\u00e1n v\u00e0 gi\u1ea3ng d\u1ea1y. L\u00e0 m\u1ed9t trong nh\u1eefng kho l\u01b0u tr\u1eef \u0111\u01b0\u1ee3c truy c\u1eadp th\u01b0\u1eddng xuy\u00ean nh\u1ea5t trong gi\u1ea3i ph\u1eabu b\u1ec7nh, t\u1ee7 n\u00e0y \u0111\u1ea3m b\u1ea3o s\u1ef1 s\u1eafp x\u1ebfp c\u00f3 tr\u1eadt t\u1ef1 v\u00e0 truy xu\u1ea5t nhanh ch\u00f3ng \u0111\u1ec3 h\u1ed7 tr\u1ee3 ch\u1ea9n \u0111o\u00e1n h\u00e0ng ng\u00e0y, th\u1ea3o lu\u1eadn ca b\u1ec7nh ph\u1ee9c t\u1ea1p v\u00e0 gi\u00e1o d\u1ee5c y t\u1ebf. N\u00f3 \u0111\u01b0\u1ee3c tri\u1ec3n khai r\u1ed9ng r\u00e3i t\u1ea1i c\u00e1c khoa gi\u1ea3i ph\u1eabu b\u1ec7nh b\u1ec7nh vi\u1ec7n, ph\u00f2ng th\u00ed nghi\u1ec7m y t\u1ebf v\u00e0 c\u00e1c c\u01a1 s\u1edf gi\u1ea3ng d\u1ea1y.<\/p>\t\t\t\t\t\t\t\t<\/div>\n\t\t\t\t\t<\/div>\n\t\t\t\t<\/div>\n\t\t<div class=\"elementor-element elementor-element-2a91746 e-flex e-con-boxed e-con e-parent\" data-id=\"2a91746\" data-element_type=\"container\">\n\t\t\t\t\t<div class=\"e-con-inner\">\n\t\t<div class=\"elementor-element elementor-element-b2f6136 e-con-full e-flex e-con e-child\" data-id=\"b2f6136\" data-element_type=\"container\">\n\t\t\t\t<div class=\"elementor-element elementor-element-35cea81 elementor-widget elementor-widget-text-editor\" data-id=\"35cea81\" data-element_type=\"widget\" data-widget_type=\"text-editor.default\">\n\t\t\t\t\t\t\t\t\t<h3><strong>Th\u00f4ng s\u1ed1 K\u1ef9 thu\u1eadt:<\/strong><\/h3><p><strong>K\u1ebft c\u1ea5u B\u1ec1n b\u1ec9:<\/strong> \u0110\u01b0\u1ee3c ch\u1ebf t\u1ea1o t\u1eeb th\u00e9p cu\u1ed9n c\u00e1n ngu\u1ed9i Baosteel d\u00e0y 0.8 mm, X\u1eed l\u00fd b\u1ec1 m\u1eb7t b\u1eb1ng ph\u01b0\u01a1ng ph\u00e1p r\u1eeda axit + phosphating, Ho\u00e0n thi\u1ec7n v\u1edbi l\u1edbp ph\u1ee7 b\u1ed9t epoxy nh\u1ef1a nhi\u1ec7t \u0111\u1ed9 cao \u0111\u1ec3 ch\u1ed1ng \u0103n m\u00f2n v\u00e0 k\u00e9o d\u00e0i tu\u1ed5i th\u1ecd, T\u1ea5t c\u1ea3 c\u00e1c th\u00e0nh ph\u1ea7n c\u1ea5u tr\u00fac \u0111\u01b0\u1ee3c \u0111\u1ecbnh h\u00ecnh khu\u00f4n \u0111\u01a1n \u0111\u1ec3 t\u0103ng \u0111\u1ed9 c\u1ee9ng v\u00e0 \u1ed5n \u0111\u1ecbnh.<\/p><p><strong>V\u1eadn h\u00e0nh Ng\u0103n k\u00e9o Tr\u01a1n tru:<\/strong> \u0110\u01b0\u1ee3c trang b\u1ecb tay c\u1ea7m \u0111\u1ea7u n\u1ea5m b\u1eb1ng nh\u1ef1a k\u1ef9 thu\u1eadt, V\u1eadn h\u00e0nh tr\u01a1n tru ph\u00f9 h\u1ee3p cho vi\u1ec7c truy c\u1eadp h\u00e0ng ng\u00e0y t\u1ea7n su\u1ea5t cao.<\/p><p><strong>L\u01b0u tr\u1eef Dung l\u01b0\u1ee3ng Cao:<\/strong> K\u00edch th\u01b0\u1edbc m\u1ed7i \u0111\u01a1n v\u1ecb: 500 \u00d7 450 \u00d7 1680 mm, M\u1ed7i b\u1ed9 \u0111\u1ea7y \u0111\u1ee7 bao g\u1ed3m 12 \u0111\u01a1n v\u1ecb c\u00f3 th\u1ec3 x\u1ebfp ch\u1ed3ng, m\u1ed7i \u0111\u01a1n v\u1ecb c\u00f3 k\u00edch th\u01b0\u1edbc 500 \u00d7 450 \u00d7 130 mm, K\u00edch th\u01b0\u1edbc \u0111\u1ebf: 500 \u00d7 450 \u00d7 120 mm, 6 ng\u0103n k\u00e9o ngang m\u1ed7i \u0111\u01a1n v\u1ecb, t\u1ed5ng c\u1ed9ng 72 ng\u0103n k\u00e9o m\u1ed7i b\u1ed9, Dung l\u01b0\u1ee3ng l\u01b0u tr\u1eef \u01b0\u1edbc t\u00ednh: 60.000 lam k\u00ednh m\u1ed7i b\u1ed9, L\u00fd t\u01b0\u1edfng cho quy tr\u00ecnh gi\u1ea3i ph\u1eabu b\u1ec7nh kh\u1ed1i l\u01b0\u1ee3ng l\u1edbn.<\/p><p><strong>C\u1ea5u h\u00ecnh Linh ho\u1ea1t:<\/strong> T\u1ee7 cassette v\u00e0 t\u1ee7 lam k\u00ednh c\u00f3 th\u1ec3 x\u1ebfp ch\u1ed3ng, cho ph\u00e9p m\u1edf r\u1ed9ng theo m\u00f4-\u0111un, T\u01b0\u01a1ng th\u00edch v\u1edbi nhi\u1ec1u b\u1ed1 c\u1ee5c ph\u00f2ng th\u00ed nghi\u1ec7m kh\u00e1c nhau, C\u00f3 phi\u00ean b\u1ea3n kh\u00f3a t\u00f9y ch\u1ecdn.<\/p><p><strong>Phi\u00ean b\u1ea3n C\u00f3 Kh\u00f3a (T\u00f9y ch\u1ecdn):<\/strong> K\u00edch th\u01b0\u1edbc m\u1ed7i \u0111\u01a1n v\u1ecb: 500 \u00d7 540 \u00d7 400 mm (d\u00e0i \u00d7 s\u00e2u \u00d7 cao), Cung c\u1ea5p gi\u1ea3i ph\u00e1p l\u01b0u tr\u1eef an to\u00e0n cho c\u00e1c m\u00f4i tr\u01b0\u1eddng ki\u1ec3m so\u00e1t truy c\u1eadp.<\/p>\t\t\t\t\t\t\t\t<\/div>\n\t\t\t\t<\/div>\n\t\t<div class=\"elementor-element elementor-element-c40142b e-con-full e-flex e-con e-child\" data-id=\"c40142b\" data-element_type=\"container\">\n\t\t\t\t<div class=\"elementor-element elementor-element-99fb664 elementor-widget elementor-widget-image\" data-id=\"99fb664\" data-element_type=\"widget\" data-widget_type=\"image.default\">\n\t\t\t\t\t\t\t\t\t\t\t\t\t\t\t<img fetchpriority=\"high\" decoding=\"async\" width=\"350\" height=\"673\" src=\"https:\/\/ztecsg.com\/wp-content\/uploads\/2025\/12\/WSLC.png\" class=\"attachment-full size-full wp-image-681\" alt=\"\" srcset=\"https:\/\/ztecsg.com\/wp-content\/uploads\/2025\/12\/WSLC.png 350w, https:\/\/ztecsg.com\/wp-content\/uploads\/2025\/12\/WSLC-156x300.png 156w\" sizes=\"(max-width: 350px) 100vw, 350px\" \/>\t\t\t\t\t\t\t\t\t\t\t\t\t\t\t<\/div>\n\t\t\t\t<\/div>\n\t\t\t\t\t<\/div>\n\t\t\t\t<\/div>\n\t\t<div class=\"elementor-element elementor-element-57a7f59 e-flex e-con-boxed e-con e-parent\" data-id=\"57a7f59\" data-element_type=\"container\">\n\t\t\t\t\t<div class=\"e-con-inner\">\n\t\t<div class=\"elementor-element elementor-element-e14dc0f e-con-full e-flex e-con e-child\" data-id=\"e14dc0f\" data-element_type=\"container\">\n\t\t\t\t<div class=\"elementor-element elementor-element-a2b8c6e elementor-widget elementor-widget-text-editor\" data-id=\"a2b8c6e\" data-element_type=\"widget\" data-widget_type=\"text-editor.default\">\n\t\t\t\t\t\t\t\t\t<h3><strong>C\u00e1c T\u00ecnh hu\u1ed1ng \u1ee8ng d\u1ee5ng:<\/strong><\/h3><p>\u2022 Khoa Gi\u1ea3i ph\u1eabu b\u1ec7nh B\u1ec7nh vi\u1ec7n<\/p><p>\u2022 Ph\u00f2ng X\u00e9t nghi\u1ec7m Ch\u1ea9n \u0111o\u00e1n \u0110\u1ed9c l\u1eadp<\/p><p>\u2022 C\u01a1 quan Gi\u00e1m \u0111\u1ecbnh Ph\u00e1p y<\/p><p>\u2022 Tr\u01b0\u1eddng \u0110\u1ea1i h\u1ecdc Y khoa v\u00e0 Vi\u1ec7n Nghi\u00ean c\u1ee9u<\/p><p>\u2022 C\u01a1 s\u1edf Ng\u00e2n h\u00e0ng Sinh h\u1ecdc v\u00e0 L\u01b0u tr\u1eef<\/p>\t\t\t\t\t\t\t\t<\/div>\n\t\t\t\t<\/div>\n\t\t<div class=\"elementor-element elementor-element-9155b04 e-con-full e-flex e-con e-child\" data-id=\"9155b04\" data-element_type=\"container\">\n\t\t\t\t<div class=\"elementor-element elementor-element-feb7ead elementor-widget elementor-widget-image\" data-id=\"feb7ead\" data-element_type=\"widget\" data-widget_type=\"image.default\">\n\t\t\t\t\t\t\t\t\t\t\t\t\t\t\t<img decoding=\"async\" width=\"416\" height=\"275\" src=\"https:\/\/ztecsg.com\/wp-content\/uploads\/2025\/12\/CASSS.png\" class=\"attachment-full size-full wp-image-675\" alt=\"\" srcset=\"https:\/\/ztecsg.com\/wp-content\/uploads\/2025\/12\/CASSS.png 416w, https:\/\/ztecsg.com\/wp-content\/uploads\/2025\/12\/CASSS-300x198.png 300w\" sizes=\"(max-width: 416px) 100vw, 416px\" \/>\t\t\t\t\t\t\t\t\t\t\t\t\t\t\t<\/div>\n\t\t\t\t<\/div>\n\t\t\t\t\t<\/div>\n\t\t\t\t<\/div>\n\t\t\t\t<\/div>","protected":false},"excerpt":{"rendered":"<p>Slide Cabinet WSLC-1680 Product Overview: The WSLC-1680 Slide Cabinet is designed for the long-term, high-density storage of microscope slides, including stained pathological sections used for diagnostic review and teaching. As [&hellip;]<\/p>\n","protected":false},"author":2,"featured_media":0,"parent":373,"menu_order":0,"comment_status":"closed","ping_status":"closed","template":"","meta":{"site-sidebar-layout":"default","site-content-layout":"","ast-site-content-layout":"default","site-content-style":"default","site-sidebar-style":"default","ast-global-header-display":"","ast-banner-title-visibility":"","ast-main-header-display":"","ast-hfb-above-header-display":"","ast-hfb-below-header-display":"","ast-hfb-mobile-header-display":"","site-post-title":"disabled","ast-breadcrumbs-content":"","ast-featured-img":"","footer-sml-layout":"","ast-disable-related-posts":"","theme-transparent-header-meta":"","adv-header-id-meta":"","stick-header-meta":"","header-above-stick-meta":"","header-main-stick-meta":"","header-below-stick-meta":"","astra-migrate-meta-layouts":"default","ast-page-background-enabled":"default","ast-page-background-meta":{"desktop":{"background-color":"var(--ast-global-color-5)","background-image":"","background-repeat":"repeat","background-position":"center center","background-size":"auto","background-attachment":"scroll","background-type":"","background-media":"","overlay-type":"","overlay-color":"","overlay-opacity":"","overlay-gradient":""},"tablet":{"background-color":"","background-image":"","background-repeat":"repeat","background-position":"center center","background-size":"auto","background-attachment":"scroll","background-type":"","background-media":"","overlay-type":"","overlay-color":"","overlay-opacity":"","overlay-gradient":""},"mobile":{"background-color":"","background-image":"","background-repeat":"repeat","background-position":"center center","background-size":"auto","background-attachment":"scroll","background-type":"","background-media":"","overlay-type":"","overlay-color":"","overlay-opacity":"","overlay-gradient":""}},"ast-content-background-meta":{"desktop":{"background-color":"var(--ast-global-color-4)","background-image":"","background-repeat":"repeat","background-position":"center center","background-size":"auto","background-attachment":"scroll","background-type":"","background-media":"","overlay-type":"","overlay-color":"","overlay-opacity":"","overlay-gradient":""},"tablet":{"background-color":"var(--ast-global-color-4)","background-image":"","background-repeat":"repeat","background-position":"center center","background-size":"auto","background-attachment":"scroll","background-type":"","background-media":"","overlay-type":"","overlay-color":"","overlay-opacity":"","overlay-gradient":""},"mobile":{"background-color":"var(--ast-global-color-4)","background-image":"","background-repeat":"repeat","background-position":"center center","background-size":"auto","background-attachment":"scroll","background-type":"","background-media":"","overlay-type":"","overlay-color":"","overlay-opacity":"","overlay-gradient":""}},"footnotes":""},"class_list":["post-679","page","type-page","status-publish","hentry"],"aioseo_notices":[],"_links":{"self":[{"href":"https:\/\/ztecsg.com\/vi\/wp-json\/wp\/v2\/pages\/679","targetHints":{"allow":["GET"]}}],"collection":[{"href":"https:\/\/ztecsg.com\/vi\/wp-json\/wp\/v2\/pages"}],"about":[{"href":"https:\/\/ztecsg.com\/vi\/wp-json\/wp\/v2\/types\/page"}],"author":[{"embeddable":true,"href":"https:\/\/ztecsg.com\/vi\/wp-json\/wp\/v2\/users\/2"}],"replies":[{"embeddable":true,"href":"https:\/\/ztecsg.com\/vi\/wp-json\/wp\/v2\/comments?post=679"}],"version-history":[{"count":10,"href":"https:\/\/ztecsg.com\/vi\/wp-json\/wp\/v2\/pages\/679\/revisions"}],"predecessor-version":[{"id":1026,"href":"https:\/\/ztecsg.com\/vi\/wp-json\/wp\/v2\/pages\/679\/revisions\/1026"}],"up":[{"embeddable":true,"href":"https:\/\/ztecsg.com\/vi\/wp-json\/wp\/v2\/pages\/373"}],"wp:attachment":[{"href":"https:\/\/ztecsg.com\/vi\/wp-json\/wp\/v2\/media?parent=679"}],"curies":[{"name":"wp","href":"https:\/\/api.w.org\/{rel}","templated":true}]}}