{"id":68,"date":"2025-09-08T14:30:27","date_gmt":"2025-09-08T06:30:27","guid":{"rendered":"https:\/\/ztecsg.com\/home\/"},"modified":"2026-01-29T13:41:11","modified_gmt":"2026-01-29T05:41:11","slug":"home","status":"publish","type":"page","link":"https:\/\/ztecsg.com\/vi\/","title":{"rendered":"ZTEC Pathology&amp;Surgical solution"},"content":{"rendered":"\t\t<div data-elementor-type=\"wp-page\" data-elementor-id=\"68\" class=\"elementor elementor-68\">\n\t\t\t\t<div class=\"elementor-element elementor-element-6ac8977 e-flex e-con-boxed e-con e-parent\" data-id=\"6ac8977\" data-element_type=\"container\">\n\t\t\t\t\t<div class=\"e-con-inner\">\n\t\t\t\t<div class=\"elementor-element elementor-element-49f707f elementor-widget elementor-widget-image\" data-id=\"49f707f\" data-element_type=\"widget\" data-widget_type=\"image.default\">\n\t\t\t\t\t\t\t\t\t\t\t\t\t\t\t<img fetchpriority=\"high\" decoding=\"async\" width=\"1531\" height=\"650\" src=\"https:\/\/ztecsg.com\/wp-content\/uploads\/2025\/12\/background-1.webp\" class=\"attachment-full size-full wp-image-1232\" alt=\"\" srcset=\"https:\/\/ztecsg.com\/wp-content\/uploads\/2025\/12\/background-1.webp 1531w, https:\/\/ztecsg.com\/wp-content\/uploads\/2025\/12\/background-1-300x127.png 300w, https:\/\/ztecsg.com\/wp-content\/uploads\/2025\/12\/background-1-1024x435.png 1024w, https:\/\/ztecsg.com\/wp-content\/uploads\/2025\/12\/background-1-768x326.png 768w\" sizes=\"(max-width: 1531px) 100vw, 1531px\" \/>\t\t\t\t\t\t\t\t\t\t\t\t\t\t\t<\/div>\n\t\t\t\t\t<\/div>\n\t\t\t\t<\/div>\n\t\t<div class=\"elementor-element elementor-element-e39a388 e-con-full e-flex e-con e-parent\" data-id=\"e39a388\" data-element_type=\"container\">\n\t\t\t\t<div class=\"elementor-element elementor-element-38ebfd3 elementor-widget elementor-widget-spacer\" data-id=\"38ebfd3\" data-element_type=\"widget\" data-widget_type=\"spacer.default\">\n\t\t\t\t\t\t\t<div class=\"elementor-spacer\">\n\t\t\t<div class=\"elementor-spacer-inner\"><\/div>\n\t\t<\/div>\n\t\t\t\t\t\t<\/div>\n\t\t\t\t<div class=\"elementor-element elementor-element-bd64eac elementor-widget elementor-widget-heading\" data-id=\"bd64eac\" data-element_type=\"widget\" data-widget_type=\"heading.default\">\n\t\t\t\t\t<h2 class=\"elementor-heading-title elementor-size-default\">Products &amp; Solutions<\/h2>\t\t\t\t<\/div>\n\t\t\t\t<\/div>\n\t\t<div class=\"elementor-element elementor-element-9d4fad3 e-con-full e-flex e-con e-parent\" data-id=\"9d4fad3\" data-element_type=\"container\">\n\t\t\t\t<div class=\"elementor-element elementor-element-1cc6103 elementor-widget-divider--view-line elementor-widget elementor-widget-divider\" data-id=\"1cc6103\" data-element_type=\"widget\" data-widget_type=\"divider.default\">\n\t\t\t\t\t\t\t<div class=\"elementor-divider\">\n\t\t\t<span class=\"elementor-divider-separator\">\n\t\t\t\t\t\t<\/span>\n\t\t<\/div>\n\t\t\t\t\t\t<\/div>\n\t\t\t\t<\/div>\n\t\t<div class=\"elementor-element elementor-element-68f755e e-con-full e-flex e-con e-parent\" data-id=\"68f755e\" data-element_type=\"container\">\n\t\t<div class=\"elementor-element elementor-element-87cc36f e-con-full e-flex e-con e-child\" data-id=\"87cc36f\" data-element_type=\"container\">\n\t\t\t\t<div class=\"elementor-element elementor-element-1652c37 elementor-widget__width-initial elementor-widget elementor-widget-image\" data-id=\"1652c37\" data-element_type=\"widget\" data-widget_type=\"image.default\">\n\t\t\t\t\t\t\t\t\t\t\t\t\t\t\t\t<a href=\"https:\/\/ztecsg.com\/pp\/\">\n\t\t\t\t\t\t\t<img decoding=\"async\" width=\"240\" height=\"240\" src=\"https:\/\/ztecsg.com\/wp-content\/uploads\/2025\/12\/pathology240.jpg\" class=\"attachment-full size-full wp-image-406\" alt=\"\" srcset=\"https:\/\/ztecsg.com\/wp-content\/uploads\/2025\/12\/pathology240.jpg 240w, https:\/\/ztecsg.com\/wp-content\/uploads\/2025\/12\/pathology240-150x150.jpg 150w\" sizes=\"(max-width: 240px) 100vw, 240px\" \/>\t\t\t\t\t\t\t\t<\/a>\n\t\t\t\t\t\t\t\t\t\t\t\t\t\t\t<\/div>\n\t\t\t\t<\/div>\n\t\t<div class=\"elementor-element elementor-element-ca496b2 e-con-full e-flex e-con e-child\" data-id=\"ca496b2\" data-element_type=\"container\">\n\t\t\t\t<div class=\"elementor-element elementor-element-1372d18 elementor-widget elementor-widget-image\" data-id=\"1372d18\" data-element_type=\"widget\" data-widget_type=\"image.default\">\n\t\t\t\t\t\t\t\t\t\t\t\t\t\t\t\t<a href=\"https:\/\/ztecsg.com\/sp\/\">\n\t\t\t\t\t\t\t<img decoding=\"async\" width=\"240\" height=\"240\" src=\"https:\/\/ztecsg.com\/wp-content\/uploads\/2025\/12\/surgical240.jpg\" class=\"attachment-full size-full wp-image-407\" alt=\"\" srcset=\"https:\/\/ztecsg.com\/wp-content\/uploads\/2025\/12\/surgical240.jpg 240w, https:\/\/ztecsg.com\/wp-content\/uploads\/2025\/12\/surgical240-150x150.jpg 150w\" sizes=\"(max-width: 240px) 100vw, 240px\" \/>\t\t\t\t\t\t\t\t<\/a>\n\t\t\t\t\t\t\t\t\t\t\t\t\t\t\t<\/div>\n\t\t\t\t<\/div>\n\t\t\t\t<\/div>\n\t\t<div class=\"elementor-element elementor-element-0762832 e-con-full e-flex e-con e-parent\" data-id=\"0762832\" data-element_type=\"container\">\n\t\t\t\t<div class=\"elementor-element elementor-element-1ac4fba elementor-widget elementor-widget-spacer\" data-id=\"1ac4fba\" data-element_type=\"widget\" data-widget_type=\"spacer.default\">\n\t\t\t\t\t\t\t<div class=\"elementor-spacer\">\n\t\t\t<div class=\"elementor-spacer-inner\"><\/div>\n\t\t<\/div>\n\t\t\t\t\t\t<\/div>\n\t\t\t\t<div class=\"elementor-element elementor-element-a077fb4 elementor-widget elementor-widget-heading\" data-id=\"a077fb4\" data-element_type=\"widget\" data-widget_type=\"heading.default\">\n\t\t\t\t\t<h2 class=\"elementor-heading-title elementor-size-default\">Our Partners<\/h2>\t\t\t\t<\/div>\n\t\t\t\t<div class=\"elementor-element elementor-element-4835657 elementor-widget-divider--view-line elementor-widget elementor-widget-divider\" data-id=\"4835657\" data-element_type=\"widget\" data-widget_type=\"divider.default\">\n\t\t\t\t\t\t\t<div class=\"elementor-divider\">\n\t\t\t<span class=\"elementor-divider-separator\">\n\t\t\t\t\t\t<\/span>\n\t\t<\/div>\n\t\t\t\t\t\t<\/div>\n\t\t\t\t<\/div>\n\t\t<div class=\"elementor-element elementor-element-ae3d47d e-con-full e-flex e-con e-parent\" data-id=\"ae3d47d\" data-element_type=\"container\">\n\t\t\t\t<div class=\"elementor-element elementor-element-eb3747f elementor-widget elementor-widget-image\" data-id=\"eb3747f\" data-element_type=\"widget\" data-widget_type=\"image.default\">\n\t\t\t\t\t\t\t\t\t\t\t\t\t\t\t<img loading=\"lazy\" decoding=\"async\" width=\"1008\" height=\"321\" src=\"https:\/\/ztecsg.com\/wp-content\/uploads\/2025\/12\/LOGOWALL.png\" class=\"attachment-full size-full wp-image-1171\" alt=\"\" srcset=\"https:\/\/ztecsg.com\/wp-content\/uploads\/2025\/12\/LOGOWALL.png 1008w, https:\/\/ztecsg.com\/wp-content\/uploads\/2025\/12\/LOGOWALL-300x96.png 300w, https:\/\/ztecsg.com\/wp-content\/uploads\/2025\/12\/LOGOWALL-768x245.png 768w\" sizes=\"(max-width: 1008px) 100vw, 1008px\" \/>\t\t\t\t\t\t\t\t\t\t\t\t\t\t\t<\/div>\n\t\t\t\t<\/div>\n\t\t<div class=\"elementor-element elementor-element-237e929 e-flex e-con-boxed e-con e-parent\" data-id=\"237e929\" data-element_type=\"container\">\n\t\t\t\t\t<div class=\"e-con-inner\">\n\t\t\t\t<div class=\"elementor-element elementor-element-91d0f5d elementor-widget elementor-widget-spacer\" data-id=\"91d0f5d\" data-element_type=\"widget\" data-widget_type=\"spacer.default\">\n\t\t\t\t\t\t\t<div class=\"elementor-spacer\">\n\t\t\t<div class=\"elementor-spacer-inner\"><\/div>\n\t\t<\/div>\n\t\t\t\t\t\t<\/div>\n\t\t\t\t\t<\/div>\n\t\t\t\t<\/div>\n\t\t<div class=\"elementor-element elementor-element-ff9d465 e-con-full e-flex e-con e-parent\" data-id=\"ff9d465\" data-element_type=\"container\">\n\t\t\t\t<div class=\"elementor-element elementor-element-9d6a215 elementor-widget elementor-widget-heading\" data-id=\"9d6a215\" data-element_type=\"widget\" data-widget_type=\"heading.default\">\n\t\t\t\t\t<h2 class=\"elementor-heading-title elementor-size-default\">Contact us<\/h2>\t\t\t\t<\/div>\n\t\t\t\t<div class=\"elementor-element elementor-element-661300d elementor-widget-divider--view-line elementor-widget elementor-widget-divider\" data-id=\"661300d\" data-element_type=\"widget\" data-widget_type=\"divider.default\">\n\t\t\t\t\t\t\t<div class=\"elementor-divider\">\n\t\t\t<span class=\"elementor-divider-separator\">\n\t\t\t\t\t\t<\/span>\n\t\t<\/div>\n\t\t\t\t\t\t<\/div>\n\t\t\t\t<\/div>\n\t\t<div class=\"elementor-element elementor-element-892325c e-flex e-con-boxed e-con e-parent\" data-id=\"892325c\" data-element_type=\"container\">\n\t\t\t\t\t<div class=\"e-con-inner\">\n\t\t<div class=\"elementor-element elementor-element-8ac3e92 e-con-full e-flex e-con e-child\" data-id=\"8ac3e92\" data-element_type=\"container\">\n\t\t\t\t<div class=\"elementor-element elementor-element-8d3f925 elementor-widget elementor-widget-image\" data-id=\"8d3f925\" data-element_type=\"widget\" data-widget_type=\"image.default\">\n\t\t\t\t\t\t\t\t\t\t\t\t\t\t\t<img loading=\"lazy\" decoding=\"async\" width=\"240\" height=\"430\" src=\"https:\/\/ztecsg.com\/wp-content\/uploads\/2025\/11\/C.png\" class=\"attachment-large size-large wp-image-322\" alt=\"\" srcset=\"https:\/\/ztecsg.com\/wp-content\/uploads\/2025\/11\/C.png 240w, https:\/\/ztecsg.com\/wp-content\/uploads\/2025\/11\/C-167x300.png 167w\" sizes=\"(max-width: 240px) 100vw, 240px\" \/>\t\t\t\t\t\t\t\t\t\t\t\t\t\t\t<\/div>\n\t\t\t\t<div class=\"elementor-element elementor-element-7a5d850 elementor-widget__width-initial elementor-widget elementor-widget-text-editor\" data-id=\"7a5d850\" data-element_type=\"widget\" data-widget_type=\"text-editor.default\">\n\t\t\t\t\t\t\t\t\t<h3>Changsha<\/h3><p><strong>Hunan Fengze Trading Co.,Ltd.<\/strong><\/p><p>Room 2201, 22nd Floor, Building 4, Zone 2,<\/p><p>Jinqiao Market Cluster Section 1, No. 1555 Purui Avenue,<\/p><p>Xiangjiang New District,<\/p><p>Changsha, Hunan Province, China<\/p><p>sales.support@ztecsg.com<\/p>\t\t\t\t\t\t\t\t<\/div>\n\t\t\t\t<\/div>\n\t\t<div class=\"elementor-element elementor-element-63b676c e-con-full e-flex e-con e-child\" data-id=\"63b676c\" data-element_type=\"container\">\n\t\t\t\t<div class=\"elementor-element elementor-element-60b2ac2 elementor-widget elementor-widget-image\" data-id=\"60b2ac2\" data-element_type=\"widget\" data-widget_type=\"image.default\">\n\t\t\t\t\t\t\t\t\t\t\t\t\t\t\t<img loading=\"lazy\" decoding=\"async\" width=\"240\" height=\"430\" src=\"https:\/\/ztecsg.com\/wp-content\/uploads\/2025\/11\/S.png\" class=\"attachment-large size-large wp-image-321\" alt=\"\" srcset=\"https:\/\/ztecsg.com\/wp-content\/uploads\/2025\/11\/S.png 240w, https:\/\/ztecsg.com\/wp-content\/uploads\/2025\/11\/S-167x300.png 167w\" sizes=\"(max-width: 240px) 100vw, 240px\" \/>\t\t\t\t\t\t\t\t\t\t\t\t\t\t\t<\/div>\n\t\t\t\t<div class=\"elementor-element elementor-element-6c941bd elementor-widget elementor-widget-text-editor\" data-id=\"6c941bd\" data-element_type=\"widget\" data-widget_type=\"text-editor.default\">\n\t\t\t\t\t\t\t\t\t<h3>Singapore<\/h3><p><strong>ZTEC Pte Ltd<\/strong><\/p><p>10 Ubi Crescent, UBI Tech Park #03-06B, 408564<\/p><p>Singapore<\/p><p>sales.support@ztecsg.com<\/p>\t\t\t\t\t\t\t\t<\/div>\n\t\t\t\t<\/div>\n\t\t<div class=\"elementor-element elementor-element-2f3b6d8 e-con-full e-flex e-con e-child\" data-id=\"2f3b6d8\" data-element_type=\"container\">\n\t\t\t\t<div class=\"elementor-element elementor-element-1e01c2a elementor-widget elementor-widget-image\" data-id=\"1e01c2a\" data-element_type=\"widget\" data-widget_type=\"image.default\">\n\t\t\t\t\t\t\t\t\t\t\t\t\t\t\t<img loading=\"lazy\" decoding=\"async\" width=\"240\" height=\"430\" src=\"https:\/\/ztecsg.com\/wp-content\/uploads\/2025\/11\/H.png\" class=\"attachment-large size-large wp-image-323\" alt=\"\" srcset=\"https:\/\/ztecsg.com\/wp-content\/uploads\/2025\/11\/H.png 240w, https:\/\/ztecsg.com\/wp-content\/uploads\/2025\/11\/H-167x300.png 167w\" sizes=\"(max-width: 240px) 100vw, 240px\" \/>\t\t\t\t\t\t\t\t\t\t\t\t\t\t\t<\/div>\n\t\t\t\t<div class=\"elementor-element elementor-element-d661340 elementor-widget elementor-widget-text-editor\" data-id=\"d661340\" data-element_type=\"widget\" data-widget_type=\"text-editor.default\">\n\t\t\t\t\t\t\t\t\t<h3>Ho Chi Minh<\/h3><p><strong>ZTEC Co., Ltd<\/strong><\/p><p>89 Phan Dinh Phung Street, Phu Nhuan Ward,<\/p><p>Ho Chi Minh City.<\/p><p>Vietnam<\/p><p>sales.support@ztecsg.com<\/p>\t\t\t\t\t\t\t\t<\/div>\n\t\t\t\t<\/div>\n\t\t\t\t\t<\/div>\n\t\t\t\t<\/div>\n\t\t<div class=\"elementor-element elementor-element-9d020d6 e-flex e-con-boxed e-con e-parent\" data-id=\"9d020d6\" data-element_type=\"container\">\n\t\t\t\t\t<div class=\"e-con-inner\">\n\t\t\t\t<div class=\"elementor-element elementor-element-9ae8509 elementor-widget elementor-widget-wpforms\" data-id=\"9ae8509\" data-element_type=\"widget\" data-widget_type=\"wpforms.default\">\n\t\t\t\t<div class=\"elementor-widget-container\">\n\t\t\t\t\t<div class=\"wpforms-container wpforms-container-full wpforms-render-modern\" id=\"wpforms-61\"><form id=\"wpforms-form-61\" class=\"wpforms-validate wpforms-form wpforms-ajax-form\" data-formid=\"61\" method=\"post\" enctype=\"multipart\/form-data\" action=\"\/vi\/wp-json\/wp\/v2\/pages\/68\" data-token=\"68ef6bfeefd0336e04ba638b23821aec\" data-token-time=\"1777805445\"><noscript class=\"wpforms-error-noscript\">Vui l\u00f2ng b\u1eadt JavaScript trong tr\u00ecnh duy\u1ec7t c\u1ee7a b\u1ea1n \u0111\u1ec3 ho\u00e0n th\u00e0nh Form n\u00e0y.<\/noscript><div id=\"wpforms-error-noscript\" style=\"display: none;\">Vui l\u00f2ng b\u1eadt JavaScript trong tr\u00ecnh duy\u1ec7t c\u1ee7a b\u1ea1n \u0111\u1ec3 ho\u00e0n th\u00e0nh Form n\u00e0y.<\/div><div class=\"wpforms-field-container\"><div id=\"wpforms-61-field_5-container\" class=\"wpforms-field wpforms-field-name\" data-field-id=\"5\"><fieldset><legend class=\"wpforms-field-label\">Name <span class=\"wpforms-required-label\" aria-hidden=\"true\">*<\/span><\/legend><div class=\"wpforms-field-row wpforms-field-medium\"><div class=\"wpforms-field-row-block wpforms-first wpforms-one-half\"><input type=\"text\" id=\"wpforms-61-field_5\" class=\"wpforms-field-name-first wpforms-field-required\" name=\"wpforms[fields][5][first]\" aria-errormessage=\"wpforms-61-field_5-error\" required><label for=\"wpforms-61-field_5\" class=\"wpforms-field-sublabel after\">T\u00ean<\/label><\/div><div class=\"wpforms-field-row-block wpforms-one-half\"><input type=\"text\" id=\"wpforms-61-field_5-last\" class=\"wpforms-field-name-last wpforms-field-required\" name=\"wpforms[fields][5][last]\" aria-errormessage=\"wpforms-61-field_5-last-error\" required><label for=\"wpforms-61-field_5-last\" class=\"wpforms-field-sublabel after\">H\u1ecd<\/label><\/div><\/div><\/fieldset><\/div><div id=\"wpforms-61-field_6-container\" class=\"wpforms-field wpforms-field-number\" data-field-id=\"6\"><label class=\"wpforms-field-label\" for=\"wpforms-61-field_6\">Contact Number<\/label><input type=\"number\" id=\"wpforms-61-field_6\" class=\"wpforms-field-medium\" name=\"wpforms[fields][6]\" step=\"any\" aria-errormessage=\"wpforms-61-field_6-error\" ><\/div>\t\t<div id=\"wpforms-61-field_1-container\"\n\t\t\tclass=\"wpforms-field wpforms-field-text\"\n\t\t\tdata-field-type=\"text\"\n\t\t\tdata-field-id=\"1\"\n\t\t\t>\n\t\t\t<label class=\"wpforms-field-label\" for=\"wpforms-61-field_1\" >Subject Email Number<\/label>\n\t\t\t<input type=\"text\" id=\"wpforms-61-field_1\" class=\"wpforms-field-medium\" name=\"wpforms[fields][1]\" >\n\t\t<\/div>\n\t\t<div id=\"wpforms-61-field_2-container\" class=\"wpforms-field wpforms-field-email\" data-field-id=\"2\"><label class=\"wpforms-field-label\" for=\"wpforms-61-field_2\">Email <span class=\"wpforms-required-label\" aria-hidden=\"true\">*<\/span><\/label><input type=\"email\" id=\"wpforms-61-field_2\" class=\"wpforms-field-large wpforms-field-required\" name=\"wpforms[fields][2]\" spellcheck=\"false\" aria-errormessage=\"wpforms-61-field_2-error\" required><\/div><div id=\"wpforms-61-field_3-container\" class=\"wpforms-field wpforms-field-text\" data-field-id=\"3\"><label class=\"wpforms-field-label\" for=\"wpforms-61-field_3\">Subject<\/label><input type=\"text\" id=\"wpforms-61-field_3\" class=\"wpforms-field-large\" name=\"wpforms[fields][3]\" aria-errormessage=\"wpforms-61-field_3-error\" ><\/div><div id=\"wpforms-61-field_4-container\" class=\"wpforms-field wpforms-field-textarea\" data-field-id=\"4\"><label class=\"wpforms-field-label\" for=\"wpforms-61-field_4\">Message <span class=\"wpforms-required-label\" aria-hidden=\"true\">*<\/span><\/label><textarea id=\"wpforms-61-field_4\" class=\"wpforms-field-large wpforms-field-required\" name=\"wpforms[fields][4]\" aria-errormessage=\"wpforms-61-field_4-error\" required><\/textarea><\/div><script>\n\t\t\t\t( function() {\n\t\t\t\t\tconst style = document.createElement( 'style' );\n\t\t\t\t\tstyle.appendChild( document.createTextNode( '#wpforms-61-field_1-container { position: absolute !important; overflow: hidden !important; display: inline !important; height: 1px !important; width: 1px !important; z-index: -1000 !important; padding: 0 !important; } #wpforms-61-field_1-container input { visibility: hidden; } #wpforms-conversational-form-page #wpforms-61-field_1-container label { counter-increment: none; }' ) );\n\t\t\t\t\tdocument.head.appendChild( style );\n\t\t\t\t\tdocument.currentScript?.remove();\n\t\t\t\t} )();\n\t\t\t<\/script><\/div><!-- .wpforms-field-container --><div class=\"wpforms-submit-container\" ><input type=\"hidden\" name=\"wpforms[id]\" value=\"61\"><input type=\"hidden\" name=\"page_title\" value=\"\"><input type=\"hidden\" name=\"page_url\" value=\"https:\/\/ztecsg.com\/vi\/wp-json\/wp\/v2\/pages\/68\"><input type=\"hidden\" name=\"url_referer\" value=\"\"><button type=\"submit\" name=\"wpforms[submit]\" id=\"wpforms-submit-61\" class=\"wpforms-submit\" data-alt-text=\"Sending...\" data-submit-text=\"Submit\" aria-live=\"assertive\" value=\"wpforms-submit\">Submit<\/button><img loading=\"lazy\" decoding=\"async\" src=\"https:\/\/ztecsg.com\/wp-content\/plugins\/wpforms-lite\/assets\/images\/submit-spin.svg\" class=\"wpforms-submit-spinner\" style=\"display: none;\" width=\"26\" height=\"26\" alt=\"\u0110ang t\u1ea3i\"><\/div><\/form><\/div>  <!-- .wpforms-container -->\t\t\t\t<\/div>\n\t\t\t\t<\/div>\n\t\t\t\t\t<\/div>\n\t\t\t\t<\/div>\n\t\t\t\t<\/div>\n\t\t","protected":false},"excerpt":{"rendered":"<p>Products &amp; Solutions Our Partners Contact us Changsha Hunan Fengze Trading Co.,Ltd. Room 2201, 22nd Floor, Building 4, Zone 2, Jinqiao Market Cluster Section 1, No. 1555 Purui Avenue, Xiangjiang [&hellip;]<\/p>\n","protected":false},"author":1,"featured_media":0,"parent":0,"menu_order":0,"comment_status":"closed","ping_status":"closed","template":"","meta":{"site-sidebar-layout":"default","site-content-layout":"","ast-site-content-layout":"default","site-content-style":"default","site-sidebar-style":"default","ast-global-header-display":"","ast-banner-title-visibility":"","ast-main-header-display":"","ast-hfb-above-header-display":"","ast-hfb-below-header-display":"","ast-hfb-mobile-header-display":"","site-post-title":"","ast-breadcrumbs-content":"","ast-featured-img":"","footer-sml-layout":"","ast-disable-related-posts":"","theme-transparent-header-meta":"","adv-header-id-meta":"","stick-header-meta":"","header-above-stick-meta":"","header-main-stick-meta":"","header-below-stick-meta":"","astra-migrate-meta-layouts":"default","ast-page-background-enabled":"default","ast-page-background-meta":{"desktop":{"background-color":"var(--ast-global-color-5)","background-image":"","background-repeat":"repeat","background-position":"center center","background-size":"auto","background-attachment":"scroll","background-type":"","background-media":"","overlay-type":"","overlay-color":"","overlay-opacity":"","overlay-gradient":""},"tablet":{"background-color":"","background-image":"","background-repeat":"repeat","background-position":"center center","background-size":"auto","background-attachment":"scroll","background-type":"","background-media":"","overlay-type":"","overlay-color":"","overlay-opacity":"","overlay-gradient":""},"mobile":{"background-color":"","background-image":"","background-repeat":"repeat","background-position":"center center","background-size":"auto","background-attachment":"scroll","background-type":"","background-media":"","overlay-type":"","overlay-color":"","overlay-opacity":"","overlay-gradient":""}},"ast-content-background-meta":{"desktop":{"background-color":"var(--ast-global-color-4)","background-image":"","background-repeat":"repeat","background-position":"center center","background-size":"auto","background-attachment":"scroll","background-type":"","background-media":"","overlay-type":"","overlay-color":"","overlay-opacity":"","overlay-gradient":""},"tablet":{"background-color":"var(--ast-global-color-4)","background-image":"","background-repeat":"repeat","background-position":"center center","background-size":"auto","background-attachment":"scroll","background-type":"","background-media":"","overlay-type":"","overlay-color":"","overlay-opacity":"","overlay-gradient":""},"mobile":{"background-color":"var(--ast-global-color-4)","background-image":"","background-repeat":"repeat","background-position":"center center","background-size":"auto","background-attachment":"scroll","background-type":"","background-media":"","overlay-type":"","overlay-color":"","overlay-opacity":"","overlay-gradient":""}},"footnotes":""},"class_list":["post-68","page","type-page","status-publish","hentry"],"aioseo_notices":[],"_links":{"self":[{"href":"https:\/\/ztecsg.com\/vi\/wp-json\/wp\/v2\/pages\/68","targetHints":{"allow":["GET"]}}],"collection":[{"href":"https:\/\/ztecsg.com\/vi\/wp-json\/wp\/v2\/pages"}],"about":[{"href":"https:\/\/ztecsg.com\/vi\/wp-json\/wp\/v2\/types\/page"}],"author":[{"embeddable":true,"href":"https:\/\/ztecsg.com\/vi\/wp-json\/wp\/v2\/users\/1"}],"replies":[{"embeddable":true,"href":"https:\/\/ztecsg.com\/vi\/wp-json\/wp\/v2\/comments?post=68"}],"version-history":[{"count":81,"href":"https:\/\/ztecsg.com\/vi\/wp-json\/wp\/v2\/pages\/68\/revisions"}],"predecessor-version":[{"id":1332,"href":"https:\/\/ztecsg.com\/vi\/wp-json\/wp\/v2\/pages\/68\/revisions\/1332"}],"wp:attachment":[{"href":"https:\/\/ztecsg.com\/vi\/wp-json\/wp\/v2\/media?parent=68"}],"curies":[{"name":"wp","href":"https:\/\/api.w.org\/{rel}","templated":true}]}}