{"id":720,"date":"2025-12-13T13:22:51","date_gmt":"2025-12-13T05:22:51","guid":{"rendered":"https:\/\/ztecsg.com\/?page_id=720"},"modified":"2026-01-28T18:06:38","modified_gmt":"2026-01-28T10:06:38","slug":"cp","status":"publish","type":"page","link":"https:\/\/ztecsg.com\/vi\/our-products\/cp\/","title":{"rendered":"B\u00e0n l\u00e0m l\u1ea1nh"},"content":{"rendered":"<div data-elementor-type=\"wp-page\" data-elementor-id=\"720\" class=\"elementor elementor-720\">\n\t\t\t\t<div class=\"elementor-element elementor-element-9a69163 e-flex e-con-boxed e-con e-parent\" data-id=\"9a69163\" data-element_type=\"container\">\n\t\t\t\t\t<div class=\"e-con-inner\">\n\t\t<div class=\"elementor-element elementor-element-607eb90 e-con-full e-flex e-con e-child\" data-id=\"607eb90\" data-element_type=\"container\">\n\t\t\t\t<div class=\"elementor-element elementor-element-c069945 elementor-widget elementor-widget-heading\" data-id=\"c069945\" data-element_type=\"widget\" data-widget_type=\"heading.default\">\n\t\t\t\t\t<h2 class=\"elementor-heading-title elementor-size-default\">CR-301\n<\/h2>\t\t\t\t<\/div>\n\t\t\t\t<div class=\"elementor-element elementor-element-7eea373 elementor-widget elementor-widget-heading\" data-id=\"7eea373\" data-element_type=\"widget\" data-widget_type=\"heading.default\">\n\t\t\t\t\t<h2 class=\"elementor-heading-title elementor-size-default\">B\u00e0n l\u00e0m l\u1ea1nh<\/h2>\t\t\t\t<\/div>\n\t\t\t\t<div class=\"elementor-element elementor-element-7e573f3 elementor-widget-divider--view-line elementor-widget elementor-widget-divider\" data-id=\"7e573f3\" data-element_type=\"widget\" data-widget_type=\"divider.default\">\n\t\t\t\t\t\t\t<div class=\"elementor-divider\">\n\t\t\t<span class=\"elementor-divider-separator\">\n\t\t\t\t\t\t<\/span>\n\t\t<\/div>\n\t\t\t\t\t\t<\/div>\n\t\t\t\t<\/div>\n\t\t<div class=\"elementor-element elementor-element-b052649 e-con-full e-flex e-con e-child\" data-id=\"b052649\" data-element_type=\"container\">\n\t\t\t\t<div class=\"elementor-element elementor-element-8fe663a elementor-widget elementor-widget-image\" data-id=\"8fe663a\" data-element_type=\"widget\" data-widget_type=\"image.default\">\n\t\t\t\t\t\t\t\t\t\t\t\t\t\t\t<img decoding=\"async\" width=\"352\" height=\"83\" src=\"https:\/\/ztecsg.com\/wp-content\/uploads\/2025\/12\/CT.png\" class=\"attachment-large size-large wp-image-699\" alt=\"\" srcset=\"https:\/\/ztecsg.com\/wp-content\/uploads\/2025\/12\/CT.png 352w, https:\/\/ztecsg.com\/wp-content\/uploads\/2025\/12\/CT-300x71.png 300w\" sizes=\"(max-width: 352px) 100vw, 352px\" \/>\t\t\t\t\t\t\t\t\t\t\t\t\t\t\t<\/div>\n\t\t\t\t<\/div>\n\t\t\t\t\t<\/div>\n\t\t\t\t<\/div>\n\t\t<div class=\"elementor-element elementor-element-6351c5c e-flex e-con-boxed e-con e-parent\" data-id=\"6351c5c\" data-element_type=\"container\">\n\t\t\t\t\t<div class=\"e-con-inner\">\n\t\t\t\t<div class=\"elementor-element elementor-element-07b4f89 elementor-widget elementor-widget-text-editor\" data-id=\"07b4f89\" data-element_type=\"widget\" data-widget_type=\"text-editor.default\">\n\t\t\t\t\t\t\t\t\t<h3><strong>T\u1ed5ng quan S\u1ea3n ph\u1ea9m<\/strong><\/h3><p>T\u1ea5m L\u00e0m L\u1ea1nh CR-301 \u0111\u01b0\u1ee3c thi\u1ebft k\u1ebf \u0111\u1ec3 l\u00e0m l\u1ea1nh nhanh v\u00e0 l\u00e0m r\u1eafn c\u00e1c kh\u1ed1i paraffin trong qu\u00e1 tr\u00ecnh \u0111\u00fac m\u1eabu m\u00f4. H\u1ec7 th\u1ed1ng l\u00e0m l\u1ea1nh th\u00e2n thi\u1ec7n v\u1edbi m\u00f4i tr\u01b0\u1eddng, hi\u1ec7u su\u1ea5t l\u00e0m l\u1ea1nh nhanh v\u00e0 b\u1ed1 tr\u00ed c\u00f4ng th\u00e1i h\u1ecdc khi\u1ebfn n\u00f3 tr\u1edf n\u00ean l\u00fd t\u01b0\u1edfng cho c\u00e1c quy tr\u00ecnh m\u00f4 h\u1ecdc kh\u1ed1i l\u01b0\u1ee3ng l\u1edbn. Thi\u1ebft k\u1ebf b\u1ec3 n\u01b0\u1edbc bao quanh \u0111\u1ed9c \u0111\u00e1o ng\u0103n n\u01b0\u1edbc tan ch\u1ea3y tr\u00e0n ra, gi\u00fap gi\u1eef khu v\u1ef1c l\u00e0m vi\u1ec7c s\u1ea1ch s\u1ebd v\u00e0 hi\u1ec7u qu\u1ea3.<\/p>\t\t\t\t\t\t\t\t<\/div>\n\t\t\t\t\t<\/div>\n\t\t\t\t<\/div>\n\t\t<div class=\"elementor-element elementor-element-2a91746 e-flex e-con-boxed e-con e-parent\" data-id=\"2a91746\" data-element_type=\"container\">\n\t\t\t\t\t<div class=\"e-con-inner\">\n\t\t<div class=\"elementor-element elementor-element-b2f6136 e-con-full e-flex e-con e-child\" data-id=\"b2f6136\" data-element_type=\"container\">\n\t\t\t\t<div class=\"elementor-element elementor-element-35cea81 elementor-widget elementor-widget-text-editor\" data-id=\"35cea81\" data-element_type=\"widget\" data-widget_type=\"text-editor.default\">\n\t\t\t\t\t\t\t\t\t<h3><strong>Th\u00f4ng s\u1ed1 K\u1ef9 thu\u1eadt:<\/strong><\/h3><p><strong>Thi\u1ebft k\u1ebf L\u00e0m l\u1ea1nh S\u1ea1ch s\u1ebd &amp; Th\u1ef1c ti\u1ec5n<\/strong><\/p><p>\u2022 C\u1ea5u tr\u00fac b\u1ec3 n\u01b0\u1edbc \u0111\u1ed9c \u0111\u00e1o bao quanh b\u1ec1 m\u1eb7t l\u1ea1nh ng\u0103n ch\u1eb7n tr\u00e0n n\u01b0\u1edbc<\/p><p>\u2022 Gi\u1eef cho b\u00e0n l\u00e0m vi\u1ec7c s\u1ea1ch s\u1ebd v\u00e0 kh\u00f4 r\u00e1o trong qu\u00e1 tr\u00ecnh v\u1eadn h\u00e0nh li\u00ean t\u1ee5c<\/p><p><strong>Hi\u1ec7u su\u1ea5t L\u00e0m l\u1ea1nh Cao<\/strong><\/p><p>\u2022 H\u1ec7 th\u1ed1ng m\u00e1y n\u00e9n th\u00e2n thi\u1ec7n v\u1edbi m\u00f4i tr\u01b0\u1eddng<\/p><p>\u2022 T\u1ed1c \u0111\u1ed9 l\u00e0m l\u1ea1nh nhanh v\u1edbi k\u1ebft qu\u1ea3 c\u1eaft l\u00e1t tuy\u1ec7t v\u1eddi<\/p><p>\u2022 D\u1ea3i nhi\u1ec7t \u0111\u1ed9: \u20132\u00b0C \u0111\u1ebfn \u201315\u00b0C<\/p><p><strong>Hi\u1ec7u qu\u1ea3 &amp; Ti\u1ebft ki\u1ec7m N\u0103ng l\u01b0\u1ee3ng<\/strong><\/p><p>\u2022 T\u1ef1 \u0111\u1ed9ng t\u1ea1m d\u1eebng ho\u1ea1t \u0111\u1ed9ng sau khi \u0111\u1ea1t \u0111\u1ebfn nhi\u1ec7t \u0111\u1ed9 c\u00e0i \u0111\u1eb7t<\/p><p>\u2022 H\u1ed7 tr\u1ee3 v\u1eadn h\u00e0nh l\u00e2u d\u00e0i, c\u1ea3 ng\u00e0y v\u1edbi m\u1ee9c ti\u00eau th\u1ee5 \u0111i\u1ec7n n\u0103ng gi\u1ea3m<\/p><p><strong>B\u1ec1 m\u1eb7t L\u00e0m l\u1ea1nh D\u1eabn nhi\u1ec7t Cao<\/strong><\/p><p>\u2022 B\u00e0n l\u00e0m l\u1ea1nh \u0111\u01b0\u1ee3c l\u00e0m t\u1eeb h\u1ee3p kim nh\u00f4m nh\u1eadp kh\u1ea9u<\/p><p>\u2022 Ensures rapid and uniform temperature transfer<\/p><p>\u2022 User-Friendly Operation<\/p><p>\u2022 Microcomputer temperature control<\/p><p>\u2022 Simple interface and stable performance<\/p><p>\u2022 M\u1eb7t tr\u00ean th\u00e1o r\u1eddi ti\u1ebft ki\u1ec7m kh\u00f4ng gian b\u00e0n l\u00e0m vi\u1ec7c<\/p><p>\u2022 Thi\u1ebft k\u1ebf c\u00f4ng th\u00e1i h\u1ecdc, kh\u00f4ng c\u1ea1nh s\u1eafc cho ph\u00e9p s\u1eed d\u1ee5ng an to\u00e0n v\u00e0 tho\u1ea3i m\u00e1i<\/p>\t\t\t\t\t\t\t\t<\/div>\n\t\t\t\t<\/div>\n\t\t<div class=\"elementor-element elementor-element-c40142b e-con-full e-flex e-con e-child\" data-id=\"c40142b\" data-element_type=\"container\">\n\t\t\t\t<div class=\"elementor-element elementor-element-efa7d8a elementor-widget elementor-widget-spacer\" data-id=\"efa7d8a\" data-element_type=\"widget\" data-widget_type=\"spacer.default\">\n\t\t\t\t\t\t\t<div class=\"elementor-spacer\">\n\t\t\t<div class=\"elementor-spacer-inner\"><\/div>\n\t\t<\/div>\n\t\t\t\t\t\t<\/div>\n\t\t\t\t<div class=\"elementor-element elementor-element-99fb664 elementor-widget elementor-widget-image\" data-id=\"99fb664\" data-element_type=\"widget\" data-widget_type=\"image.default\">\n\t\t\t\t\t\t\t\t\t\t\t\t\t\t\t<img fetchpriority=\"high\" decoding=\"async\" width=\"492\" height=\"692\" src=\"https:\/\/ztecsg.com\/wp-content\/uploads\/2025\/12\/CP.png\" class=\"attachment-full size-full wp-image-722\" alt=\"\" srcset=\"https:\/\/ztecsg.com\/wp-content\/uploads\/2025\/12\/CP.png 492w, https:\/\/ztecsg.com\/wp-content\/uploads\/2025\/12\/CP-213x300.png 213w\" sizes=\"(max-width: 492px) 100vw, 492px\" \/>\t\t\t\t\t\t\t\t\t\t\t\t\t\t\t<\/div>\n\t\t\t\t<\/div>\n\t\t\t\t\t<\/div>\n\t\t\t\t<\/div>\n\t\t<div class=\"elementor-element elementor-element-9cf54ee e-flex e-con-boxed e-con e-parent\" data-id=\"9cf54ee\" data-element_type=\"container\">\n\t\t\t\t\t<div class=\"e-con-inner\">\n\t\t\t\t<div class=\"elementor-element elementor-element-9458498 elementor-widget elementor-widget-text-editor\" data-id=\"9458498\" data-element_type=\"widget\" data-widget_type=\"text-editor.default\">\n\t\t\t\t\t\t\t\t\t<h3><strong>C\u00e1c T\u00ecnh hu\u1ed1ng \u1ee8ng d\u1ee5ng<\/strong><\/h3><p>Khoa Gi\u1ea3i ph\u1eabu b\u1ec7nh B\u1ec7nh vi\u1ec7n \/ Ph\u00f2ng X\u00e9t nghi\u1ec7m Ch\u1ea9n \u0111o\u00e1n L\u00e2m s\u00e0ng \/ Vi\u1ec7n Nghi\u00ean c\u1ee9u<\/p>\t\t\t\t\t\t\t\t<\/div>\n\t\t\t\t\t<\/div>\n\t\t\t\t<\/div>\n\t\t\t\t<\/div>","protected":false},"excerpt":{"rendered":"<p>CR-301 Cold Plate Product Overview: The CR-301 Cold Plate is designed for rapid cooling and solidification of paraffin blocks during tissue embedding. Its environmentally friendly refrigeration system, fast cooling performance, [&hellip;]<\/p>\n","protected":false},"author":2,"featured_media":0,"parent":373,"menu_order":0,"comment_status":"closed","ping_status":"closed","template":"","meta":{"site-sidebar-layout":"default","site-content-layout":"","ast-site-content-layout":"default","site-content-style":"default","site-sidebar-style":"default","ast-global-header-display":"","ast-banner-title-visibility":"","ast-main-header-display":"","ast-hfb-above-header-display":"","ast-hfb-below-header-display":"","ast-hfb-mobile-header-display":"","site-post-title":"disabled","ast-breadcrumbs-content":"","ast-featured-img":"","footer-sml-layout":"","ast-disable-related-posts":"","theme-transparent-header-meta":"","adv-header-id-meta":"","stick-header-meta":"","header-above-stick-meta":"","header-main-stick-meta":"","header-below-stick-meta":"","astra-migrate-meta-layouts":"default","ast-page-background-enabled":"default","ast-page-background-meta":{"desktop":{"background-color":"var(--ast-global-color-5)","background-image":"","background-repeat":"repeat","background-position":"center center","background-size":"auto","background-attachment":"scroll","background-type":"","background-media":"","overlay-type":"","overlay-color":"","overlay-opacity":"","overlay-gradient":""},"tablet":{"background-color":"","background-image":"","background-repeat":"repeat","background-position":"center center","background-size":"auto","background-attachment":"scroll","background-type":"","background-media":"","overlay-type":"","overlay-color":"","overlay-opacity":"","overlay-gradient":""},"mobile":{"background-color":"","background-image":"","background-repeat":"repeat","background-position":"center center","background-size":"auto","background-attachment":"scroll","background-type":"","background-media":"","overlay-type":"","overlay-color":"","overlay-opacity":"","overlay-gradient":""}},"ast-content-background-meta":{"desktop":{"background-color":"var(--ast-global-color-4)","background-image":"","background-repeat":"repeat","background-position":"center center","background-size":"auto","background-attachment":"scroll","background-type":"","background-media":"","overlay-type":"","overlay-color":"","overlay-opacity":"","overlay-gradient":""},"tablet":{"background-color":"var(--ast-global-color-4)","background-image":"","background-repeat":"repeat","background-position":"center center","background-size":"auto","background-attachment":"scroll","background-type":"","background-media":"","overlay-type":"","overlay-color":"","overlay-opacity":"","overlay-gradient":""},"mobile":{"background-color":"var(--ast-global-color-4)","background-image":"","background-repeat":"repeat","background-position":"center center","background-size":"auto","background-attachment":"scroll","background-type":"","background-media":"","overlay-type":"","overlay-color":"","overlay-opacity":"","overlay-gradient":""}},"footnotes":""},"class_list":["post-720","page","type-page","status-publish","hentry"],"aioseo_notices":[],"_links":{"self":[{"href":"https:\/\/ztecsg.com\/vi\/wp-json\/wp\/v2\/pages\/720","targetHints":{"allow":["GET"]}}],"collection":[{"href":"https:\/\/ztecsg.com\/vi\/wp-json\/wp\/v2\/pages"}],"about":[{"href":"https:\/\/ztecsg.com\/vi\/wp-json\/wp\/v2\/types\/page"}],"author":[{"embeddable":true,"href":"https:\/\/ztecsg.com\/vi\/wp-json\/wp\/v2\/users\/2"}],"replies":[{"embeddable":true,"href":"https:\/\/ztecsg.com\/vi\/wp-json\/wp\/v2\/comments?post=720"}],"version-history":[{"count":16,"href":"https:\/\/ztecsg.com\/vi\/wp-json\/wp\/v2\/pages\/720\/revisions"}],"predecessor-version":[{"id":1285,"href":"https:\/\/ztecsg.com\/vi\/wp-json\/wp\/v2\/pages\/720\/revisions\/1285"}],"up":[{"embeddable":true,"href":"https:\/\/ztecsg.com\/vi\/wp-json\/wp\/v2\/pages\/373"}],"wp:attachment":[{"href":"https:\/\/ztecsg.com\/vi\/wp-json\/wp\/v2\/media?parent=720"}],"curies":[{"name":"wp","href":"https:\/\/api.w.org\/{rel}","templated":true}]}}