{"id":726,"date":"2025-12-13T13:28:23","date_gmt":"2025-12-13T05:28:23","guid":{"rendered":"https:\/\/ztecsg.com\/?page_id=726"},"modified":"2026-01-28T18:12:50","modified_gmt":"2026-01-28T10:12:50","slug":"fc","status":"publish","type":"page","link":"https:\/\/ztecsg.com\/vi\/our-products\/fc\/","title":{"rendered":"M\u00e1y l\u00e0m l\u1ea1nh nhanh"},"content":{"rendered":"<div data-elementor-type=\"wp-page\" data-elementor-id=\"726\" class=\"elementor elementor-726\">\n\t\t\t\t<div class=\"elementor-element elementor-element-9a69163 e-flex e-con-boxed e-con e-parent\" data-id=\"9a69163\" data-element_type=\"container\">\n\t\t\t\t\t<div class=\"e-con-inner\">\n\t\t<div class=\"elementor-element elementor-element-607eb90 e-con-full e-flex e-con e-child\" data-id=\"607eb90\" data-element_type=\"container\">\n\t\t\t\t<div class=\"elementor-element elementor-element-c069945 elementor-widget elementor-widget-heading\" data-id=\"c069945\" data-element_type=\"widget\" data-widget_type=\"heading.default\">\n\t\t\t\t\t<h2 class=\"elementor-heading-title elementor-size-default\">FAC200<\/h2>\t\t\t\t<\/div>\n\t\t\t\t<div class=\"elementor-element elementor-element-7eea373 elementor-widget elementor-widget-heading\" data-id=\"7eea373\" data-element_type=\"widget\" data-widget_type=\"heading.default\">\n\t\t\t\t\t<h2 class=\"elementor-heading-title elementor-size-default\">M\u00e1y l\u00e0m l\u1ea1nh nhanh<\/h2>\t\t\t\t<\/div>\n\t\t\t\t<div class=\"elementor-element elementor-element-7e573f3 elementor-widget-divider--view-line elementor-widget elementor-widget-divider\" data-id=\"7e573f3\" data-element_type=\"widget\" data-widget_type=\"divider.default\">\n\t\t\t\t\t\t\t<div class=\"elementor-divider\">\n\t\t\t<span class=\"elementor-divider-separator\">\n\t\t\t\t\t\t<\/span>\n\t\t<\/div>\n\t\t\t\t\t\t<\/div>\n\t\t\t\t<\/div>\n\t\t<div class=\"elementor-element elementor-element-b052649 e-con-full e-flex e-con e-child\" data-id=\"b052649\" data-element_type=\"container\">\n\t\t\t\t<div class=\"elementor-element elementor-element-8fe663a elementor-widget elementor-widget-image\" data-id=\"8fe663a\" data-element_type=\"widget\" data-widget_type=\"image.default\">\n\t\t\t\t\t\t\t\t\t\t\t\t\t\t\t<img decoding=\"async\" width=\"301\" height=\"107\" src=\"https:\/\/ztecsg.com\/wp-content\/uploads\/2025\/12\/LOGO11.png\" class=\"attachment-large size-large wp-image-728\" alt=\"\" \/>\t\t\t\t\t\t\t\t\t\t\t\t\t\t\t<\/div>\n\t\t\t\t<\/div>\n\t\t\t\t\t<\/div>\n\t\t\t\t<\/div>\n\t\t<div class=\"elementor-element elementor-element-6351c5c e-flex e-con-boxed e-con e-parent\" data-id=\"6351c5c\" data-element_type=\"container\">\n\t\t\t\t\t<div class=\"e-con-inner\">\n\t\t\t\t<div class=\"elementor-element elementor-element-07b4f89 elementor-widget elementor-widget-text-editor\" data-id=\"07b4f89\" data-element_type=\"widget\" data-widget_type=\"text-editor.default\">\n\t\t\t\t\t\t\t\t\t<h3><strong>T\u1ed5ng quan S\u1ea3n ph\u1ea9m<\/strong><\/h3><p><strong>H\u1ec7 Th\u1ed1ng L\u00e0m L\u1ea1nh Si\u00eau Th\u1ea5p \u0110\u1ec3 Chu\u1ea9n B\u1ecb M\u1eabu \u0110\u00f4ng L\u1ea1nh Nhanh<\/strong><\/p><p>\u2022 FAC200 Fast Chiller l\u00e0 m\u1ed9t h\u1ec7 th\u1ed1ng l\u00e0m l\u1ea1nh si\u00eau th\u1ea5p, \u0111\u01b0\u1ee3c thi\u1ebft k\u1ebf \u0111\u1ec3 thay th\u1ebf c\u00e1c ph\u01b0\u01a1ng ph\u00e1p truy\u1ec1n th\u1ed1ng s\u1eed d\u1ee5ng \u0111\u00e1 kh\u00f4 v\u00e0 nit\u01a1 l\u1ecfng trong chu\u1ea9n b\u1ecb m\u1eabu c\u1eaft l\u1ea1nh. S\u1eed d\u1ee5ng c\u00f4ng ngh\u1ec7 l\u00e0m l\u1ea1nh Stirling v\u00e0 ch\u1ea5t l\u00e0m l\u1ea1nh th\u00e2n thi\u1ec7n v\u1edbi m\u00f4i tr\u01b0\u1eddng, kh\u00f4ng \u0111\u1ed9c h\u1ea1i, FAC200 gi\u00fap \u0111\u00f4ng l\u1ea1nh nhanh v\u00e0 \u0111\u1ed3ng \u0111\u1ec1u c\u00e1c m\u1eabu m\u00f4 v\u1edbi hi\u1ec7n t\u01b0\u1ee3ng t\u1ea1o tinh th\u1ec3 \u0111\u00e1 \u1edf m\u1ee9c t\u1ed1i thi\u1ec3u.<\/p><p>\u2022 V\u1edbi ch\u1ee9c n\u0103ng t\u01b0\u01a1ng \u0111\u01b0\u01a1ng h\u1ec7 th\u1ed1ng PINO, FAC200 \u0111\u00e1p \u1ee9ng c\u00f9ng c\u00e1c nhu c\u1ea7u quy tr\u00ecnh l\u00e2m s\u00e0ng \u2014 chu\u1ea9n b\u1ecb m\u1eabu \u0111\u00f4ng l\u1ea1nh nhanh, ch\u1ea5t l\u01b0\u1ee3ng \u0111\u00f4ng l\u1ea1nh \u0111\u1ed3ng nh\u1ea5t v\u00e0 v\u1ecb tr\u00ed \u0111\u1eb7t thu\u1eadn ti\u1ec7n c\u1ea1nh m\u00e1y c\u1eaft l\u1ea1nh. \u0110\u00e2y l\u00e0 gi\u1ea3i ph\u00e1p l\u00fd t\u01b0\u1edfng cho khoa Gi\u1ea3i ph\u1eabu b\u1ec7nh, ph\u00f2ng c\u1eaft l\u1ea1nh v\u00e0 c\u00e1c ph\u00f2ng x\u00e9t nghi\u1ec7m ch\u1ea9n \u0111o\u00e1n c\u00f3 c\u00f4ng su\u1ea5t cao.<\/p><p><strong>Thi\u1ebft K\u1ebf Nh\u1ecf G\u1ecdn Cho Vi\u1ec7c Chu\u1ea9n B\u1ecb M\u1eabu \u0110\u00f4ng L\u1ea1nh Hi\u1ec7u Qu\u1ea3<\/strong><\/p><p>\u2022 Simply set the target temperature, allow the coolant to reach the desired level, and immerse the tissue using the supplied carrier. The FAC200 maintains temperatures down to \u201380\u00b0C, enabling rapid freezing in as fast as 30 seconds, depending on tissue size and thickness.<\/p><p>\u2022 No dry ice.<\/p><p>\u2022 No liquid nitrogen.<\/p><p>\u2022 No hazardous reagents.<\/p><p>\u2022 Just fast, clean, consistent freezing.<\/p>\t\t\t\t\t\t\t\t<\/div>\n\t\t\t\t\t<\/div>\n\t\t\t\t<\/div>\n\t\t<div class=\"elementor-element elementor-element-2a91746 e-flex e-con-boxed e-con e-parent\" data-id=\"2a91746\" data-element_type=\"container\">\n\t\t\t\t\t<div class=\"e-con-inner\">\n\t\t<div class=\"elementor-element elementor-element-b2f6136 e-con-full e-flex e-con e-child\" data-id=\"b2f6136\" data-element_type=\"container\">\n\t\t\t\t<div class=\"elementor-element elementor-element-35cea81 elementor-widget elementor-widget-text-editor\" data-id=\"35cea81\" data-element_type=\"widget\" data-widget_type=\"text-editor.default\">\n\t\t\t\t\t\t\t\t\t<p><strong>H\u1ec7 Th\u1ed1ng L\u00e0m L\u1ea1nh Stirling Th\u00e2n Thi\u1ec7n V\u1edbi M\u00f4i Tr\u01b0\u1eddng<\/strong><\/p><p>\u2022 FAC200 \u00e1p d\u1ee5ng m\u00f4-\u0111un l\u00e0m l\u1ea1nh Stirling hi\u1ec7u su\u1ea5t cao, mang l\u1ea1i nhi\u1ec7t \u0111\u1ed9 si\u00eau th\u1ea5p v\u1edbi m\u1ee9c ti\u00eau th\u1ee5 n\u0103ng l\u01b0\u1ee3ng t\u1ed1i thi\u1ec3u. H\u1ec7 th\u1ed1ng s\u1eed d\u1ee5ng ch\u1ea5t l\u00e0m l\u1ea1nh t\u1ef1 ph\u00e1t tri\u1ec3n, kh\u00f4ng \u0111\u1ed9c h\u1ea1i, an to\u00e0n cho ng\u01b0\u1eddi v\u1eadn h\u00e0nh v\u00e0 th\u00e2n thi\u1ec7n v\u1edbi m\u00f4i tr\u01b0\u1eddng. <br \/>consumption. The system uses a self-developed, non-toxic coolant that is safe for operators and environmentally friendly.<\/p><p>\u2022 So v\u1edbi c\u00e1c ph\u01b0\u01a1ng ph\u00e1p truy\u1ec1n th\u1ed1ng s\u1eed d\u1ee5ng \u0111\u00e1 kh\u00f4\/acetone ho\u1eb7c LN\u2082, FAC200 cung c\u1ea5p:<\/p><p>\u2022 L\u00e0m l\u1ea1nh nhanh h\u01a1n<\/p><p>\u2022 More stable temperature control<\/p><p>\u2022 No hazardous consumables<\/p><p>\u2022 Chi ph\u00ed v\u1eadn h\u00e0nh th\u1ea5p h\u01a1n<\/p><p><strong>\u0110\u00f4ng L\u1ea1nh Nhanh, \u0110\u1ec1u \u0110\u1ec3 T\u1ea1o M\u1eabu \u0110\u00f4ng L\u1ea1nh Ch\u1ea5t L\u01b0\u1ee3ng Cao<\/strong><\/p><p>\u2022 FAC200 l\u00e0m \u0111\u00f4ng m\u00f4 \u0111\u1ed3ng \u0111\u1ec1u t\u1eeb m\u1ecdi ph\u00eda, gi\u1ea3m thi\u1ec3u th\u1eddi gian m\u1eabu n\u1eb1m trong v\u00f9ng nhi\u1ec7t \u0111\u1ed9 t\u1eeb 0\u00b0C \u0111\u1ebfn \u20137\u00b0C \u2014 v\u00f9ng h\u00ecnh th\u00e0nh tinh th\u1ec3 \u0111\u00e1, nh\u1edd \u0111\u00f3 gi\u00fap gi\u1ea3m hi\u1ec7n t\u01b0\u1ee3ng t\u1ea1o v\u1eadt v\u00e0 b\u1ea3o t\u1ed3n h\u00ecnh th\u00e1i m\u00f4.<\/p><p>\u2022 Kh\u00f4ng c\u00f3 hi\u1ec7n t\u01b0\u1ee3ng t\u1ea1o tinh th\u1ec3 \u0111\u00e1<\/p><p>\u2022 Ph\u00f9 h\u1ee3p v\u1edbi c\u00e1c m\u00f4 nhi\u1ec1u m\u1ee1<\/p><p>\u2022 T\u1ea1o ra c\u00e1c kh\u1ed1i m\u00f4 \u0111\u00f4ng l\u1ea1nh ph\u1eb3ng, \u0111\u1ed3ng \u0111\u1ec1u<\/p><p>\u2022 Gi\u1ea3m th\u1eddi gian ch\u1ec9nh s\u1eeda m\u1eabu trong m\u00e1y c\u1eaft l\u1ea1nh<\/p>\t\t\t\t\t\t\t\t<\/div>\n\t\t\t\t<\/div>\n\t\t<div class=\"elementor-element elementor-element-c40142b e-con-full e-flex e-con e-child\" data-id=\"c40142b\" data-element_type=\"container\">\n\t\t\t\t<div class=\"elementor-element elementor-element-99fb664 elementor-widget elementor-widget-image\" data-id=\"99fb664\" data-element_type=\"widget\" data-widget_type=\"image.default\">\n\t\t\t\t\t\t\t\t\t\t\t\t\t\t\t<img fetchpriority=\"high\" decoding=\"async\" width=\"335\" height=\"498\" src=\"https:\/\/ztecsg.com\/wp-content\/uploads\/2025\/12\/JQ.png\" class=\"attachment-full size-full wp-image-729\" alt=\"\" srcset=\"https:\/\/ztecsg.com\/wp-content\/uploads\/2025\/12\/JQ.png 335w, https:\/\/ztecsg.com\/wp-content\/uploads\/2025\/12\/JQ-202x300.png 202w\" sizes=\"(max-width: 335px) 100vw, 335px\" \/>\t\t\t\t\t\t\t\t\t\t\t\t\t\t\t<\/div>\n\t\t\t\t<\/div>\n\t\t\t\t\t<\/div>\n\t\t\t\t<\/div>\n\t\t<div class=\"elementor-element elementor-element-9cf54ee e-flex e-con-boxed e-con e-parent\" data-id=\"9cf54ee\" data-element_type=\"container\">\n\t\t\t\t\t<div class=\"e-con-inner\">\n\t\t\t\t<div class=\"elementor-element elementor-element-9458498 elementor-widget elementor-widget-text-editor\" data-id=\"9458498\" data-element_type=\"widget\" data-widget_type=\"text-editor.default\">\n\t\t\t\t\t\t\t\t\t<p><b>Nh\u1eefng \u01b0u \u0111i\u1ec3m n\u00e0y h\u1ed7 tr\u1ee3 qu\u00e1 tr\u00ecnh c\u1eaft l\u1ea1nh m\u01b0\u1ee3t m\u00e0 h\u01a1n, \u00edt \u00e1p l\u1ef1c h\u01a1n v\u00e0 n\u00e2ng cao ch\u1ea5t l\u01b0\u1ee3ng ch\u1ea9n \u0111o\u00e1n.<\/b><\/p>\t\t\t\t\t\t\t\t<\/div>\n\t\t\t\t\t<\/div>\n\t\t\t\t<\/div>\n\t\t\t\t<\/div>","protected":false},"excerpt":{"rendered":"<p>FAC200 Fast Chiller Product Overview: Ultra-Low Temperature Freezing System for Rapid Frozen Block Preparation \u2022 The FAC200 Fast Chiller is an ultra-low temperature freezing system designed to replace traditional dry [&hellip;]<\/p>\n","protected":false},"author":2,"featured_media":0,"parent":373,"menu_order":0,"comment_status":"closed","ping_status":"closed","template":"","meta":{"site-sidebar-layout":"default","site-content-layout":"","ast-site-content-layout":"default","site-content-style":"default","site-sidebar-style":"default","ast-global-header-display":"","ast-banner-title-visibility":"","ast-main-header-display":"","ast-hfb-above-header-display":"","ast-hfb-below-header-display":"","ast-hfb-mobile-header-display":"","site-post-title":"disabled","ast-breadcrumbs-content":"","ast-featured-img":"","footer-sml-layout":"","ast-disable-related-posts":"","theme-transparent-header-meta":"","adv-header-id-meta":"","stick-header-meta":"","header-above-stick-meta":"","header-main-stick-meta":"","header-below-stick-meta":"","astra-migrate-meta-layouts":"default","ast-page-background-enabled":"default","ast-page-background-meta":{"desktop":{"background-color":"var(--ast-global-color-5)","background-image":"","background-repeat":"repeat","background-position":"center center","background-size":"auto","background-attachment":"scroll","background-type":"","background-media":"","overlay-type":"","overlay-color":"","overlay-opacity":"","overlay-gradient":""},"tablet":{"background-color":"","background-image":"","background-repeat":"repeat","background-position":"center center","background-size":"auto","background-attachment":"scroll","background-type":"","background-media":"","overlay-type":"","overlay-color":"","overlay-opacity":"","overlay-gradient":""},"mobile":{"background-color":"","background-image":"","background-repeat":"repeat","background-position":"center center","background-size":"auto","background-attachment":"scroll","background-type":"","background-media":"","overlay-type":"","overlay-color":"","overlay-opacity":"","overlay-gradient":""}},"ast-content-background-meta":{"desktop":{"background-color":"var(--ast-global-color-4)","background-image":"","background-repeat":"repeat","background-position":"center center","background-size":"auto","background-attachment":"scroll","background-type":"","background-media":"","overlay-type":"","overlay-color":"","overlay-opacity":"","overlay-gradient":""},"tablet":{"background-color":"var(--ast-global-color-4)","background-image":"","background-repeat":"repeat","background-position":"center center","background-size":"auto","background-attachment":"scroll","background-type":"","background-media":"","overlay-type":"","overlay-color":"","overlay-opacity":"","overlay-gradient":""},"mobile":{"background-color":"var(--ast-global-color-4)","background-image":"","background-repeat":"repeat","background-position":"center center","background-size":"auto","background-attachment":"scroll","background-type":"","background-media":"","overlay-type":"","overlay-color":"","overlay-opacity":"","overlay-gradient":""}},"footnotes":""},"class_list":["post-726","page","type-page","status-publish","hentry"],"aioseo_notices":[],"_links":{"self":[{"href":"https:\/\/ztecsg.com\/vi\/wp-json\/wp\/v2\/pages\/726","targetHints":{"allow":["GET"]}}],"collection":[{"href":"https:\/\/ztecsg.com\/vi\/wp-json\/wp\/v2\/pages"}],"about":[{"href":"https:\/\/ztecsg.com\/vi\/wp-json\/wp\/v2\/types\/page"}],"author":[{"embeddable":true,"href":"https:\/\/ztecsg.com\/vi\/wp-json\/wp\/v2\/users\/2"}],"replies":[{"embeddable":true,"href":"https:\/\/ztecsg.com\/vi\/wp-json\/wp\/v2\/comments?post=726"}],"version-history":[{"count":13,"href":"https:\/\/ztecsg.com\/vi\/wp-json\/wp\/v2\/pages\/726\/revisions"}],"predecessor-version":[{"id":1291,"href":"https:\/\/ztecsg.com\/vi\/wp-json\/wp\/v2\/pages\/726\/revisions\/1291"}],"up":[{"embeddable":true,"href":"https:\/\/ztecsg.com\/vi\/wp-json\/wp\/v2\/pages\/373"}],"wp:attachment":[{"href":"https:\/\/ztecsg.com\/vi\/wp-json\/wp\/v2\/media?parent=726"}],"curies":[{"name":"wp","href":"https:\/\/api.w.org\/{rel}","templated":true}]}}