{"id":775,"date":"2025-12-13T16:35:21","date_gmt":"2025-12-13T08:35:21","guid":{"rendered":"https:\/\/ztecsg.com\/?page_id=775"},"modified":"2025-12-16T09:10:37","modified_gmt":"2025-12-16T01:10:37","slug":"aqms","status":"publish","type":"page","link":"https:\/\/ztecsg.com\/vi\/our-products\/aqms\/","title":{"rendered":"H\u1ec7 Th\u1ed1ng Qu\u1ea3n L\u00fd Ch\u1ea5t L\u01b0\u1ee3ng Kh\u00f4ng Kh\u00ed"},"content":{"rendered":"<div data-elementor-type=\"wp-page\" data-elementor-id=\"775\" class=\"elementor elementor-775\">\n\t\t\t\t<div class=\"elementor-element elementor-element-9a69163 e-flex e-con-boxed e-con e-parent\" data-id=\"9a69163\" data-element_type=\"container\">\n\t\t\t\t\t<div class=\"e-con-inner\">\n\t\t<div class=\"elementor-element elementor-element-607eb90 e-con-full e-flex e-con e-child\" data-id=\"607eb90\" data-element_type=\"container\">\n\t\t\t\t<div class=\"elementor-element elementor-element-c069945 elementor-widget elementor-widget-heading\" data-id=\"c069945\" data-element_type=\"widget\" data-widget_type=\"heading.default\">\n\t\t\t\t\t<h2 class=\"elementor-heading-title elementor-size-default\">H\u1ec7 Th\u1ed1ng Qu\u1ea3n L\u00fd Ch\u1ea5t L\u01b0\u1ee3ng Kh\u00f4ng Kh\u00ed<\/h2>\t\t\t\t<\/div>\n\t\t\t\t<div class=\"elementor-element elementor-element-7e573f3 elementor-widget-divider--view-line elementor-widget elementor-widget-divider\" data-id=\"7e573f3\" data-element_type=\"widget\" data-widget_type=\"divider.default\">\n\t\t\t\t\t\t\t<div class=\"elementor-divider\">\n\t\t\t<span class=\"elementor-divider-separator\">\n\t\t\t\t\t\t<\/span>\n\t\t<\/div>\n\t\t\t\t\t\t<\/div>\n\t\t\t\t<\/div>\n\t\t\t\t\t<\/div>\n\t\t\t\t<\/div>\n\t\t<div class=\"elementor-element elementor-element-6351c5c e-flex e-con-boxed e-con e-parent\" data-id=\"6351c5c\" data-element_type=\"container\">\n\t\t\t\t\t<div class=\"e-con-inner\">\n\t\t\t\t<div class=\"elementor-element elementor-element-07b4f89 elementor-widget elementor-widget-text-editor\" data-id=\"07b4f89\" data-element_type=\"widget\" data-widget_type=\"text-editor.default\">\n\t\t\t\t\t\t\t\t\t<h3><strong>T\u1ed5ng quan S\u1ea3n ph\u1ea9m<\/strong><\/h3><p>\u2022 \u0110\u1ec3 ph\u00f2ng ng\u1eeba l\u00e2y nhi\u1ec5m ch\u00e9o, \u00e1p d\u1ee5ng ph\u01b0\u01a1ng th\u1ee9c t\u1ed5 ch\u1ee9c lu\u1ed3ng kh\u00ed c\u1ea5p to\u00e0n ph\u1ea7n v\u00e0 th\u1ea3i to\u00e0n ph\u1ea7n;<\/p><p>\u2022 L\u1ef1a ch\u1ecdn b\u00e0n thu m\u1eabu v\u00e0 t\u1ee7 h\u00fat ph\u00f9 h\u1ee3p, \u0111\u1ea3m b\u1ea3o l\u01b0u l\u01b0\u1ee3ng th\u1ea3i, nh\u1eb1m nhanh ch\u00f3ng \u0111\u01b0a c\u00e1c kh\u00ed \u0111\u1ed9c h\u1ea1i ra ngo\u00e0i;<\/p><p>\u2022 S\u1eed d\u1ee5ng h\u1ee3p l\u00fd thi\u1ebft b\u1ecb l\u00e0m s\u1ea1ch kh\u00f4ng kh\u00ed ion \u0111\u1ec3 lo\u1ea1i b\u1ecf c\u00e1c kh\u00ed \u0111\u1ed9c h\u1ea1i tho\u00e1t ra ph\u00f2ng do nhi\u1ec5u lo\u1ea1n lu\u1ed3ng kh\u00ed;<\/p><p>\u2022 Ph\u00e2n chia khu v\u1ef1c \u00f4 nhi\u1ec5m, b\u00e1n \u00f4 nhi\u1ec5m, \u0111\u1ec7m v\u00e0 s\u1ea1ch, v\u00e0 \u00e1p d\u1ee5ng thi\u1ebft k\u1ebf \u00e1p su\u1ea5t \u00e2m gradient;<\/p><p>\u2022 Thi\u1ebft k\u1ebf d\u1eabn h\u01b0\u1edbng c\u1ee5c b\u1ed9 th\u1eb3ng \u0111\u1ee9ng v\u00e0 d\u1eabn h\u01b0\u1edbng t\u1ed5ng th\u1ec3 trong ph\u00f2ng gi\u00fap \u0111\u1ea3m b\u1ea3o t\u1ed1t h\u01a1n ch\u1ea5t l\u01b0\u1ee3ng kh\u00f4ng kh\u00ed ph\u00f2ng m\u1ed5;<\/p><p>\u2022 Thi\u1ebft k\u1ebf \u0111i\u1ec1u khi\u1ec3n t\u1ef1 \u0111\u1ed9ng h\u1ec7 th\u1ed1ng c\u1ea5p v\u00e0 th\u1ea3i kh\u00ed thu\u1eadn ti\u1ec7n cho v\u1eadn h\u00e0nh, th\u00e2n thi\u1ec7n m\u00f4i tr\u01b0\u1eddng v\u00e0 h\u01b0\u1edbng t\u1edbi m\u1ee5c ti\u00eau ph\u00e1t th\u1ea3i carbon th\u1ea5p.<\/p><p>\u00a0<\/p><h3><strong>C\u00e1c ch\u1ea5t \u00f4 nhi\u1ec5m ch\u00ednh trong khoa Gi\u1ea3i ph\u1eabu b\u1ec7nh<\/strong><\/h3><p><strong>Ch\u1ea5t \u00f4 nhi\u1ec5m sinh h\u1ecdc:<\/strong> <br \/>\u2022 \u00d4 nhi\u1ec5m m\u1ea7m b\u1ec7nh: M\u1eabu m\u00f4 ch\u01b0a c\u1ed1 \u0111\u1ecbnh ho\u1eb7c c\u1ed1 \u0111\u1ecbnh k\u00e9m<br \/>\u2022 M\u1eabu b\u1ec7nh ph\u1ea9m c\u00f3 kh\u1ea3 n\u0103ng l\u00e2y nhi\u1ec5m: Lao ph\u1ed5i, lao th\u1eadn v\u00e0 m\u1eabu \u0111\u1eddm<\/p><p><strong>Ch\u1ea5t \u00f4 nhi\u1ec5m h\u00f3a h\u1ecdc:<\/strong> <br \/>\u2022 Formalin (formaldehyde), xylen, paraffin, axit sunfuric, axit clohydric, natri azide, <br \/>\u2022 Ete, acetone, ethanol, axit osmic, thu\u1ed1c hi\u1ec7n m\u00e0u DAB v\u00e0 AEC<\/p>\t\t\t\t\t\t\t\t<\/div>\n\t\t\t\t\t<\/div>\n\t\t\t\t<\/div>\n\t\t<div class=\"elementor-element elementor-element-2a91746 e-flex e-con-boxed e-con e-parent\" data-id=\"2a91746\" data-element_type=\"container\">\n\t\t\t\t\t<div class=\"e-con-inner\">\n\t\t<div class=\"elementor-element elementor-element-b2f6136 e-con-full e-flex e-con e-child\" data-id=\"b2f6136\" data-element_type=\"container\">\n\t\t\t\t<div class=\"elementor-element elementor-element-35cea81 elementor-widget elementor-widget-text-editor\" data-id=\"35cea81\" data-element_type=\"widget\" data-widget_type=\"text-editor.default\">\n\t\t\t\t\t\t\t\t\t<h3><strong>Th\u00f4ng s\u1ed1 k\u1ef9 thu\u1eadt &amp; T\u00ednh n\u0103ng:<\/strong><\/h3><p><strong>T\u01b0\u01a1ng th\u00edch Ti\u00eau b\u1ea3n<\/strong><br \/>\u2022 K\u00edch th\u01b0\u1edbc ti\u00eau b\u1ea3n ti\u00eau chu\u1ea9n: 26 \u00d7 76 mm, \u0111\u1ed9 d\u00e0y 0.9\u20131.2 mm (c\u00f3 lam men) <br \/>\u2022 Kh\u1ea3 n\u0103ng n\u1ea1p m\u1eabu: 10 ti\u00eau b\u1ea3n\/m\u1ebb<br \/>\u2022 H\u1ec7 th\u1ed1ng n\u1ea1p m\u1eabu d\u1ea1ng h\u1ed9p, d\u1ec5 d\u00e0ng ti\u1ebfp c\u1eadn v\u00e0 \u0111\u1ecbnh v\u1ecb \u1ed5n \u0111\u1ecbnh<\/p><p><strong>H\u1ec7 Th\u1ed1ng Th\u00f4ng Gi\u00f3 &amp; L\u00e0m S\u1ea1ch<\/strong><br \/>\u2022 H\u1ec7 th\u1ed1ng c\u1ea5p kh\u00ed t\u01b0\u01a1i, h\u1ec7 th\u1ed1ng th\u1ea3i kh\u00ed<br \/>\u2022 N\u1ec1n t\u1ea3ng \u0111i\u1ec1u khi\u1ec3n t\u00edch h\u1ee3p \u0111\u1ea7u cu\u1ed1i<br \/>\u2022 \u0110\u01a1n v\u1ecb d\u1eabn h\u01b0\u1edbng kh\u00ed th\u1eb3ng \u0111\u1ee9ng v\u00e0 t\u1ed5ng th\u1ec3 <br \/>\u2022 \u0110\u01a1n v\u1ecb ph\u00e2n ph\u1ed1i kh\u00ed ion <br \/>\u2022 M\u00f4-\u0111un l\u00e0m s\u1ea1ch ion<br \/>\u2022 \u0110\u01a1n v\u1ecb gi\u00e1m s\u00e1t ch\u1ea5t l\u01b0\u1ee3ng kh\u00f4ng kh\u00ed VOC <br \/>\u2022 \u0110\u01a1n v\u1ecb gi\u00e1m s\u00e1t nhi\u1ec7t \u0111\u1ed9 v\u00e0 \u0111\u1ed9 \u1ea9m <br \/>\u2022 \u0110\u01a1n v\u1ecb gi\u00e1m s\u00e1t \u00e1p su\u1ea5t v\u00e0 t\u1ed1c \u0111\u1ed9 gi\u00f3<\/p><p><strong>N\u1ec1n T\u1ea3ng \u0110i\u1ec1u Khi\u1ec3n T\u00edch H\u1ee3p \u0110\u1ea7u Cu\u1ed1i<\/strong><br \/>\u2022 M\u00e0n h\u00ecnh c\u1ea3m \u1ee9ng LCD k\u00edch th\u01b0\u1edbc l\u1edbn hi\u1ec3n th\u1ecb d\u1eef li\u1ec7u h\u1ec7 th\u1ed1ng th\u1eddi gian th\u1ef1c: nhi\u1ec7t \u0111\u1ed9, \u0111\u1ed9 \u1ea9m, ch\u1ec9 s\u1ed1 n\u1ed3ng \u0111\u1ed9 formaldehyde, benzen, l\u01b0\u1ee3ng ion oxy \u0111\u01b0\u1ee3c t\u1ea1o ra, t\u1ed1c \u0111\u1ed9 gi\u00f3 c\u1ea5p\/th\u1ea3i, v.v.<br \/>\u2022 Kh\u1edfi \u0111\u1ed9ng\/d\u1eebng ho\u1ea1t \u0111\u1ed9ng h\u1ec7 th\u1ed1ng b\u1eb1ng m\u1ed9t n\u00fat nh\u1ea5n. \u2022 T\u01b0\u01a1ng t\u00e1c qua l\u1ea1i gi\u1eefa \u1ee9ng d\u1ee5ng \u0111i\u1ec7n tho\u1ea1i (APP) v\u00e0 h\u1ec7 th\u1ed1ng \u0111i\u1ec1u khi\u1ec3n k\u1ebft n\u1ed1i Internet. <br \/>\u2022 C\u1ea3nh b\u00e1o t\u1eeb xa qua n\u1ec1n t\u1ea3ng m\u00e1y ch\u1ee7 khi ch\u1ea5t l\u01b0\u1ee3ng kh\u00f4ng kh\u00ed v\u01b0\u1ee3t ng\u01b0\u1ee1ng v\u00e0 c\u1ea3nh b\u00e1o t\u1eeb xa khi thi\u1ebft b\u1ecb g\u1eb7p s\u1ef1 c\u1ed1.<\/p>\t\t\t\t\t\t\t\t<\/div>\n\t\t\t\t<\/div>\n\t\t<div class=\"elementor-element elementor-element-c40142b e-con-full e-flex e-con e-child\" data-id=\"c40142b\" data-element_type=\"container\">\n\t\t\t\t<div class=\"elementor-element elementor-element-a837a68 elementor-widget elementor-widget-spacer\" data-id=\"a837a68\" data-element_type=\"widget\" data-widget_type=\"spacer.default\">\n\t\t\t\t\t\t\t<div class=\"elementor-spacer\">\n\t\t\t<div class=\"elementor-spacer-inner\"><\/div>\n\t\t<\/div>\n\t\t\t\t\t\t<\/div>\n\t\t\t\t<div class=\"elementor-element elementor-element-99fb664 elementor-widget elementor-widget-image\" data-id=\"99fb664\" data-element_type=\"widget\" data-widget_type=\"image.default\">\n\t\t\t\t\t\t\t\t\t\t\t\t\t\t\t<img fetchpriority=\"high\" decoding=\"async\" width=\"386\" height=\"421\" src=\"https:\/\/ztecsg.com\/wp-content\/uploads\/2025\/12\/AQMS.png\" class=\"attachment-full size-full wp-image-777\" alt=\"\" srcset=\"https:\/\/ztecsg.com\/wp-content\/uploads\/2025\/12\/AQMS.png 386w, https:\/\/ztecsg.com\/wp-content\/uploads\/2025\/12\/AQMS-275x300.png 275w\" sizes=\"(max-width: 386px) 100vw, 386px\" \/>\t\t\t\t\t\t\t\t\t\t\t\t\t\t\t<\/div>\n\t\t\t\t<\/div>\n\t\t\t\t\t<\/div>\n\t\t\t\t<\/div>\n\t\t\t\t<\/div>","protected":false},"excerpt":{"rendered":"<p>Air Quality Management System Product Overview: \u2022 To prevent cross infection, adopt the airflow organization form of full supply and full exhaust; \u2022 Choose appropriate material collection tables and fume [&hellip;]<\/p>\n","protected":false},"author":2,"featured_media":0,"parent":373,"menu_order":0,"comment_status":"closed","ping_status":"closed","template":"","meta":{"site-sidebar-layout":"default","site-content-layout":"","ast-site-content-layout":"default","site-content-style":"default","site-sidebar-style":"default","ast-global-header-display":"","ast-banner-title-visibility":"","ast-main-header-display":"","ast-hfb-above-header-display":"","ast-hfb-below-header-display":"","ast-hfb-mobile-header-display":"","site-post-title":"disabled","ast-breadcrumbs-content":"","ast-featured-img":"","footer-sml-layout":"","ast-disable-related-posts":"","theme-transparent-header-meta":"","adv-header-id-meta":"","stick-header-meta":"","header-above-stick-meta":"","header-main-stick-meta":"","header-below-stick-meta":"","astra-migrate-meta-layouts":"default","ast-page-background-enabled":"default","ast-page-background-meta":{"desktop":{"background-color":"var(--ast-global-color-5)","background-image":"","background-repeat":"repeat","background-position":"center center","background-size":"auto","background-attachment":"scroll","background-type":"","background-media":"","overlay-type":"","overlay-color":"","overlay-opacity":"","overlay-gradient":""},"tablet":{"background-color":"","background-image":"","background-repeat":"repeat","background-position":"center center","background-size":"auto","background-attachment":"scroll","background-type":"","background-media":"","overlay-type":"","overlay-color":"","overlay-opacity":"","overlay-gradient":""},"mobile":{"background-color":"","background-image":"","background-repeat":"repeat","background-position":"center center","background-size":"auto","background-attachment":"scroll","background-type":"","background-media":"","overlay-type":"","overlay-color":"","overlay-opacity":"","overlay-gradient":""}},"ast-content-background-meta":{"desktop":{"background-color":"var(--ast-global-color-4)","background-image":"","background-repeat":"repeat","background-position":"center center","background-size":"auto","background-attachment":"scroll","background-type":"","background-media":"","overlay-type":"","overlay-color":"","overlay-opacity":"","overlay-gradient":""},"tablet":{"background-color":"var(--ast-global-color-4)","background-image":"","background-repeat":"repeat","background-position":"center center","background-size":"auto","background-attachment":"scroll","background-type":"","background-media":"","overlay-type":"","overlay-color":"","overlay-opacity":"","overlay-gradient":""},"mobile":{"background-color":"var(--ast-global-color-4)","background-image":"","background-repeat":"repeat","background-position":"center center","background-size":"auto","background-attachment":"scroll","background-type":"","background-media":"","overlay-type":"","overlay-color":"","overlay-opacity":"","overlay-gradient":""}},"footnotes":""},"class_list":["post-775","page","type-page","status-publish","hentry"],"aioseo_notices":[],"_links":{"self":[{"href":"https:\/\/ztecsg.com\/vi\/wp-json\/wp\/v2\/pages\/775","targetHints":{"allow":["GET"]}}],"collection":[{"href":"https:\/\/ztecsg.com\/vi\/wp-json\/wp\/v2\/pages"}],"about":[{"href":"https:\/\/ztecsg.com\/vi\/wp-json\/wp\/v2\/types\/page"}],"author":[{"embeddable":true,"href":"https:\/\/ztecsg.com\/vi\/wp-json\/wp\/v2\/users\/2"}],"replies":[{"embeddable":true,"href":"https:\/\/ztecsg.com\/vi\/wp-json\/wp\/v2\/comments?post=775"}],"version-history":[{"count":10,"href":"https:\/\/ztecsg.com\/vi\/wp-json\/wp\/v2\/pages\/775\/revisions"}],"predecessor-version":[{"id":963,"href":"https:\/\/ztecsg.com\/vi\/wp-json\/wp\/v2\/pages\/775\/revisions\/963"}],"up":[{"embeddable":true,"href":"https:\/\/ztecsg.com\/vi\/wp-json\/wp\/v2\/pages\/373"}],"wp:attachment":[{"href":"https:\/\/ztecsg.com\/vi\/wp-json\/wp\/v2\/media?parent=775"}],"curies":[{"name":"wp","href":"https:\/\/api.w.org\/{rel}","templated":true}]}}