{"id":871,"date":"2025-12-13T17:45:26","date_gmt":"2025-12-13T09:45:26","guid":{"rendered":"https:\/\/ztecsg.com\/?page_id=871"},"modified":"2026-01-28T18:19:58","modified_gmt":"2026-01-28T10:19:58","slug":"uss","status":"publish","type":"page","link":"https:\/\/ztecsg.com\/vi\/our-products\/uss\/","title":{"rendered":"Ultrasonic scalple system"},"content":{"rendered":"<div data-elementor-type=\"wp-page\" data-elementor-id=\"871\" class=\"elementor elementor-871\">\n\t\t\t\t<div class=\"elementor-element elementor-element-9a69163 e-flex e-con-boxed e-con e-parent\" data-id=\"9a69163\" data-element_type=\"container\">\n\t\t\t\t\t<div class=\"e-con-inner\">\n\t\t<div class=\"elementor-element elementor-element-607eb90 e-con-full e-flex e-con e-child\" data-id=\"607eb90\" data-element_type=\"container\">\n\t\t\t\t<div class=\"elementor-element elementor-element-67bfa8f elementor-widget elementor-widget-spacer\" data-id=\"67bfa8f\" data-element_type=\"widget\" data-widget_type=\"spacer.default\">\n\t\t\t\t\t\t\t<div class=\"elementor-spacer\">\n\t\t\t<div class=\"elementor-spacer-inner\"><\/div>\n\t\t<\/div>\n\t\t\t\t\t\t<\/div>\n\t\t\t\t<div class=\"elementor-element elementor-element-c069945 elementor-widget elementor-widget-heading\" data-id=\"c069945\" data-element_type=\"widget\" data-widget_type=\"heading.default\">\n\t\t\t\t\t<h2 class=\"elementor-heading-title elementor-size-default\">SG11<\/h2>\t\t\t\t<\/div>\n\t\t\t\t<div class=\"elementor-element elementor-element-7e573f3 elementor-widget-divider--view-line elementor-widget elementor-widget-divider\" data-id=\"7e573f3\" data-element_type=\"widget\" data-widget_type=\"divider.default\">\n\t\t\t\t\t\t\t<div class=\"elementor-divider\">\n\t\t\t<span class=\"elementor-divider-separator\">\n\t\t\t\t\t\t<\/span>\n\t\t<\/div>\n\t\t\t\t\t\t<\/div>\n\t\t\t\t<\/div>\n\t\t<div class=\"elementor-element elementor-element-b052649 e-con-full e-flex e-con e-child\" data-id=\"b052649\" data-element_type=\"container\">\n\t\t\t\t<div class=\"elementor-element elementor-element-8fe663a elementor-widget elementor-widget-image\" data-id=\"8fe663a\" data-element_type=\"widget\" data-widget_type=\"image.default\">\n\t\t\t\t\t\t\t\t\t\t\t\t\t\t\t<img decoding=\"async\" width=\"268\" height=\"106\" src=\"https:\/\/ztecsg.com\/wp-content\/uploads\/2025\/12\/securelogo-1.png\" class=\"attachment-large size-large wp-image-873\" alt=\"\" \/>\t\t\t\t\t\t\t\t\t\t\t\t\t\t\t<\/div>\n\t\t\t\t<\/div>\n\t\t\t\t\t<\/div>\n\t\t\t\t<\/div>\n\t\t<div class=\"elementor-element elementor-element-6351c5c e-flex e-con-boxed e-con e-parent\" data-id=\"6351c5c\" data-element_type=\"container\">\n\t\t\t\t\t<div class=\"e-con-inner\">\n\t\t\t\t<div class=\"elementor-element elementor-element-07b4f89 elementor-widget elementor-widget-text-editor\" data-id=\"07b4f89\" data-element_type=\"widget\" data-widget_type=\"text-editor.default\">\n\t\t\t\t\t\t\t\t\t<h3><strong>T\u1ed5ng quan S\u1ea3n ph\u1ea9m<\/strong><\/h3><p><strong>\u2022 V\u1eadn h\u00e0nh ch\u00ednh x\u00e1c<\/strong><br \/>The operation process only generates a small amount of steam fog, smokeless, and provides a clear surgical vision. Ergonomic handle help reduce surgical fatigue.<\/p><p><strong>\u2022 Hi\u1ec7u qu\u1ea3 kinh t\u1ebf<\/strong><br \/>Hand piece could be separated from shears, which support hand piece with long service life and reduce the cost of use. Shears can be replaced independently to reduce the replacement cost.<\/p><p><strong>\u2022 Hi\u1ec7u su\u1ea5t cao v\u00e0 ti\u1ebft ki\u1ec7m th\u1eddi gian<\/strong><br \/>One device for multiple purposes: cutting, sealing, grasping, and separating. Improve the coagulation effect and cutting speed, effectively shorten the operation time.<\/p><p><strong>\u2022 \u1ee8ng d\u1ee5ng<\/strong><br \/>There are kinds of shears to choose and replace (standard HAR36 type), which can be used to close blood vessels with a diameter of no more than 3 mm, and meet the clinical needs of various general surgery rooms.<\/p><p><strong>\u2022 T\u00ednh an to\u00e0n<\/strong><br \/>T\u1ed5n th\u01b0\u01a1ng nhi\u1ec7t b\u00ean c\u1ef1c th\u1ea5p, b\u1ea3o v\u1ec7 hi\u1ec7u qu\u1ea3 c\u00e1c m\u00f4 xung quanh; Kh\u00e1c v\u1edbi dao \u0111i\u1ec7n \u0111\u1ed1t th\u00f4ng th\u01b0\u1eddng, dao si\u00eau \u00e2m l\u00e0 c\u00f4ng ngh\u1ec7 ti\u00ean ti\u1ebfn kh\u00f4ng cho d\u00f2ng \u0111i\u1ec7n \u0111i qua c\u01a1 th\u1ec3 b\u1ec7nh nh\u00e2n, b\u1ea3o v\u1ec7 t\u1ebf b\u00e0o n\u00e3o v\u00e0 h\u1ec7 th\u1ea7n kinh kh\u1ecfi t\u1ed5n th\u01b0\u01a1ng, v\u00e0 kh\u00f4ng g\u00e2y suy gi\u1ea3m tr\u00ed nh\u1edb hay \u0111\u1edd \u0111\u1eabn; gi\u1ea3m hi\u1ec7u qu\u1ea3 s\u1ef1 h\u00ecnh th\u00e0nh v\u1ea3y \u0111\u00f4ng v\u00e0 c\u00e1c bi\u1ebfn ch\u1ee9ng.<\/p>\t\t\t\t\t\t\t\t<\/div>\n\t\t\t\t\t<\/div>\n\t\t\t\t<\/div>\n\t\t<div class=\"elementor-element elementor-element-424fd0a e-flex e-con-boxed e-con e-parent\" data-id=\"424fd0a\" data-element_type=\"container\">\n\t\t\t\t\t<div class=\"e-con-inner\">\n\t\t\t\t<div class=\"elementor-element elementor-element-c77c05a elementor-widget elementor-widget-image\" data-id=\"c77c05a\" data-element_type=\"widget\" data-widget_type=\"image.default\">\n\t\t\t\t\t\t\t\t\t\t\t\t\t\t\t<img fetchpriority=\"high\" decoding=\"async\" width=\"1000\" height=\"616\" src=\"https:\/\/ztecsg.com\/wp-content\/uploads\/2025\/12\/sg11-1.png\" class=\"attachment-large size-large wp-image-869\" alt=\"\" srcset=\"https:\/\/ztecsg.com\/wp-content\/uploads\/2025\/12\/sg11-1.png 1000w, https:\/\/ztecsg.com\/wp-content\/uploads\/2025\/12\/sg11-1-300x185.png 300w, https:\/\/ztecsg.com\/wp-content\/uploads\/2025\/12\/sg11-1-768x473.png 768w\" sizes=\"(max-width: 1000px) 100vw, 1000px\" \/>\t\t\t\t\t\t\t\t\t\t\t\t\t\t\t<\/div>\n\t\t\t\t<div class=\"elementor-element elementor-element-bb7b463 elementor-widget elementor-widget-image\" data-id=\"bb7b463\" data-element_type=\"widget\" data-widget_type=\"image.default\">\n\t\t\t\t\t\t\t\t\t\t\t\t\t\t\t<img decoding=\"async\" width=\"1000\" height=\"555\" src=\"https:\/\/ztecsg.com\/wp-content\/uploads\/2025\/12\/sg112.png\" class=\"attachment-large size-large wp-image-874\" alt=\"\" srcset=\"https:\/\/ztecsg.com\/wp-content\/uploads\/2025\/12\/sg112.png 1000w, https:\/\/ztecsg.com\/wp-content\/uploads\/2025\/12\/sg112-300x167.png 300w, https:\/\/ztecsg.com\/wp-content\/uploads\/2025\/12\/sg112-768x426.png 768w\" sizes=\"(max-width: 1000px) 100vw, 1000px\" \/>\t\t\t\t\t\t\t\t\t\t\t\t\t\t\t<\/div>\n\t\t\t\t<div class=\"elementor-element elementor-element-0be3e23 elementor-widget elementor-widget-image\" data-id=\"0be3e23\" data-element_type=\"widget\" data-widget_type=\"image.default\">\n\t\t\t\t\t\t\t\t\t\t\t\t\t\t\t<img loading=\"lazy\" decoding=\"async\" width=\"1000\" height=\"557\" src=\"https:\/\/ztecsg.com\/wp-content\/uploads\/2025\/12\/sg113.png\" class=\"attachment-large size-large wp-image-875\" alt=\"\" srcset=\"https:\/\/ztecsg.com\/wp-content\/uploads\/2025\/12\/sg113.png 1000w, https:\/\/ztecsg.com\/wp-content\/uploads\/2025\/12\/sg113-300x167.png 300w, https:\/\/ztecsg.com\/wp-content\/uploads\/2025\/12\/sg113-768x428.png 768w\" sizes=\"(max-width: 1000px) 100vw, 1000px\" \/>\t\t\t\t\t\t\t\t\t\t\t\t\t\t\t<\/div>\n\t\t\t\t\t<\/div>\n\t\t\t\t<\/div>\n\t\t<div class=\"elementor-element elementor-element-ba7ed6b e-flex e-con-boxed e-con e-parent\" data-id=\"ba7ed6b\" data-element_type=\"container\">\n\t\t\t\t\t<div class=\"e-con-inner\">\n\t\t\t\t<div class=\"elementor-element elementor-element-34af8b7 elementor-widget elementor-widget-spacer\" data-id=\"34af8b7\" data-element_type=\"widget\" data-widget_type=\"spacer.default\">\n\t\t\t\t\t\t\t<div class=\"elementor-spacer\">\n\t\t\t<div class=\"elementor-spacer-inner\"><\/div>\n\t\t<\/div>\n\t\t\t\t\t\t<\/div>\n\t\t\t\t<div class=\"elementor-element elementor-element-c60b198 elementor-widget elementor-widget-heading\" data-id=\"c60b198\" data-element_type=\"widget\" data-widget_type=\"heading.default\">\n\t\t\t\t\t<h3 class=\"elementor-heading-title elementor-size-default\">Th\u00f4ng s\u1ed1 k\u1ef9 thu\u1eadt<\/h3>\t\t\t\t<\/div>\n\t\t\t\t\t<\/div>\n\t\t\t\t<\/div>\n\t\t<div class=\"elementor-element elementor-element-0823125 e-flex e-con-boxed e-con e-parent\" data-id=\"0823125\" data-element_type=\"container\">\n\t\t\t\t\t<div class=\"e-con-inner\">\n\t\t\t\t<div class=\"elementor-element elementor-element-4c075fd elementor-widget elementor-widget-image\" data-id=\"4c075fd\" data-element_type=\"widget\" data-widget_type=\"image.default\">\n\t\t\t\t\t\t\t\t\t\t\t\t\t\t\t<img loading=\"lazy\" decoding=\"async\" width=\"1000\" height=\"492\" src=\"https:\/\/ztecsg.com\/wp-content\/uploads\/2025\/12\/SG114.png\" class=\"attachment-large size-large wp-image-879\" alt=\"\" srcset=\"https:\/\/ztecsg.com\/wp-content\/uploads\/2025\/12\/SG114.png 1000w, https:\/\/ztecsg.com\/wp-content\/uploads\/2025\/12\/SG114-300x148.png 300w, https:\/\/ztecsg.com\/wp-content\/uploads\/2025\/12\/SG114-768x378.png 768w\" sizes=\"(max-width: 1000px) 100vw, 1000px\" \/>\t\t\t\t\t\t\t\t\t\t\t\t\t\t\t<\/div>\n\t\t\t\t<div class=\"elementor-element elementor-element-0019083 elementor-widget elementor-widget-image\" data-id=\"0019083\" data-element_type=\"widget\" data-widget_type=\"image.default\">\n\t\t\t\t\t\t\t\t\t\t\t\t\t\t\t<img loading=\"lazy\" decoding=\"async\" width=\"1000\" height=\"627\" src=\"https:\/\/ztecsg.com\/wp-content\/uploads\/2025\/12\/SG115.png\" class=\"attachment-large size-large wp-image-880\" alt=\"\" srcset=\"https:\/\/ztecsg.com\/wp-content\/uploads\/2025\/12\/SG115.png 1000w, https:\/\/ztecsg.com\/wp-content\/uploads\/2025\/12\/SG115-300x188.png 300w, https:\/\/ztecsg.com\/wp-content\/uploads\/2025\/12\/SG115-768x482.png 768w\" sizes=\"(max-width: 1000px) 100vw, 1000px\" \/>\t\t\t\t\t\t\t\t\t\t\t\t\t\t\t<\/div>\n\t\t\t\t\t<\/div>\n\t\t\t\t<\/div>\n\t\t\t\t<\/div>","protected":false},"excerpt":{"rendered":"<p>SG11 Product Overview: \u2022 Accurate operationThe operation process only generates a small amount of steam fog, smokeless, and provides a clear surgical vision. Ergonomic handle help reduce surgical fatigue. \u2022 [&hellip;]<\/p>\n","protected":false},"author":2,"featured_media":0,"parent":373,"menu_order":0,"comment_status":"closed","ping_status":"closed","template":"","meta":{"site-sidebar-layout":"default","site-content-layout":"","ast-site-content-layout":"default","site-content-style":"default","site-sidebar-style":"default","ast-global-header-display":"","ast-banner-title-visibility":"","ast-main-header-display":"","ast-hfb-above-header-display":"","ast-hfb-below-header-display":"","ast-hfb-mobile-header-display":"","site-post-title":"disabled","ast-breadcrumbs-content":"","ast-featured-img":"","footer-sml-layout":"","ast-disable-related-posts":"","theme-transparent-header-meta":"","adv-header-id-meta":"","stick-header-meta":"","header-above-stick-meta":"","header-main-stick-meta":"","header-below-stick-meta":"","astra-migrate-meta-layouts":"default","ast-page-background-enabled":"default","ast-page-background-meta":{"desktop":{"background-color":"var(--ast-global-color-5)","background-image":"","background-repeat":"repeat","background-position":"center center","background-size":"auto","background-attachment":"scroll","background-type":"","background-media":"","overlay-type":"","overlay-color":"","overlay-opacity":"","overlay-gradient":""},"tablet":{"background-color":"","background-image":"","background-repeat":"repeat","background-position":"center center","background-size":"auto","background-attachment":"scroll","background-type":"","background-media":"","overlay-type":"","overlay-color":"","overlay-opacity":"","overlay-gradient":""},"mobile":{"background-color":"","background-image":"","background-repeat":"repeat","background-position":"center center","background-size":"auto","background-attachment":"scroll","background-type":"","background-media":"","overlay-type":"","overlay-color":"","overlay-opacity":"","overlay-gradient":""}},"ast-content-background-meta":{"desktop":{"background-color":"var(--ast-global-color-4)","background-image":"","background-repeat":"repeat","background-position":"center center","background-size":"auto","background-attachment":"scroll","background-type":"","background-media":"","overlay-type":"","overlay-color":"","overlay-opacity":"","overlay-gradient":""},"tablet":{"background-color":"var(--ast-global-color-4)","background-image":"","background-repeat":"repeat","background-position":"center center","background-size":"auto","background-attachment":"scroll","background-type":"","background-media":"","overlay-type":"","overlay-color":"","overlay-opacity":"","overlay-gradient":""},"mobile":{"background-color":"var(--ast-global-color-4)","background-image":"","background-repeat":"repeat","background-position":"center center","background-size":"auto","background-attachment":"scroll","background-type":"","background-media":"","overlay-type":"","overlay-color":"","overlay-opacity":"","overlay-gradient":""}},"footnotes":""},"class_list":["post-871","page","type-page","status-publish","hentry"],"aioseo_notices":[],"_links":{"self":[{"href":"https:\/\/ztecsg.com\/vi\/wp-json\/wp\/v2\/pages\/871","targetHints":{"allow":["GET"]}}],"collection":[{"href":"https:\/\/ztecsg.com\/vi\/wp-json\/wp\/v2\/pages"}],"about":[{"href":"https:\/\/ztecsg.com\/vi\/wp-json\/wp\/v2\/types\/page"}],"author":[{"embeddable":true,"href":"https:\/\/ztecsg.com\/vi\/wp-json\/wp\/v2\/users\/2"}],"replies":[{"embeddable":true,"href":"https:\/\/ztecsg.com\/vi\/wp-json\/wp\/v2\/comments?post=871"}],"version-history":[{"count":13,"href":"https:\/\/ztecsg.com\/vi\/wp-json\/wp\/v2\/pages\/871\/revisions"}],"predecessor-version":[{"id":1300,"href":"https:\/\/ztecsg.com\/vi\/wp-json\/wp\/v2\/pages\/871\/revisions\/1300"}],"up":[{"embeddable":true,"href":"https:\/\/ztecsg.com\/vi\/wp-json\/wp\/v2\/pages\/373"}],"wp:attachment":[{"href":"https:\/\/ztecsg.com\/vi\/wp-json\/wp\/v2\/media?parent=871"}],"curies":[{"name":"wp","href":"https:\/\/api.w.org\/{rel}","templated":true}]}}