{"id":884,"date":"2025-12-13T17:54:47","date_gmt":"2025-12-13T09:54:47","guid":{"rendered":"https:\/\/ztecsg.com\/?page_id=884"},"modified":"2025-12-16T09:22:12","modified_gmt":"2025-12-16T01:22:12","slug":"cls","status":"publish","type":"page","link":"https:\/\/ztecsg.com\/vi\/our-products\/cls\/","title":{"rendered":"Cold Light Source \/ Endoscope Camera"},"content":{"rendered":"<div data-elementor-type=\"wp-page\" data-elementor-id=\"884\" class=\"elementor elementor-884\">\n\t\t\t\t<div class=\"elementor-element elementor-element-9a69163 e-flex e-con-boxed e-con e-parent\" data-id=\"9a69163\" data-element_type=\"container\">\n\t\t\t\t\t<div class=\"e-con-inner\">\n\t\t<div class=\"elementor-element elementor-element-607eb90 e-con-full e-flex e-con e-child\" data-id=\"607eb90\" data-element_type=\"container\">\n\t\t\t\t<div class=\"elementor-element elementor-element-67bfa8f elementor-widget elementor-widget-spacer\" data-id=\"67bfa8f\" data-element_type=\"widget\" data-widget_type=\"spacer.default\">\n\t\t\t\t\t\t\t<div class=\"elementor-spacer\">\n\t\t\t<div class=\"elementor-spacer-inner\"><\/div>\n\t\t<\/div>\n\t\t\t\t\t\t<\/div>\n\t\t\t\t<div class=\"elementor-element elementor-element-c069945 elementor-widget elementor-widget-heading\" data-id=\"c069945\" data-element_type=\"widget\" data-widget_type=\"heading.default\">\n\t\t\t\t\t<h2 class=\"elementor-heading-title elementor-size-default\">Ngu\u1ed3n S\u00e1ng L\u1ea1nh 4K \/ Camera N\u1ed9i soi<\/h2>\t\t\t\t<\/div>\n\t\t\t\t<div class=\"elementor-element elementor-element-7e573f3 elementor-widget-divider--view-line elementor-widget elementor-widget-divider\" data-id=\"7e573f3\" data-element_type=\"widget\" data-widget_type=\"divider.default\">\n\t\t\t\t\t\t\t<div class=\"elementor-divider\">\n\t\t\t<span class=\"elementor-divider-separator\">\n\t\t\t\t\t\t<\/span>\n\t\t<\/div>\n\t\t\t\t\t\t<\/div>\n\t\t\t\t<\/div>\n\t\t<div class=\"elementor-element elementor-element-b052649 e-con-full e-flex e-con e-child\" data-id=\"b052649\" data-element_type=\"container\">\n\t\t\t\t<div class=\"elementor-element elementor-element-8fe663a elementor-widget elementor-widget-image\" data-id=\"8fe663a\" data-element_type=\"widget\" data-widget_type=\"image.default\">\n\t\t\t\t\t\t\t\t\t\t\t\t\t\t\t<img decoding=\"async\" width=\"268\" height=\"106\" src=\"https:\/\/ztecsg.com\/wp-content\/uploads\/2025\/12\/securelogo-1.png\" class=\"attachment-large size-large wp-image-873\" alt=\"\" \/>\t\t\t\t\t\t\t\t\t\t\t\t\t\t\t<\/div>\n\t\t\t\t<\/div>\n\t\t\t\t\t<\/div>\n\t\t\t\t<\/div>\n\t\t<div class=\"elementor-element elementor-element-488381f e-flex e-con-boxed e-con e-parent\" data-id=\"488381f\" data-element_type=\"container\">\n\t\t\t\t\t<div class=\"e-con-inner\">\n\t\t<div class=\"elementor-element elementor-element-411c405 e-con-full e-flex e-con e-child\" data-id=\"411c405\" data-element_type=\"container\">\n\t\t\t\t<div class=\"elementor-element elementor-element-07b4f89 elementor-widget elementor-widget-text-editor\" data-id=\"07b4f89\" data-element_type=\"widget\" data-widget_type=\"text-editor.default\">\n\t\t\t\t\t\t\t\t\t<h3><strong>Th\u00f4ng s\u1ed1 K\u1ef9 thu\u1eadt:<\/strong><\/h3><p><strong>M\u00e0n h\u00ecnh<\/strong><br \/>\u2022 Ch\u00e2n \u0111\u1ebf m\u00e0n h\u00ecnh xoay 360 \u0111\u1ed9, \u0111i\u1ec1u ch\u1ec9nh \u0111\u01b0\u1ee3c v\u1ecb tr\u00ed l\u01a1 l\u1eedng v\u00e0 chi\u1ec1u cao <br \/>\u2022 \u0110\u1ed9 ph\u00e2n gi\u1ea3i 3840\u00d72160 4K UHD, t\u1ea5m n\u1ec1n IPS 178\u00b0 v\u1edbi \u0111a giao di\u1ec7n. <br \/>\u2022 K\u00edch th\u01b0\u1edbc: 638.8x374x64mm (RxCxS), c\u00f3 c\u00e1c c\u1ea5u h\u00ecnh t\u00f9y ch\u1ecdn. <br \/>\u2022 B\u1ed9 chuy\u1ec3n \u0111\u1ed5i video 4K chuy\u1ec3n \u0111\u1ed5i t\u00edn hi\u1ec7u VGA, HDMI, SDI c\u00f3 \u00e2m thanh th\u00e0nh \u0111\u1ea7u ra HDMI 4K ho\u1eb7c 3G-SDI. T\u1ef1 \u0111\u1ed9ng chuy\u1ec3n \u0111\u1ed5i th\u1eddi gian th\u1ef1c sang \u0111\u1ecbnh d\u1ea1ng 4K, HD ho\u1eb7c SD khi \u0111\u1ea7u v\u00e0o thay \u0111\u1ed5i.<\/p><p><strong>M\u00e1y ngu\u1ed3n s\u00e1ng l\u1ea1nh<\/strong><br \/>\u2022 Ngu\u1ed3n s\u00e1ng l\u1ea1nh v\u1edbi ch\u1ec9 s\u1ed1 ho\u00e0n m\u00e0u \u226590, cho kh\u1ea3 n\u0103ng t\u00e1i t\u1ea1o m\u00e0u s\u1eafc ch\u00ednh x\u00e1c kh\u00f4ng b\u1ecb bi\u1ebfn d\u1ea1ng. <br \/>\u2022 Nhi\u1ec7t \u0111\u1ed9 m\u00e0u 5000-6500K, m\u00f4 ph\u1ecfng \u00e1nh s\u00e1ng t\u1ef1 nhi\u00ean ban ng\u00e0y, cho m\u00e0u s\u1eafc ch\u00e2n th\u1ef1c. <br \/>\u2022 M\u00f4-\u0111un LED ti\u1ebft ki\u1ec7m n\u0103ng l\u01b0\u1ee3ng, tu\u1ed5i th\u1ecd cao, d\u1ec5 d\u00e0ng b\u1ea3o tr\u00ec.<\/p><p><strong>M\u00e1y ch\u1ee7 camera 4K<\/strong> <br \/>\u2022 Thu\u1eadt to\u00e1n h\u00ecnh \u1ea3nh ti\u00ean ti\u1ebfn h\u1ed7 tr\u1ee3 b\u00e1c s\u0129 th\u1ef1c hi\u1ec7n ph\u1eabu thu\u1eadt hi\u1ec7u qu\u1ea3 v\u00e0 ch\u00ednh x\u00e1c. <br \/>\u2022 C\u1ed5ng USB3.0 l\u01b0u tr\u1eef video v\u00e0 h\u00ecnh \u1ea3nh, b\u1ea3o t\u1ed3n d\u1eef li\u1ec7u ph\u1eabu thu\u1eadt. <br \/>\u2022 H\u1ed7 tr\u1ee3 9 \u1ee9ng d\u1ee5ng.<\/p><p><strong>M\u00e1y t\u1ea1o khoang ph\u00fac m\u1ea1c<\/strong><br \/>\u2022 B\u01a1m h\u01a1i ch\u00ednh x\u00e1c &amp; \u1ed5n \u0111\u1ecbnh nh\u1edd c\u00f4ng ngh\u1ec7 d\u00f2ng ch\u1ea3y tuy\u1ebfn t\u00ednh. <br \/>\u2022 B\u1ea3o v\u1ec7 \u00e1p su\u1ea5t k\u00e9p; t\u1ef1 \u0111\u1ed9ng ph\u00e1t hi\u1ec7n kh\u1edfi \u0111\u1ed9ng \u0111\u1ec3 \u0111\u1ea3m b\u1ea3o an to\u00e0n. <br \/>\u2022 T\u00edch h\u1ee3p c\u1ea3nh b\u00e1o \u00e1p su\u1ea5t cao t\u1ef1 \u0111\u1ed9ng, x\u1ea3 \u00e1p, b\u01a1m b\u00f9 khi \u00e1p su\u1ea5t th\u1ea5p v\u00e0 ki\u1ec3m tra ngu\u1ed3n kh\u00ed.<\/p><p><strong>Xe \u0111\u1ea9y y t\u1ebf G-NB4-00<\/strong> <br \/>\u2022 B\u00e1nh xe \u0111\u00f4i y t\u1ebf ch\u1ea1y \u00eam. C\u1ed9t t\u00edch h\u1ee3p h\u00ecnh v\u00f2m v\u1edbi thi\u1ebft k\u1ebf m\u1eb7t b\u00e0n hai tay c\u1ea7m. <br \/>\u2022 K\u1ec7 \u0111i\u1ec1u ch\u1ec9nh \u0111\u01b0\u1ee3c cho ph\u00e9p ki\u1ec3m so\u00e1t linh ho\u1ea1t chi\u1ec1u cao d\u1ef1a tr\u00ean k\u00edch th\u01b0\u1edbc thi\u1ebft b\u1ecb. <br \/>\u2022 Ng\u0103n b\u00e0n ph\u00edm k\u00e9o ra \u1ea9n, 4 m\u00f3c treo n\u1ed9i soi, 2 gi\u00e1 \u0111\u1ee1 \u1ed1ng m\u1ec1m, \u0111\u01b0\u1ee3c thi\u1ebft k\u1ebf cho v\u1eadn h\u00e0nh \u0111a ng\u01b0\u1eddi d\u00f9ng.<\/p>\t\t\t\t\t\t\t\t<\/div>\n\t\t\t\t<\/div>\n\t\t<div class=\"elementor-element elementor-element-9456773 e-con-full e-flex e-con e-child\" data-id=\"9456773\" data-element_type=\"container\">\n\t\t\t\t<div class=\"elementor-element elementor-element-725a898 elementor-widget elementor-widget-spacer\" data-id=\"725a898\" data-element_type=\"widget\" data-widget_type=\"spacer.default\">\n\t\t\t\t\t\t\t<div class=\"elementor-spacer\">\n\t\t\t<div class=\"elementor-spacer-inner\"><\/div>\n\t\t<\/div>\n\t\t\t\t\t\t<\/div>\n\t\t\t\t<div class=\"elementor-element elementor-element-f069fd2 elementor-widget elementor-widget-image\" data-id=\"f069fd2\" data-element_type=\"widget\" data-widget_type=\"image.default\">\n\t\t\t\t\t\t\t\t\t\t\t\t\t\t\t<img fetchpriority=\"high\" decoding=\"async\" width=\"395\" height=\"841\" src=\"https:\/\/ztecsg.com\/wp-content\/uploads\/2025\/12\/4k-1.png\" class=\"attachment-large size-large wp-image-889\" alt=\"\" srcset=\"https:\/\/ztecsg.com\/wp-content\/uploads\/2025\/12\/4k-1.png 395w, https:\/\/ztecsg.com\/wp-content\/uploads\/2025\/12\/4k-1-141x300.png 141w\" sizes=\"(max-width: 395px) 100vw, 395px\" \/>\t\t\t\t\t\t\t\t\t\t\t\t\t\t\t<\/div>\n\t\t\t\t<\/div>\n\t\t\t\t\t<\/div>\n\t\t\t\t<\/div>\n\t\t\t\t<\/div>","protected":false},"excerpt":{"rendered":"<p>4K Cold Light Source \/ Endoscope Camera Specifications: Monitor\u2022 360-degree rotatable monitor stand, adjustable hovering position and height \u2022 3840&#215;2160 4K UHD, 178\u00b0 IPS panel with multiple interfaces. \u2022 Size: [&hellip;]<\/p>\n","protected":false},"author":2,"featured_media":0,"parent":373,"menu_order":0,"comment_status":"closed","ping_status":"closed","template":"","meta":{"site-sidebar-layout":"default","site-content-layout":"","ast-site-content-layout":"default","site-content-style":"default","site-sidebar-style":"default","ast-global-header-display":"","ast-banner-title-visibility":"","ast-main-header-display":"","ast-hfb-above-header-display":"","ast-hfb-below-header-display":"","ast-hfb-mobile-header-display":"","site-post-title":"disabled","ast-breadcrumbs-content":"","ast-featured-img":"","footer-sml-layout":"","ast-disable-related-posts":"","theme-transparent-header-meta":"","adv-header-id-meta":"","stick-header-meta":"","header-above-stick-meta":"","header-main-stick-meta":"","header-below-stick-meta":"","astra-migrate-meta-layouts":"default","ast-page-background-enabled":"default","ast-page-background-meta":{"desktop":{"background-color":"var(--ast-global-color-5)","background-image":"","background-repeat":"repeat","background-position":"center center","background-size":"auto","background-attachment":"scroll","background-type":"","background-media":"","overlay-type":"","overlay-color":"","overlay-opacity":"","overlay-gradient":""},"tablet":{"background-color":"","background-image":"","background-repeat":"repeat","background-position":"center center","background-size":"auto","background-attachment":"scroll","background-type":"","background-media":"","overlay-type":"","overlay-color":"","overlay-opacity":"","overlay-gradient":""},"mobile":{"background-color":"","background-image":"","background-repeat":"repeat","background-position":"center center","background-size":"auto","background-attachment":"scroll","background-type":"","background-media":"","overlay-type":"","overlay-color":"","overlay-opacity":"","overlay-gradient":""}},"ast-content-background-meta":{"desktop":{"background-color":"var(--ast-global-color-4)","background-image":"","background-repeat":"repeat","background-position":"center center","background-size":"auto","background-attachment":"scroll","background-type":"","background-media":"","overlay-type":"","overlay-color":"","overlay-opacity":"","overlay-gradient":""},"tablet":{"background-color":"var(--ast-global-color-4)","background-image":"","background-repeat":"repeat","background-position":"center center","background-size":"auto","background-attachment":"scroll","background-type":"","background-media":"","overlay-type":"","overlay-color":"","overlay-opacity":"","overlay-gradient":""},"mobile":{"background-color":"var(--ast-global-color-4)","background-image":"","background-repeat":"repeat","background-position":"center center","background-size":"auto","background-attachment":"scroll","background-type":"","background-media":"","overlay-type":"","overlay-color":"","overlay-opacity":"","overlay-gradient":""}},"footnotes":""},"class_list":["post-884","page","type-page","status-publish","hentry"],"aioseo_notices":[],"_links":{"self":[{"href":"https:\/\/ztecsg.com\/vi\/wp-json\/wp\/v2\/pages\/884","targetHints":{"allow":["GET"]}}],"collection":[{"href":"https:\/\/ztecsg.com\/vi\/wp-json\/wp\/v2\/pages"}],"about":[{"href":"https:\/\/ztecsg.com\/vi\/wp-json\/wp\/v2\/types\/page"}],"author":[{"embeddable":true,"href":"https:\/\/ztecsg.com\/vi\/wp-json\/wp\/v2\/users\/2"}],"replies":[{"embeddable":true,"href":"https:\/\/ztecsg.com\/vi\/wp-json\/wp\/v2\/comments?post=884"}],"version-history":[{"count":10,"href":"https:\/\/ztecsg.com\/vi\/wp-json\/wp\/v2\/pages\/884\/revisions"}],"predecessor-version":[{"id":987,"href":"https:\/\/ztecsg.com\/vi\/wp-json\/wp\/v2\/pages\/884\/revisions\/987"}],"up":[{"embeddable":true,"href":"https:\/\/ztecsg.com\/vi\/wp-json\/wp\/v2\/pages\/373"}],"wp:attachment":[{"href":"https:\/\/ztecsg.com\/vi\/wp-json\/wp\/v2\/media?parent=884"}],"curies":[{"name":"wp","href":"https:\/\/api.w.org\/{rel}","templated":true}]}}