{"id":893,"date":"2025-12-13T17:59:24","date_gmt":"2025-12-13T09:59:24","guid":{"rendered":"https:\/\/ztecsg.com\/?page_id=893"},"modified":"2026-01-28T18:08:57","modified_gmt":"2026-01-28T10:08:57","slug":"dsr","status":"publish","type":"page","link":"https:\/\/ztecsg.com\/vi\/our-products\/dsr\/","title":{"rendered":"M\u00e1y c\u0103ng da d\u00f9ng m\u1ed9t l\u1ea7n"},"content":{"rendered":"<div data-elementor-type=\"wp-page\" data-elementor-id=\"893\" class=\"elementor elementor-893\">\n\t\t\t\t<div class=\"elementor-element elementor-element-9a69163 e-flex e-con-boxed e-con e-parent\" data-id=\"9a69163\" data-element_type=\"container\">\n\t\t\t\t\t<div class=\"e-con-inner\">\n\t\t<div class=\"elementor-element elementor-element-607eb90 e-con-full e-flex e-con e-child\" data-id=\"607eb90\" data-element_type=\"container\">\n\t\t\t\t<div class=\"elementor-element elementor-element-67bfa8f elementor-widget elementor-widget-spacer\" data-id=\"67bfa8f\" data-element_type=\"widget\" data-widget_type=\"spacer.default\">\n\t\t\t\t\t\t\t<div class=\"elementor-spacer\">\n\t\t\t<div class=\"elementor-spacer-inner\"><\/div>\n\t\t<\/div>\n\t\t\t\t\t\t<\/div>\n\t\t\t\t<div class=\"elementor-element elementor-element-c069945 elementor-widget elementor-widget-heading\" data-id=\"c069945\" data-element_type=\"widget\" data-widget_type=\"heading.default\">\n\t\t\t\t\t<h2 class=\"elementor-heading-title elementor-size-default\">M\u00e1y c\u0103ng da d\u00f9ng m\u1ed9t l\u1ea7n<\/h2>\t\t\t\t<\/div>\n\t\t\t\t<div class=\"elementor-element elementor-element-7e573f3 elementor-widget-divider--view-line elementor-widget elementor-widget-divider\" data-id=\"7e573f3\" data-element_type=\"widget\" data-widget_type=\"divider.default\">\n\t\t\t\t\t\t\t<div class=\"elementor-divider\">\n\t\t\t<span class=\"elementor-divider-separator\">\n\t\t\t\t\t\t<\/span>\n\t\t<\/div>\n\t\t\t\t\t\t<\/div>\n\t\t\t\t<\/div>\n\t\t<div class=\"elementor-element elementor-element-b052649 e-con-full e-flex e-con e-child\" data-id=\"b052649\" data-element_type=\"container\">\n\t\t\t\t<div class=\"elementor-element elementor-element-8fe663a elementor-widget elementor-widget-image\" data-id=\"8fe663a\" data-element_type=\"widget\" data-widget_type=\"image.default\">\n\t\t\t\t\t\t\t\t\t\t\t\t\t\t\t<img decoding=\"async\" width=\"270\" height=\"72\" src=\"https:\/\/ztecsg.com\/wp-content\/uploads\/2025\/12\/SEGILOGO.png\" class=\"attachment-large size-large wp-image-1162\" alt=\"\" \/>\t\t\t\t\t\t\t\t\t\t\t\t\t\t\t<\/div>\n\t\t\t\t<\/div>\n\t\t\t\t\t<\/div>\n\t\t\t\t<\/div>\n\t\t<div class=\"elementor-element elementor-element-99a4757 e-flex e-con-boxed e-con e-parent\" data-id=\"99a4757\" data-element_type=\"container\">\n\t\t\t\t\t<div class=\"e-con-inner\">\n\t\t\t\t<div class=\"elementor-element elementor-element-7450fef elementor-widget elementor-widget-text-editor\" data-id=\"7450fef\" data-element_type=\"widget\" data-widget_type=\"text-editor.default\">\n\t\t\t\t\t\t\t\t\t<h3><b>T\u1ed5ng quan S\u1ea3n ph\u1ea9m<\/b><\/h3><p>\u2022 The Disposable Retractor system provides a great anatomical visualization for multi-type surgeries. The variety kinds of hook placements and elastic stays maintain consistent retraction.<\/p><p>\u2022 V\u1edbi D\u1ee5ng c\u1ee5 Banh V\u1ebft M\u1ed5 Surgimed, Ph\u1eabu thu\u1eadt vi\u00ean \u0111\u01b0\u1ee3c t\u1ef1 do th\u1ef1c hi\u1ec7n c\u00e1c thao t\u00e1c kh\u00e1c v\u1edbi hi\u1ec7u qu\u1ea3 cao h\u01a1n.<\/p><p>\u2022 D\u1ee5ng c\u1ee5 banh da d\u1ea1ng m\u00f3c \u0111\u00f4i v\u00e0 banh da d\u1ea1ng r\u0103ng l\u01b0\u1ee3c d\u00f9ng m\u1ed9t l\u1ea7n cung c\u1ea5p h\u00ecnh \u1ea3nh gi\u1ea3i ph\u1eabu tuy\u1ec7t v\u1eddi cho \u0111a d\u1ea1ng lo\u1ea1i ph\u1eabu thu\u1eadt. Nhi\u1ec1u v\u1ecb tr\u00ed \u0111\u1eb7t m\u00f3c kh\u00e1c nhau v\u00e0 c\u00e1c thanh \u0111\u00e0n h\u1ed3i duy tr\u00ec l\u1ef1c banh \u1ed5n \u0111\u1ecbnh.<\/p><p>\u2022 V\u1edbi D\u1ee5ng c\u1ee5 Banh V\u1ebft M\u1ed5 Surgimed, Ph\u1eabu thu\u1eadt vi\u00ean \u0111\u01b0\u1ee3c t\u1ef1 do th\u1ef1c hi\u1ec7n c\u00e1c thao t\u00e1c kh\u00e1c v\u1edbi hi\u1ec7u qu\u1ea3 cao h\u01a1n.<\/p>\t\t\t\t\t\t\t\t<\/div>\n\t\t\t\t\t<\/div>\n\t\t\t\t<\/div>\n\t\t<div class=\"elementor-element elementor-element-488381f e-flex e-con-boxed e-con e-parent\" data-id=\"488381f\" data-element_type=\"container\">\n\t\t\t\t\t<div class=\"e-con-inner\">\n\t\t<div class=\"elementor-element elementor-element-411c405 e-con-full e-flex e-con e-child\" data-id=\"411c405\" data-element_type=\"container\">\n\t\t\t\t<div class=\"elementor-element elementor-element-07b4f89 elementor-widget elementor-widget-text-editor\" data-id=\"07b4f89\" data-element_type=\"widget\" data-widget_type=\"text-editor.default\">\n\t\t\t\t\t\t\t\t\t<h3>\u0110\u1eb7c \u0111i\u1ec3m v\u00e0 L\u1ee3i \u00edch:<\/h3><p>\u2022 Cung c\u1ea5p s\u1ef1 ti\u1ebfp c\u1eadn r\u00f5 r\u00e0ng, kh\u00f4ng b\u1ecb c\u1ea3n tr\u1edf \u0111\u1ebfn v\u1ecb tr\u00ed ph\u1eabu thu\u1eadt<\/p><p>\u2022 T\u0103ng c\u01b0\u1eddng ki\u1ec3m so\u00e1t, h\u1ed7 tr\u1ee3 v\u00e0 ph\u01a1i b\u00e0y t\u1ed1t h\u01a1n cho c\u00e1c \u0111\u01b0\u1eddng r\u1ea1ch<\/p><p>\u2022 K\u1ebft c\u1ea5u lo\u1ea1i b\u1ecf nguy c\u01a1 b\u1ecb tu\u1ed9t ho\u1eb7c t\u00e1ch r\u1eddi <\/p><p>\u2022 Banh v\u1ebft m\u1ed5 \u1ed5n \u0111\u1ecbnh duy tr\u00ec l\u1ef1c c\u0103ng nh\u1ea5t qu\u00e1n trong su\u1ed1t cu\u1ed9c ph\u1eabu thu\u1eadt<\/p>\t\t\t\t\t\t\t\t<\/div>\n\t\t\t\t<\/div>\n\t\t<div class=\"elementor-element elementor-element-9456773 e-con-full e-flex e-con e-child\" data-id=\"9456773\" data-element_type=\"container\">\n\t\t\t\t<div class=\"elementor-element elementor-element-f069fd2 elementor-widget elementor-widget-image\" data-id=\"f069fd2\" data-element_type=\"widget\" data-widget_type=\"image.default\">\n\t\t\t\t\t\t\t\t\t\t\t\t\t\t\t<img fetchpriority=\"high\" decoding=\"async\" width=\"371\" height=\"257\" src=\"https:\/\/ztecsg.com\/wp-content\/uploads\/2025\/12\/RET.png\" class=\"attachment-large size-large wp-image-895\" alt=\"\" srcset=\"https:\/\/ztecsg.com\/wp-content\/uploads\/2025\/12\/RET.png 371w, https:\/\/ztecsg.com\/wp-content\/uploads\/2025\/12\/RET-300x208.png 300w\" sizes=\"(max-width: 371px) 100vw, 371px\" \/>\t\t\t\t\t\t\t\t\t\t\t\t\t\t\t<\/div>\n\t\t\t\t<\/div>\n\t\t\t\t\t<\/div>\n\t\t\t\t<\/div>\n\t\t<div class=\"elementor-element elementor-element-78cdb69 e-flex e-con-boxed e-con e-parent\" data-id=\"78cdb69\" data-element_type=\"container\">\n\t\t\t\t\t<div class=\"e-con-inner\">\n\t\t\t\t<div class=\"elementor-element elementor-element-0c0a218 elementor-widget elementor-widget-image\" data-id=\"0c0a218\" data-element_type=\"widget\" data-widget_type=\"image.default\">\n\t\t\t\t\t\t\t\t\t\t\t\t\t\t\t<img decoding=\"async\" width=\"1010\" height=\"631\" src=\"https:\/\/ztecsg.com\/wp-content\/uploads\/2025\/12\/RET1.png\" class=\"attachment-large size-large wp-image-896\" alt=\"\" srcset=\"https:\/\/ztecsg.com\/wp-content\/uploads\/2025\/12\/RET1.png 1010w, https:\/\/ztecsg.com\/wp-content\/uploads\/2025\/12\/RET1-300x187.png 300w, https:\/\/ztecsg.com\/wp-content\/uploads\/2025\/12\/RET1-768x480.png 768w\" sizes=\"(max-width: 1010px) 100vw, 1010px\" \/>\t\t\t\t\t\t\t\t\t\t\t\t\t\t\t<\/div>\n\t\t\t\t\t<\/div>\n\t\t\t\t<\/div>\n\t\t\t\t<\/div>","protected":false},"excerpt":{"rendered":"<p>Disposable Skin Retractor Product Overview: \u2022 The Disposable Retractor system provides a great anatomical visualization for multi-type surgeries. The variety kinds of hook placements and elastic stays maintain consistent retraction. [&hellip;]<\/p>\n","protected":false},"author":2,"featured_media":0,"parent":373,"menu_order":0,"comment_status":"closed","ping_status":"closed","template":"","meta":{"site-sidebar-layout":"default","site-content-layout":"","ast-site-content-layout":"default","site-content-style":"default","site-sidebar-style":"default","ast-global-header-display":"","ast-banner-title-visibility":"","ast-main-header-display":"","ast-hfb-above-header-display":"","ast-hfb-below-header-display":"","ast-hfb-mobile-header-display":"","site-post-title":"disabled","ast-breadcrumbs-content":"","ast-featured-img":"","footer-sml-layout":"","ast-disable-related-posts":"","theme-transparent-header-meta":"","adv-header-id-meta":"","stick-header-meta":"","header-above-stick-meta":"","header-main-stick-meta":"","header-below-stick-meta":"","astra-migrate-meta-layouts":"default","ast-page-background-enabled":"default","ast-page-background-meta":{"desktop":{"background-color":"var(--ast-global-color-5)","background-image":"","background-repeat":"repeat","background-position":"center center","background-size":"auto","background-attachment":"scroll","background-type":"","background-media":"","overlay-type":"","overlay-color":"","overlay-opacity":"","overlay-gradient":""},"tablet":{"background-color":"","background-image":"","background-repeat":"repeat","background-position":"center center","background-size":"auto","background-attachment":"scroll","background-type":"","background-media":"","overlay-type":"","overlay-color":"","overlay-opacity":"","overlay-gradient":""},"mobile":{"background-color":"","background-image":"","background-repeat":"repeat","background-position":"center center","background-size":"auto","background-attachment":"scroll","background-type":"","background-media":"","overlay-type":"","overlay-color":"","overlay-opacity":"","overlay-gradient":""}},"ast-content-background-meta":{"desktop":{"background-color":"var(--ast-global-color-4)","background-image":"","background-repeat":"repeat","background-position":"center center","background-size":"auto","background-attachment":"scroll","background-type":"","background-media":"","overlay-type":"","overlay-color":"","overlay-opacity":"","overlay-gradient":""},"tablet":{"background-color":"var(--ast-global-color-4)","background-image":"","background-repeat":"repeat","background-position":"center center","background-size":"auto","background-attachment":"scroll","background-type":"","background-media":"","overlay-type":"","overlay-color":"","overlay-opacity":"","overlay-gradient":""},"mobile":{"background-color":"var(--ast-global-color-4)","background-image":"","background-repeat":"repeat","background-position":"center center","background-size":"auto","background-attachment":"scroll","background-type":"","background-media":"","overlay-type":"","overlay-color":"","overlay-opacity":"","overlay-gradient":""}},"footnotes":""},"class_list":["post-893","page","type-page","status-publish","hentry"],"aioseo_notices":[],"_links":{"self":[{"href":"https:\/\/ztecsg.com\/vi\/wp-json\/wp\/v2\/pages\/893","targetHints":{"allow":["GET"]}}],"collection":[{"href":"https:\/\/ztecsg.com\/vi\/wp-json\/wp\/v2\/pages"}],"about":[{"href":"https:\/\/ztecsg.com\/vi\/wp-json\/wp\/v2\/types\/page"}],"author":[{"embeddable":true,"href":"https:\/\/ztecsg.com\/vi\/wp-json\/wp\/v2\/users\/2"}],"replies":[{"embeddable":true,"href":"https:\/\/ztecsg.com\/vi\/wp-json\/wp\/v2\/comments?post=893"}],"version-history":[{"count":16,"href":"https:\/\/ztecsg.com\/vi\/wp-json\/wp\/v2\/pages\/893\/revisions"}],"predecessor-version":[{"id":1288,"href":"https:\/\/ztecsg.com\/vi\/wp-json\/wp\/v2\/pages\/893\/revisions\/1288"}],"up":[{"embeddable":true,"href":"https:\/\/ztecsg.com\/vi\/wp-json\/wp\/v2\/pages\/373"}],"wp:attachment":[{"href":"https:\/\/ztecsg.com\/vi\/wp-json\/wp\/v2\/media?parent=893"}],"curies":[{"name":"wp","href":"https:\/\/api.w.org\/{rel}","templated":true}]}}