{"id":900,"date":"2025-12-13T18:04:53","date_gmt":"2025-12-13T10:04:53","guid":{"rendered":"https:\/\/ztecsg.com\/?page_id=900"},"modified":"2026-01-15T13:03:10","modified_gmt":"2026-01-15T05:03:10","slug":"ot","status":"publish","type":"page","link":"https:\/\/ztecsg.com\/vi\/our-products\/ot\/","title":{"rendered":"Trocar quang h\u1ecdc"},"content":{"rendered":"<div data-elementor-type=\"wp-page\" data-elementor-id=\"900\" class=\"elementor elementor-900\">\n\t\t\t\t<div class=\"elementor-element elementor-element-9a69163 e-flex e-con-boxed e-con e-parent\" data-id=\"9a69163\" data-element_type=\"container\">\n\t\t\t\t\t<div class=\"e-con-inner\">\n\t\t<div class=\"elementor-element elementor-element-607eb90 e-con-full e-flex e-con e-child\" data-id=\"607eb90\" data-element_type=\"container\">\n\t\t\t\t<div class=\"elementor-element elementor-element-67bfa8f elementor-widget elementor-widget-spacer\" data-id=\"67bfa8f\" data-element_type=\"widget\" data-widget_type=\"spacer.default\">\n\t\t\t\t\t\t\t<div class=\"elementor-spacer\">\n\t\t\t<div class=\"elementor-spacer-inner\"><\/div>\n\t\t<\/div>\n\t\t\t\t\t\t<\/div>\n\t\t\t\t<div class=\"elementor-element elementor-element-c069945 elementor-widget elementor-widget-heading\" data-id=\"c069945\" data-element_type=\"widget\" data-widget_type=\"heading.default\">\n\t\t\t\t\t<h2 class=\"elementor-heading-title elementor-size-default\">Trocar quang h\u1ecdc<\/h2>\t\t\t\t<\/div>\n\t\t\t\t<div class=\"elementor-element elementor-element-7e573f3 elementor-widget-divider--view-line elementor-widget elementor-widget-divider\" data-id=\"7e573f3\" data-element_type=\"widget\" data-widget_type=\"divider.default\">\n\t\t\t\t\t\t\t<div class=\"elementor-divider\">\n\t\t\t<span class=\"elementor-divider-separator\">\n\t\t\t\t\t\t<\/span>\n\t\t<\/div>\n\t\t\t\t\t\t<\/div>\n\t\t\t\t<\/div>\n\t\t<div class=\"elementor-element elementor-element-b052649 e-con-full e-flex e-con e-child\" data-id=\"b052649\" data-element_type=\"container\">\n\t\t\t\t<div class=\"elementor-element elementor-element-568a566 elementor-widget elementor-widget-image\" data-id=\"568a566\" data-element_type=\"widget\" data-widget_type=\"image.default\">\n\t\t\t\t\t\t\t\t\t\t\t\t\t\t\t<img decoding=\"async\" width=\"300\" height=\"111\" src=\"https:\/\/ztecsg.com\/wp-content\/uploads\/2025\/12\/boer.webp\" class=\"attachment-full size-full wp-image-1209\" alt=\"\" \/>\t\t\t\t\t\t\t\t\t\t\t\t\t\t\t<\/div>\n\t\t\t\t<\/div>\n\t\t\t\t\t<\/div>\n\t\t\t\t<\/div>\n\t\t<div class=\"elementor-element elementor-element-99a4757 e-flex e-con-boxed e-con e-parent\" data-id=\"99a4757\" data-element_type=\"container\">\n\t\t\t\t\t<div class=\"e-con-inner\">\n\t\t\t\t<div class=\"elementor-element elementor-element-7450fef elementor-widget elementor-widget-text-editor\" data-id=\"7450fef\" data-element_type=\"widget\" data-widget_type=\"text-editor.default\">\n\t\t\t\t\t\t\t\t\t<h3><b>T\u1ed5ng quan S\u1ea3n ph\u1ea9m<\/b><\/h3><p>Trocar Quang H\u1ecdc D\u00f9ng M\u1ed9t L\u1ea7n Boer c\u00f2n \u0111\u01b0\u1ee3c bi\u1ebft \u0111\u1ebfn v\u1edbi t\u00ean g\u1ecdi trocar \u0111\u1ea7u h\u00ecnh \u1ea3nh n\u1ed9i soi. Thi\u1ebft b\u1ecb cho ph\u00e9p ph\u1eabu thu\u1eadt vi\u00ean quan s\u00e1t qu\u00e1 tr\u00ecnh r\u1ea1ch m\u00f4 li\u00ean t\u1ee5c qua \u1ed1ng n\u1ed9i soi, nh\u1edd \u0111\u00f3 gi\u1ea3m thi\u1ec3u \u0111\u00e1ng k\u1ec3 nguy c\u01a1 t\u1ed5n th\u01b0\u01a1ng c\u00e1c c\u01a1 quan kh\u00e1c. Trocar quang h\u1ecdc ph\u1eabu thu\u1eadt th\u01b0\u1eddng \u0111\u01b0\u1ee3c \u0111\u00f3ng g\u00f3i \u0111\u01a1n l\u1ebb, nh\u01b0ng c\u0169ng c\u00f3 s\u1eb5n d\u1ea1ng \u0111\u00f3ng g\u00f3i theo b\u1ed9. T\u1ea5t c\u1ea3 s\u1ea3n ph\u1ea9m \u0111\u1ec1u \u0111\u00e3 \u0111\u01b0\u1ee3c ti\u1ec7t tr\u00f9ng v\u00e0 s\u1eb5n s\u00e0ng s\u1eed d\u1ee5ng.<\/p><p><strong>\u0110\u1eb7c \u0111i\u1ec3m c\u1ee7a Trocar Quang H\u1ecdc<\/strong><br \/>Trocar quang h\u1ecdc n\u1ed9i soi Boer c\u00f3 nhi\u1ec1u k\u00edch c\u1ee1 kh\u00e1c nhau: 3mm (d\u00f9ng cho nhi khoa), 5mm, 10mm v\u00e0 12mm. Chi\u1ec1u d\u00e0i \u1ed1ng cannula l\u00e0 10cm (lo\u1ea1i d\u00f9ng cho nhi khoa l\u00e0 6.5cm). \u0110\u00e3 \u0111\u01b0\u1ee3c ti\u1ec7t tr\u00f9ng.<\/p><p><strong>T\u00ednh n\u0103ng &amp; L\u1ee3i \u00edch<\/strong><br \/>\u2022 H\u00ecnh \u1ea3nh tr\u1ef1c ti\u1ebfp trong su\u1ed1t qu\u00e1 tr\u00ecnh \u0111\u01b0a trocar v\u00e0o <br \/>\u2022 Thi\u1ebft k\u1ebf t\u00e1ch r\u1eddi, d\u1ec5 d\u00e0ng l\u1ea5y m\u1eabu m\u00f4 <br \/>\u2022 Thi\u1ebft k\u1ebf v\u00e2n ch\u1ed1ng tr\u01b0\u1ee3t, ng\u0103n ng\u1eeba x\u00ea d\u1ecbch trong qu\u00e1 tr\u00ecnh ph\u1eabu thu\u1eadt<\/p>\t\t\t\t\t\t\t\t<\/div>\n\t\t\t\t\t<\/div>\n\t\t\t\t<\/div>\n\t\t<div class=\"elementor-element elementor-element-78cdb69 e-flex e-con-boxed e-con e-parent\" data-id=\"78cdb69\" data-element_type=\"container\">\n\t\t\t\t\t<div class=\"e-con-inner\">\n\t\t\t\t<div class=\"elementor-element elementor-element-0c0a218 elementor-widget elementor-widget-image\" data-id=\"0c0a218\" data-element_type=\"widget\" data-widget_type=\"image.default\">\n\t\t\t\t\t\t\t\t\t\t\t\t\t\t\t<img fetchpriority=\"high\" decoding=\"async\" width=\"1001\" height=\"719\" src=\"https:\/\/ztecsg.com\/wp-content\/uploads\/2025\/12\/OT.png\" class=\"attachment-large size-large wp-image-902\" alt=\"\" srcset=\"https:\/\/ztecsg.com\/wp-content\/uploads\/2025\/12\/OT.png 1001w, https:\/\/ztecsg.com\/wp-content\/uploads\/2025\/12\/OT-300x215.png 300w, https:\/\/ztecsg.com\/wp-content\/uploads\/2025\/12\/OT-768x552.png 768w\" sizes=\"(max-width: 1001px) 100vw, 1001px\" \/>\t\t\t\t\t\t\t\t\t\t\t\t\t\t\t<\/div>\n\t\t\t\t\t<\/div>\n\t\t\t\t<\/div>\n\t\t\t\t<\/div>","protected":false},"excerpt":{"rendered":"<p>Optical Trocar Product Overview: Boer disposable optical trocar is also know as endoscopic visual \u2013tip trocar. It allows surgeons to see the cutting through a laparoscope all the time, and [&hellip;]<\/p>\n","protected":false},"author":2,"featured_media":0,"parent":373,"menu_order":0,"comment_status":"closed","ping_status":"closed","template":"","meta":{"site-sidebar-layout":"default","site-content-layout":"","ast-site-content-layout":"default","site-content-style":"default","site-sidebar-style":"default","ast-global-header-display":"","ast-banner-title-visibility":"","ast-main-header-display":"","ast-hfb-above-header-display":"","ast-hfb-below-header-display":"","ast-hfb-mobile-header-display":"","site-post-title":"disabled","ast-breadcrumbs-content":"","ast-featured-img":"","footer-sml-layout":"","ast-disable-related-posts":"","theme-transparent-header-meta":"","adv-header-id-meta":"","stick-header-meta":"","header-above-stick-meta":"","header-main-stick-meta":"","header-below-stick-meta":"","astra-migrate-meta-layouts":"default","ast-page-background-enabled":"default","ast-page-background-meta":{"desktop":{"background-color":"var(--ast-global-color-5)","background-image":"","background-repeat":"repeat","background-position":"center center","background-size":"auto","background-attachment":"scroll","background-type":"","background-media":"","overlay-type":"","overlay-color":"","overlay-opacity":"","overlay-gradient":""},"tablet":{"background-color":"","background-image":"","background-repeat":"repeat","background-position":"center center","background-size":"auto","background-attachment":"scroll","background-type":"","background-media":"","overlay-type":"","overlay-color":"","overlay-opacity":"","overlay-gradient":""},"mobile":{"background-color":"","background-image":"","background-repeat":"repeat","background-position":"center center","background-size":"auto","background-attachment":"scroll","background-type":"","background-media":"","overlay-type":"","overlay-color":"","overlay-opacity":"","overlay-gradient":""}},"ast-content-background-meta":{"desktop":{"background-color":"var(--ast-global-color-4)","background-image":"","background-repeat":"repeat","background-position":"center center","background-size":"auto","background-attachment":"scroll","background-type":"","background-media":"","overlay-type":"","overlay-color":"","overlay-opacity":"","overlay-gradient":""},"tablet":{"background-color":"var(--ast-global-color-4)","background-image":"","background-repeat":"repeat","background-position":"center center","background-size":"auto","background-attachment":"scroll","background-type":"","background-media":"","overlay-type":"","overlay-color":"","overlay-opacity":"","overlay-gradient":""},"mobile":{"background-color":"var(--ast-global-color-4)","background-image":"","background-repeat":"repeat","background-position":"center center","background-size":"auto","background-attachment":"scroll","background-type":"","background-media":"","overlay-type":"","overlay-color":"","overlay-opacity":"","overlay-gradient":""}},"footnotes":""},"class_list":["post-900","page","type-page","status-publish","hentry"],"aioseo_notices":[],"_links":{"self":[{"href":"https:\/\/ztecsg.com\/vi\/wp-json\/wp\/v2\/pages\/900","targetHints":{"allow":["GET"]}}],"collection":[{"href":"https:\/\/ztecsg.com\/vi\/wp-json\/wp\/v2\/pages"}],"about":[{"href":"https:\/\/ztecsg.com\/vi\/wp-json\/wp\/v2\/types\/page"}],"author":[{"embeddable":true,"href":"https:\/\/ztecsg.com\/vi\/wp-json\/wp\/v2\/users\/2"}],"replies":[{"embeddable":true,"href":"https:\/\/ztecsg.com\/vi\/wp-json\/wp\/v2\/comments?post=900"}],"version-history":[{"count":14,"href":"https:\/\/ztecsg.com\/vi\/wp-json\/wp\/v2\/pages\/900\/revisions"}],"predecessor-version":[{"id":1264,"href":"https:\/\/ztecsg.com\/vi\/wp-json\/wp\/v2\/pages\/900\/revisions\/1264"}],"up":[{"embeddable":true,"href":"https:\/\/ztecsg.com\/vi\/wp-json\/wp\/v2\/pages\/373"}],"wp:attachment":[{"href":"https:\/\/ztecsg.com\/vi\/wp-json\/wp\/v2\/media?parent=900"}],"curies":[{"name":"wp","href":"https:\/\/api.w.org\/{rel}","templated":true}]}}