{"id":907,"date":"2025-12-13T18:08:07","date_gmt":"2025-12-13T10:08:07","guid":{"rendered":"https:\/\/ztecsg.com\/?page_id=907"},"modified":"2026-01-15T13:03:10","modified_gmt":"2026-01-15T05:03:10","slug":"blt","status":"publish","type":"page","link":"https:\/\/ztecsg.com\/vi\/our-products\/blt\/","title":{"rendered":"Trocar kh\u00f4ng l\u01b0\u1ee1i"},"content":{"rendered":"<div data-elementor-type=\"wp-page\" data-elementor-id=\"907\" class=\"elementor elementor-907\">\n\t\t\t\t<div class=\"elementor-element elementor-element-9a69163 e-flex e-con-boxed e-con e-parent\" data-id=\"9a69163\" data-element_type=\"container\">\n\t\t\t\t\t<div class=\"e-con-inner\">\n\t\t<div class=\"elementor-element elementor-element-607eb90 e-con-full e-flex e-con e-child\" data-id=\"607eb90\" data-element_type=\"container\">\n\t\t\t\t<div class=\"elementor-element elementor-element-67bfa8f elementor-widget elementor-widget-spacer\" data-id=\"67bfa8f\" data-element_type=\"widget\" data-widget_type=\"spacer.default\">\n\t\t\t\t\t\t\t<div class=\"elementor-spacer\">\n\t\t\t<div class=\"elementor-spacer-inner\"><\/div>\n\t\t<\/div>\n\t\t\t\t\t\t<\/div>\n\t\t\t\t<div class=\"elementor-element elementor-element-c069945 elementor-widget elementor-widget-heading\" data-id=\"c069945\" data-element_type=\"widget\" data-widget_type=\"heading.default\">\n\t\t\t\t\t<h2 class=\"elementor-heading-title elementor-size-default\">Trocar kh\u00f4ng l\u01b0\u1ee1i<\/h2>\t\t\t\t<\/div>\n\t\t\t\t<div class=\"elementor-element elementor-element-7e573f3 elementor-widget-divider--view-line elementor-widget elementor-widget-divider\" data-id=\"7e573f3\" data-element_type=\"widget\" data-widget_type=\"divider.default\">\n\t\t\t\t\t\t\t<div class=\"elementor-divider\">\n\t\t\t<span class=\"elementor-divider-separator\">\n\t\t\t\t\t\t<\/span>\n\t\t<\/div>\n\t\t\t\t\t\t<\/div>\n\t\t\t\t<\/div>\n\t\t<div class=\"elementor-element elementor-element-b052649 e-con-full e-flex e-con e-child\" data-id=\"b052649\" data-element_type=\"container\">\n\t\t\t\t<div class=\"elementor-element elementor-element-d002177 elementor-widget elementor-widget-image\" data-id=\"d002177\" data-element_type=\"widget\" data-widget_type=\"image.default\">\n\t\t\t\t\t\t\t\t\t\t\t\t\t\t\t<img decoding=\"async\" width=\"300\" height=\"111\" src=\"https:\/\/ztecsg.com\/wp-content\/uploads\/2025\/12\/boer.webp\" class=\"attachment-full size-full wp-image-1209\" alt=\"\" \/>\t\t\t\t\t\t\t\t\t\t\t\t\t\t\t<\/div>\n\t\t\t\t<\/div>\n\t\t\t\t\t<\/div>\n\t\t\t\t<\/div>\n\t\t<div class=\"elementor-element elementor-element-99a4757 e-flex e-con-boxed e-con e-parent\" data-id=\"99a4757\" data-element_type=\"container\">\n\t\t\t\t\t<div class=\"e-con-inner\">\n\t\t\t\t<div class=\"elementor-element elementor-element-7450fef elementor-widget elementor-widget-text-editor\" data-id=\"7450fef\" data-element_type=\"widget\" data-widget_type=\"text-editor.default\">\n\t\t\t\t\t\t\t\t\t<h3><b>T\u1ed5ng quan S\u1ea3n ph\u1ea9m<\/b><\/h3><p>Trocar Kh\u00f4ng L\u01b0\u1ee1i D\u00f9ng M\u1ed9t L\u1ea7n Boer \u0111\u01b0\u1ee3c s\u1ea3n xu\u1ea5t t\u1eeb kim lo\u1ea1i y t\u1ebf, nh\u1ef1a, ABS v\u00e0 silicon \u0111\u1ea1t ti\u00eau chu\u1ea9n y t\u1ebf. \u1ed0ng th\u00f4ng \u0111\u01b0\u1ee3c thi\u1ebft k\u1ebf d\u1ea1ng r\u0103ng c\u01b0a \u0111\u1ec3 c\u1ed1 \u0111\u1ecbnh ch\u1eafc ch\u1eafn v\u00e0o th\u00e0nh b\u1ee5ng trong su\u1ed1t quy tr\u00ecnh ph\u1eabu thu\u1eadt. Van silicon trong trocar c\u00f3 kh\u1ea3 n\u0103ng ng\u0103n l\u01b0u th\u00f4ng kh\u00ed, gi\u00fap duy tr\u00ec \u1ed5 b\u1ee5ng h\u01a1i \u1ed5n \u0111\u1ecbnh.<\/p><p><strong>\u0110\u1eb7c \u0111i\u1ec3m c\u1ee7a Trocar N\u1ed9i soi Kh\u00f4ng L\u01b0\u1ee1i Boer<\/strong><br \/>Trocar n\u1ed9i soi kh\u00f4ng l\u01b0\u1ee1i Boer c\u00f3 nhi\u1ec1u k\u00edch th\u01b0\u1edbc kh\u00e1c nhau: 5mm, 10mm v\u00e0 12mm, c\u00f3 th\u1ec3 \u0111\u00f3ng g\u00f3i \u0111\u01a1n l\u1ebb ho\u1eb7c theo b\u1ed9 t\u00f9y theo y\u00eau c\u1ea7u. T\u1ea5t c\u1ea3 s\u1ea3n ph\u1ea9m \u0111\u1ec1u \u0111\u00e3 \u0111\u01b0\u1ee3c ti\u1ec7t tr\u00f9ng.<\/p><p><strong>T\u00ednh n\u0103ng &amp; L\u1ee3i \u00edch<\/strong><br \/>\u2022 H\u1ec7 th\u1ed1ng ni\u00eam phong hai l\u1edbp, \u0111\u1ea3m b\u1ea3o k\u00edn kh\u00ed v\u1edbi \u0111\u1ed9 an to\u00e0n k\u00e9p <br \/>\u2022 T\u00f9y ch\u1ecdn van v\u1ea1n n\u0103ng t\u01b0\u01a1ng th\u00edch v\u1edbi t\u1ea5t c\u1ea3 d\u1ee5ng c\u1ee5 n\u1ed9i soi \u1ed5 b\u1ee5ng<br \/>\u2022 Tay c\u1ea7m thi\u1ebft k\u1ebf c\u00f4ng th\u00e1i h\u1ecdc \u0111\u1ea3m b\u1ea3o thao t\u00e1c \u0111\u01b0a trocar v\u00e0o d\u1ec5 d\u00e0ng<\/p>\t\t\t\t\t\t\t\t<\/div>\n\t\t\t\t\t<\/div>\n\t\t\t\t<\/div>\n\t\t<div class=\"elementor-element elementor-element-78cdb69 e-flex e-con-boxed e-con e-parent\" data-id=\"78cdb69\" data-element_type=\"container\">\n\t\t\t\t\t<div class=\"e-con-inner\">\n\t\t\t\t<div class=\"elementor-element elementor-element-0c0a218 elementor-widget elementor-widget-image\" data-id=\"0c0a218\" data-element_type=\"widget\" data-widget_type=\"image.default\">\n\t\t\t\t\t\t\t\t\t\t\t\t\t\t\t<img fetchpriority=\"high\" decoding=\"async\" width=\"1001\" height=\"709\" src=\"https:\/\/ztecsg.com\/wp-content\/uploads\/2025\/12\/BT1.png\" class=\"attachment-large size-large wp-image-916\" alt=\"\" srcset=\"https:\/\/ztecsg.com\/wp-content\/uploads\/2025\/12\/BT1.png 1001w, https:\/\/ztecsg.com\/wp-content\/uploads\/2025\/12\/BT1-300x212.png 300w, https:\/\/ztecsg.com\/wp-content\/uploads\/2025\/12\/BT1-768x544.png 768w\" sizes=\"(max-width: 1001px) 100vw, 1001px\" \/>\t\t\t\t\t\t\t\t\t\t\t\t\t\t\t<\/div>\n\t\t\t\t\t<\/div>\n\t\t\t\t<\/div>\n\t\t\t\t<\/div>","protected":false},"excerpt":{"rendered":"<p>Bladeless Trocar Product Overview: Boer disposable bladeless trocar is made of medical grade metal, plastic, ABS and silicon. The channel tube is made tooth patterned to hold still to the [&hellip;]<\/p>\n","protected":false},"author":2,"featured_media":0,"parent":373,"menu_order":0,"comment_status":"closed","ping_status":"closed","template":"","meta":{"site-sidebar-layout":"default","site-content-layout":"","ast-site-content-layout":"default","site-content-style":"default","site-sidebar-style":"default","ast-global-header-display":"","ast-banner-title-visibility":"","ast-main-header-display":"","ast-hfb-above-header-display":"","ast-hfb-below-header-display":"","ast-hfb-mobile-header-display":"","site-post-title":"disabled","ast-breadcrumbs-content":"","ast-featured-img":"","footer-sml-layout":"","ast-disable-related-posts":"","theme-transparent-header-meta":"","adv-header-id-meta":"","stick-header-meta":"","header-above-stick-meta":"","header-main-stick-meta":"","header-below-stick-meta":"","astra-migrate-meta-layouts":"default","ast-page-background-enabled":"default","ast-page-background-meta":{"desktop":{"background-color":"var(--ast-global-color-5)","background-image":"","background-repeat":"repeat","background-position":"center center","background-size":"auto","background-attachment":"scroll","background-type":"","background-media":"","overlay-type":"","overlay-color":"","overlay-opacity":"","overlay-gradient":""},"tablet":{"background-color":"","background-image":"","background-repeat":"repeat","background-position":"center center","background-size":"auto","background-attachment":"scroll","background-type":"","background-media":"","overlay-type":"","overlay-color":"","overlay-opacity":"","overlay-gradient":""},"mobile":{"background-color":"","background-image":"","background-repeat":"repeat","background-position":"center center","background-size":"auto","background-attachment":"scroll","background-type":"","background-media":"","overlay-type":"","overlay-color":"","overlay-opacity":"","overlay-gradient":""}},"ast-content-background-meta":{"desktop":{"background-color":"var(--ast-global-color-4)","background-image":"","background-repeat":"repeat","background-position":"center center","background-size":"auto","background-attachment":"scroll","background-type":"","background-media":"","overlay-type":"","overlay-color":"","overlay-opacity":"","overlay-gradient":""},"tablet":{"background-color":"var(--ast-global-color-4)","background-image":"","background-repeat":"repeat","background-position":"center center","background-size":"auto","background-attachment":"scroll","background-type":"","background-media":"","overlay-type":"","overlay-color":"","overlay-opacity":"","overlay-gradient":""},"mobile":{"background-color":"var(--ast-global-color-4)","background-image":"","background-repeat":"repeat","background-position":"center center","background-size":"auto","background-attachment":"scroll","background-type":"","background-media":"","overlay-type":"","overlay-color":"","overlay-opacity":"","overlay-gradient":""}},"footnotes":""},"class_list":["post-907","page","type-page","status-publish","hentry"],"aioseo_notices":[],"_links":{"self":[{"href":"https:\/\/ztecsg.com\/vi\/wp-json\/wp\/v2\/pages\/907","targetHints":{"allow":["GET"]}}],"collection":[{"href":"https:\/\/ztecsg.com\/vi\/wp-json\/wp\/v2\/pages"}],"about":[{"href":"https:\/\/ztecsg.com\/vi\/wp-json\/wp\/v2\/types\/page"}],"author":[{"embeddable":true,"href":"https:\/\/ztecsg.com\/vi\/wp-json\/wp\/v2\/users\/2"}],"replies":[{"embeddable":true,"href":"https:\/\/ztecsg.com\/vi\/wp-json\/wp\/v2\/comments?post=907"}],"version-history":[{"count":14,"href":"https:\/\/ztecsg.com\/vi\/wp-json\/wp\/v2\/pages\/907\/revisions"}],"predecessor-version":[{"id":1263,"href":"https:\/\/ztecsg.com\/vi\/wp-json\/wp\/v2\/pages\/907\/revisions\/1263"}],"up":[{"embeddable":true,"href":"https:\/\/ztecsg.com\/vi\/wp-json\/wp\/v2\/pages\/373"}],"wp:attachment":[{"href":"https:\/\/ztecsg.com\/vi\/wp-json\/wp\/v2\/media?parent=907"}],"curies":[{"name":"wp","href":"https:\/\/api.w.org\/{rel}","templated":true}]}}