{"id":920,"date":"2025-12-13T18:15:48","date_gmt":"2025-12-13T10:15:48","guid":{"rendered":"https:\/\/ztecsg.com\/?page_id=920"},"modified":"2026-01-15T13:03:10","modified_gmt":"2026-01-15T05:03:10","slug":"bt","status":"publish","type":"page","link":"https:\/\/ztecsg.com\/vi\/our-products\/bt\/","title":{"rendered":"Trocar c\u00f3 l\u01b0\u1ee1i"},"content":{"rendered":"<div data-elementor-type=\"wp-page\" data-elementor-id=\"920\" class=\"elementor elementor-920\">\n\t\t\t\t<div class=\"elementor-element elementor-element-9a69163 e-flex e-con-boxed e-con e-parent\" data-id=\"9a69163\" data-element_type=\"container\">\n\t\t\t\t\t<div class=\"e-con-inner\">\n\t\t<div class=\"elementor-element elementor-element-607eb90 e-con-full e-flex e-con e-child\" data-id=\"607eb90\" data-element_type=\"container\">\n\t\t\t\t<div class=\"elementor-element elementor-element-67bfa8f elementor-widget elementor-widget-spacer\" data-id=\"67bfa8f\" data-element_type=\"widget\" data-widget_type=\"spacer.default\">\n\t\t\t\t\t\t\t<div class=\"elementor-spacer\">\n\t\t\t<div class=\"elementor-spacer-inner\"><\/div>\n\t\t<\/div>\n\t\t\t\t\t\t<\/div>\n\t\t\t\t<div class=\"elementor-element elementor-element-c069945 elementor-widget elementor-widget-heading\" data-id=\"c069945\" data-element_type=\"widget\" data-widget_type=\"heading.default\">\n\t\t\t\t\t<h2 class=\"elementor-heading-title elementor-size-default\">Trocar c\u00f3 l\u01b0\u1ee1i<\/h2>\t\t\t\t<\/div>\n\t\t\t\t<div class=\"elementor-element elementor-element-7e573f3 elementor-widget-divider--view-line elementor-widget elementor-widget-divider\" data-id=\"7e573f3\" data-element_type=\"widget\" data-widget_type=\"divider.default\">\n\t\t\t\t\t\t\t<div class=\"elementor-divider\">\n\t\t\t<span class=\"elementor-divider-separator\">\n\t\t\t\t\t\t<\/span>\n\t\t<\/div>\n\t\t\t\t\t\t<\/div>\n\t\t\t\t<\/div>\n\t\t<div class=\"elementor-element elementor-element-b052649 e-con-full e-flex e-con e-child\" data-id=\"b052649\" data-element_type=\"container\">\n\t\t\t\t<div class=\"elementor-element elementor-element-0b1859b elementor-widget elementor-widget-image\" data-id=\"0b1859b\" data-element_type=\"widget\" data-widget_type=\"image.default\">\n\t\t\t\t\t\t\t\t\t\t\t\t\t\t\t<img decoding=\"async\" width=\"300\" height=\"111\" src=\"https:\/\/ztecsg.com\/wp-content\/uploads\/2025\/12\/boer.webp\" class=\"attachment-full size-full wp-image-1209\" alt=\"\" \/>\t\t\t\t\t\t\t\t\t\t\t\t\t\t\t<\/div>\n\t\t\t\t<\/div>\n\t\t\t\t\t<\/div>\n\t\t\t\t<\/div>\n\t\t<div class=\"elementor-element elementor-element-99a4757 e-flex e-con-boxed e-con e-parent\" data-id=\"99a4757\" data-element_type=\"container\">\n\t\t\t\t\t<div class=\"e-con-inner\">\n\t\t\t\t<div class=\"elementor-element elementor-element-7450fef elementor-widget elementor-widget-text-editor\" data-id=\"7450fef\" data-element_type=\"widget\" data-widget_type=\"text-editor.default\">\n\t\t\t\t\t\t\t\t\t<h3><b>T\u1ed5ng quan S\u1ea3n ph\u1ea9m<\/b><\/h3><p>\u2022 Trocar T\u1ef1 Che L\u01b0\u1ee1i D\u00f9ng M\u1ed9t L\u1ea7n Boer c\u00f2n \u0111\u01b0\u1ee3c g\u1ecdi l\u00e0 trocar c\u00f3 l\u01b0\u1ee1i n\u1ed9i soi ho\u1eb7c trocar \u0111\u1ea7u an to\u00e0n. B\u00ean trong \u1ed1ng th\u1ecdc c\u00f3 ch\u1ee9a m\u1ed9t l\u01b0\u1ee1i dao s\u1eafc. Khi th\u1ef1c hi\u1ec7n th\u1ee7 thu\u1eadt ch\u1ecdc, l\u01b0\u1ee1i dao s\u1ebd r\u1ea1ch th\u00e0nh b\u1ee5ng v\u00e0 s\u1ebd t\u1ef1 \u0111\u1ed9ng thu v\u1ec1 b\u00ean trong \u1ed1ng cannula ngay khi trocar \u0111i v\u00e0o trong \u1ed5 b\u1ee5ng, nh\u1eb1m tr\u00e1nh g\u00e2y t\u1ed5n th\u01b0\u01a1ng c\u00e1c c\u01a1 quan kh\u00e1c. <\/p><p>\u2022 S\u1ea3n ph\u1ea9m trocar t\u1ef1 che l\u01b0\u1ee1i do nh\u00e0 s\u1ea3n xu\u1ea5t trocar n\u1ed9i soi Trung Qu\u1ed1c Boer Medical s\u1ea3n xu\u1ea5t c\u00f3 th\u1ec3 gi\u1ea3m thi\u1ec3u nguy c\u01a1 ch\u1ea3y m\u00e1u v\u00e0 t\u1ed5n th\u01b0\u01a1ng m\u00f4 xung quanh. Ch\u00fang th\u01b0\u1eddng \u0111\u01b0\u1ee3c s\u1eed d\u1ee5ng trong c\u00e1c ph\u1eabu thu\u1eadt n\u1ed9i soi nh\u01b0 c\u1eaft ru\u1ed9t th\u1eeba, c\u1eaft b\u1ecf t\u00fai m\u1eadt v\u00e0 s\u1eeda tho\u00e1t v\u1ecb. Vui l\u00f2ng li\u00ean h\u1ec7 \u0111\u1ec3 \u0111\u01b0\u1ee3c cung c\u1ea5p th\u00eam th\u00f4ng tin v\u00e0 b\u00e1o gi\u00e1 trocar n\u1ed9i soi.<\/p><p><strong>\u0110\u1eb7c \u0111i\u1ec3m c\u1ee7a Trocar T\u1ef1 Che L\u01b0\u1ee1i<\/strong><br \/>Trocar n\u1ed9i soi t\u1ef1 che l\u01b0\u1ee1i Boer c\u00f3 nhi\u1ec1u k\u00edch c\u1ee1 kh\u00e1c nhau: 5mm, 10mm v\u00e0 12mm, c\u00f3 th\u1ec3 \u0111\u00f3ng g\u00f3i \u0111\u01a1n l\u1ebb ho\u1eb7c theo b\u1ed9 t\u00f9y theo y\u00eau c\u1ea7u. T\u1ea5t c\u1ea3 s\u1ea3n ph\u1ea9m \u0111\u1ec1u \u0111\u00e3 \u0111\u01b0\u1ee3c ti\u1ec7t tr\u00f9ng.<\/p><p><strong>T\u00ednh n\u0103ng &amp; L\u1ee3i \u00edch<\/strong><br \/>\u2022 L\u01b0\u1ee1i dao s\u1eafc, gi\u1ea3m t\u1ed5n th\u01b0\u01a1ng m\u00f4, th\u1eddi gian ph\u1ee5c h\u1ed3i nhanh<br \/>\u2022 Kh\u00f3a an to\u00e0n th\u00f4ng b\u00e1o cho ng\u01b0\u1eddi d\u00f9ng khi l\u01b0\u1ee1i dao \u0111\u01b0\u1ee3c ph\u01a1i b\u00e0y<br \/>\u2022 T\u00f9y ch\u1ecdn van v\u1ea1n n\u0103ng t\u01b0\u01a1ng th\u00edch v\u1edbi t\u1ea5t c\u1ea3 d\u1ee5ng c\u1ee5 n\u1ed9i soi \u1ed5 b\u1ee5ng<\/p>\t\t\t\t\t\t\t\t<\/div>\n\t\t\t\t\t<\/div>\n\t\t\t\t<\/div>\n\t\t<div class=\"elementor-element elementor-element-78cdb69 e-flex e-con-boxed e-con e-parent\" data-id=\"78cdb69\" data-element_type=\"container\">\n\t\t\t\t\t<div class=\"e-con-inner\">\n\t\t\t\t<div class=\"elementor-element elementor-element-0c0a218 elementor-widget elementor-widget-image\" data-id=\"0c0a218\" data-element_type=\"widget\" data-widget_type=\"image.default\">\n\t\t\t\t\t\t\t\t\t\t\t\t\t\t\t<img fetchpriority=\"high\" decoding=\"async\" width=\"1001\" height=\"650\" src=\"https:\/\/ztecsg.com\/wp-content\/uploads\/2025\/12\/bt.png\" class=\"attachment-large size-large wp-image-925\" alt=\"\" srcset=\"https:\/\/ztecsg.com\/wp-content\/uploads\/2025\/12\/bt.png 1001w, https:\/\/ztecsg.com\/wp-content\/uploads\/2025\/12\/bt-300x195.png 300w, https:\/\/ztecsg.com\/wp-content\/uploads\/2025\/12\/bt-768x499.png 768w\" sizes=\"(max-width: 1001px) 100vw, 1001px\" \/>\t\t\t\t\t\t\t\t\t\t\t\t\t\t\t<\/div>\n\t\t\t\t\t<\/div>\n\t\t\t\t<\/div>\n\t\t\t\t<\/div>","protected":false},"excerpt":{"rendered":"<p>Bladed Trocar Product Overview: \u2022 Boer disposable auto-shield trocar is also know as endoscopic bladed trocar or safety-tip trocar. It has a sharpe knife inside the Obturator. When puncturation, the [&hellip;]<\/p>\n","protected":false},"author":2,"featured_media":0,"parent":373,"menu_order":0,"comment_status":"closed","ping_status":"closed","template":"","meta":{"site-sidebar-layout":"default","site-content-layout":"","ast-site-content-layout":"default","site-content-style":"default","site-sidebar-style":"default","ast-global-header-display":"","ast-banner-title-visibility":"","ast-main-header-display":"","ast-hfb-above-header-display":"","ast-hfb-below-header-display":"","ast-hfb-mobile-header-display":"","site-post-title":"disabled","ast-breadcrumbs-content":"","ast-featured-img":"","footer-sml-layout":"","ast-disable-related-posts":"","theme-transparent-header-meta":"","adv-header-id-meta":"","stick-header-meta":"","header-above-stick-meta":"","header-main-stick-meta":"","header-below-stick-meta":"","astra-migrate-meta-layouts":"default","ast-page-background-enabled":"default","ast-page-background-meta":{"desktop":{"background-color":"var(--ast-global-color-5)","background-image":"","background-repeat":"repeat","background-position":"center center","background-size":"auto","background-attachment":"scroll","background-type":"","background-media":"","overlay-type":"","overlay-color":"","overlay-opacity":"","overlay-gradient":""},"tablet":{"background-color":"","background-image":"","background-repeat":"repeat","background-position":"center center","background-size":"auto","background-attachment":"scroll","background-type":"","background-media":"","overlay-type":"","overlay-color":"","overlay-opacity":"","overlay-gradient":""},"mobile":{"background-color":"","background-image":"","background-repeat":"repeat","background-position":"center center","background-size":"auto","background-attachment":"scroll","background-type":"","background-media":"","overlay-type":"","overlay-color":"","overlay-opacity":"","overlay-gradient":""}},"ast-content-background-meta":{"desktop":{"background-color":"var(--ast-global-color-4)","background-image":"","background-repeat":"repeat","background-position":"center center","background-size":"auto","background-attachment":"scroll","background-type":"","background-media":"","overlay-type":"","overlay-color":"","overlay-opacity":"","overlay-gradient":""},"tablet":{"background-color":"var(--ast-global-color-4)","background-image":"","background-repeat":"repeat","background-position":"center center","background-size":"auto","background-attachment":"scroll","background-type":"","background-media":"","overlay-type":"","overlay-color":"","overlay-opacity":"","overlay-gradient":""},"mobile":{"background-color":"var(--ast-global-color-4)","background-image":"","background-repeat":"repeat","background-position":"center center","background-size":"auto","background-attachment":"scroll","background-type":"","background-media":"","overlay-type":"","overlay-color":"","overlay-opacity":"","overlay-gradient":""}},"footnotes":""},"class_list":["post-920","page","type-page","status-publish","hentry"],"aioseo_notices":[],"_links":{"self":[{"href":"https:\/\/ztecsg.com\/vi\/wp-json\/wp\/v2\/pages\/920","targetHints":{"allow":["GET"]}}],"collection":[{"href":"https:\/\/ztecsg.com\/vi\/wp-json\/wp\/v2\/pages"}],"about":[{"href":"https:\/\/ztecsg.com\/vi\/wp-json\/wp\/v2\/types\/page"}],"author":[{"embeddable":true,"href":"https:\/\/ztecsg.com\/vi\/wp-json\/wp\/v2\/users\/2"}],"replies":[{"embeddable":true,"href":"https:\/\/ztecsg.com\/vi\/wp-json\/wp\/v2\/comments?post=920"}],"version-history":[{"count":11,"href":"https:\/\/ztecsg.com\/vi\/wp-json\/wp\/v2\/pages\/920\/revisions"}],"predecessor-version":[{"id":1262,"href":"https:\/\/ztecsg.com\/vi\/wp-json\/wp\/v2\/pages\/920\/revisions\/1262"}],"up":[{"embeddable":true,"href":"https:\/\/ztecsg.com\/vi\/wp-json\/wp\/v2\/pages\/373"}],"wp:attachment":[{"href":"https:\/\/ztecsg.com\/vi\/wp-json\/wp\/v2\/media?parent=920"}],"curies":[{"name":"wp","href":"https:\/\/api.w.org\/{rel}","templated":true}]}}