{"id":929,"date":"2025-12-13T18:21:20","date_gmt":"2025-12-13T10:21:20","guid":{"rendered":"https:\/\/ztecsg.com\/?page_id=929"},"modified":"2026-01-15T13:03:10","modified_gmt":"2026-01-15T05:03:10","slug":"blnt","status":"publish","type":"page","link":"https:\/\/ztecsg.com\/vi\/our-products\/blnt\/","title":{"rendered":"Trocar b\u00f3ng"},"content":{"rendered":"<div data-elementor-type=\"wp-page\" data-elementor-id=\"929\" class=\"elementor elementor-929\">\n\t\t\t\t<div class=\"elementor-element elementor-element-9a69163 e-flex e-con-boxed e-con e-parent\" data-id=\"9a69163\" data-element_type=\"container\">\n\t\t\t\t\t<div class=\"e-con-inner\">\n\t\t<div class=\"elementor-element elementor-element-607eb90 e-con-full e-flex e-con e-child\" data-id=\"607eb90\" data-element_type=\"container\">\n\t\t\t\t<div class=\"elementor-element elementor-element-67bfa8f elementor-widget elementor-widget-spacer\" data-id=\"67bfa8f\" data-element_type=\"widget\" data-widget_type=\"spacer.default\">\n\t\t\t\t\t\t\t<div class=\"elementor-spacer\">\n\t\t\t<div class=\"elementor-spacer-inner\"><\/div>\n\t\t<\/div>\n\t\t\t\t\t\t<\/div>\n\t\t\t\t<div class=\"elementor-element elementor-element-c069945 elementor-widget elementor-widget-heading\" data-id=\"c069945\" data-element_type=\"widget\" data-widget_type=\"heading.default\">\n\t\t\t\t\t<h2 class=\"elementor-heading-title elementor-size-default\">Trocar b\u00f3ng<\/h2>\t\t\t\t<\/div>\n\t\t\t\t<div class=\"elementor-element elementor-element-7e573f3 elementor-widget-divider--view-line elementor-widget elementor-widget-divider\" data-id=\"7e573f3\" data-element_type=\"widget\" data-widget_type=\"divider.default\">\n\t\t\t\t\t\t\t<div class=\"elementor-divider\">\n\t\t\t<span class=\"elementor-divider-separator\">\n\t\t\t\t\t\t<\/span>\n\t\t<\/div>\n\t\t\t\t\t\t<\/div>\n\t\t\t\t<\/div>\n\t\t<div class=\"elementor-element elementor-element-b052649 e-con-full e-flex e-con e-child\" data-id=\"b052649\" data-element_type=\"container\">\n\t\t\t\t<div class=\"elementor-element elementor-element-da473fa elementor-widget elementor-widget-image\" data-id=\"da473fa\" data-element_type=\"widget\" data-widget_type=\"image.default\">\n\t\t\t\t\t\t\t\t\t\t\t\t\t\t\t<img decoding=\"async\" width=\"300\" height=\"111\" src=\"https:\/\/ztecsg.com\/wp-content\/uploads\/2025\/12\/boer.webp\" class=\"attachment-large size-large wp-image-1209\" alt=\"\" \/>\t\t\t\t\t\t\t\t\t\t\t\t\t\t\t<\/div>\n\t\t\t\t<\/div>\n\t\t\t\t\t<\/div>\n\t\t\t\t<\/div>\n\t\t<div class=\"elementor-element elementor-element-99a4757 e-flex e-con-boxed e-con e-parent\" data-id=\"99a4757\" data-element_type=\"container\">\n\t\t\t\t\t<div class=\"e-con-inner\">\n\t\t\t\t<div class=\"elementor-element elementor-element-7450fef elementor-widget elementor-widget-text-editor\" data-id=\"7450fef\" data-element_type=\"widget\" data-widget_type=\"text-editor.default\">\n\t\t\t\t\t\t\t\t\t<h3><b>T\u1ed5ng quan S\u1ea3n ph\u1ea9m<\/b><\/h3><p>Trocar n\u1ed9i soi d\u00f9ng m\u1ed9t l\u1ea7n \u0111\u01b0\u1ee3c thi\u1ebft k\u1ebf \u0111\u1ec3 s\u1eed d\u1ee5ng trong ph\u1eabu thu\u1eadt x\u00e2m l\u1ea5n t\u1ed1i thi\u1ec3u (MIS) nh\u1eb1m ch\u1ecdc th\u1ee7ng th\u00e0nh b\u1ee5ng, t\u1ea1o \u0111\u01b0\u1eddng v\u00e0o l\u00e0m vi\u1ec7c \u0111\u1ec3 \u0111\u1eb7t c\u00e1c d\u1ee5ng c\u1ee5 kh\u00e1c nh\u01b0 k\u1eb9p, k\u00e9o, m\u00e1y kh\u00e2u... v\u00e0 c\u1ea5p kh\u00ed CO\u2082 trong qu\u00e1 tr\u00ecnh ph\u1eabu thu\u1eadt n\u1ed9i soi.<\/p><p><strong>T\u00ednh n\u0103ng &amp; L\u1ee3i \u00edch<\/strong><\/p><p>\u2022 S\u1ef1 k\u1ebft h\u1ee3p \u01b0u \u0111i\u1ec3m gi\u1eefa b\u00f3ng c\u1ed1 \u0111\u1ecbnh v\u00e0 v\u00f2ng c\u1ed1 \u0111\u1ecbnh ho\u1eb7c c\u1ea5u h\u00ecnh neo m\u1ec1m t\u1ea1o ra m\u1ed9t c\u1ed5ng v\u00e0o \u1ed5n \u0111\u1ecbnh, mang l\u1ea1i hi\u1ec7u qu\u1ea3 b\u0103ng \u00e9p tuy\u1ec7t v\u1eddi \u0111\u1ec3 c\u1ea7m m\u00e1u \u0111\u1ed3ng th\u1eddi gi\u1ea3m thi\u1ec3u th\u1ea5t tho\u00e1t kh\u00ed t\u1ea1i v\u1ecb tr\u00ed c\u1ed5ng trocar.<\/p><p>\u2022 Thi\u1ebft k\u1ebf b\u00f3ng gi\u00fap gi\u1ea3m thi\u1ec3u s\u1ef1 di chuy\u1ec3n c\u1ee7a \u1ed1ng trocar, kh\u00f4ng x\u1ea3y ra l\u1ec7ch v\u1ecb tr\u00ed khi thay \u0111\u1ed5i d\u1ee5ng c\u1ee5.<\/p><p>\u2022 H\u1ed7 tr\u1ee3 quan s\u00e1t tr\u1ef1c ti\u1ebfp trong qu\u00e1 tr\u00ecnh \u0111\u1eb7t trocar, gi\u00fap ph\u1eabu thu\u1eadt vi\u00ean ki\u1ec3m so\u00e1t t\u1ed1t h\u01a1n v\u00e0 gi\u1ea3m ch\u1ea5n th\u01b0\u01a1ng cho b\u1ec7nh nh\u00e2n.<\/p>\t\t\t\t\t\t\t\t<\/div>\n\t\t\t\t\t<\/div>\n\t\t\t\t<\/div>\n\t\t<div class=\"elementor-element elementor-element-78cdb69 e-flex e-con-boxed e-con e-parent\" data-id=\"78cdb69\" data-element_type=\"container\">\n\t\t\t\t\t<div class=\"e-con-inner\">\n\t\t\t\t<div class=\"elementor-element elementor-element-0c0a218 elementor-widget elementor-widget-image\" data-id=\"0c0a218\" data-element_type=\"widget\" data-widget_type=\"image.default\">\n\t\t\t\t\t\t\t\t\t\t\t\t\t\t\t<img fetchpriority=\"high\" decoding=\"async\" width=\"1005\" height=\"698\" src=\"https:\/\/ztecsg.com\/wp-content\/uploads\/2025\/12\/balloon.png\" class=\"attachment-large size-large wp-image-1104\" alt=\"\" srcset=\"https:\/\/ztecsg.com\/wp-content\/uploads\/2025\/12\/balloon.png 1005w, https:\/\/ztecsg.com\/wp-content\/uploads\/2025\/12\/balloon-300x208.png 300w, https:\/\/ztecsg.com\/wp-content\/uploads\/2025\/12\/balloon-768x533.png 768w\" sizes=\"(max-width: 1005px) 100vw, 1005px\" \/>\t\t\t\t\t\t\t\t\t\t\t\t\t\t\t<\/div>\n\t\t\t\t\t<\/div>\n\t\t\t\t<\/div>\n\t\t\t\t<\/div>","protected":false},"excerpt":{"rendered":"<p>Balloon Trocar Product Overview: Disposable laparoscopic trocar is designed to be used in the minimally invasive surgery (MIS) to puncture the abdominal wall for creating the working tunnels for the [&hellip;]<\/p>\n","protected":false},"author":2,"featured_media":0,"parent":373,"menu_order":0,"comment_status":"closed","ping_status":"closed","template":"","meta":{"site-sidebar-layout":"default","site-content-layout":"","ast-site-content-layout":"default","site-content-style":"default","site-sidebar-style":"default","ast-global-header-display":"","ast-banner-title-visibility":"","ast-main-header-display":"","ast-hfb-above-header-display":"","ast-hfb-below-header-display":"","ast-hfb-mobile-header-display":"","site-post-title":"disabled","ast-breadcrumbs-content":"","ast-featured-img":"","footer-sml-layout":"","ast-disable-related-posts":"","theme-transparent-header-meta":"","adv-header-id-meta":"","stick-header-meta":"","header-above-stick-meta":"","header-main-stick-meta":"","header-below-stick-meta":"","astra-migrate-meta-layouts":"default","ast-page-background-enabled":"default","ast-page-background-meta":{"desktop":{"background-color":"var(--ast-global-color-5)","background-image":"","background-repeat":"repeat","background-position":"center center","background-size":"auto","background-attachment":"scroll","background-type":"","background-media":"","overlay-type":"","overlay-color":"","overlay-opacity":"","overlay-gradient":""},"tablet":{"background-color":"","background-image":"","background-repeat":"repeat","background-position":"center center","background-size":"auto","background-attachment":"scroll","background-type":"","background-media":"","overlay-type":"","overlay-color":"","overlay-opacity":"","overlay-gradient":""},"mobile":{"background-color":"","background-image":"","background-repeat":"repeat","background-position":"center center","background-size":"auto","background-attachment":"scroll","background-type":"","background-media":"","overlay-type":"","overlay-color":"","overlay-opacity":"","overlay-gradient":""}},"ast-content-background-meta":{"desktop":{"background-color":"var(--ast-global-color-4)","background-image":"","background-repeat":"repeat","background-position":"center center","background-size":"auto","background-attachment":"scroll","background-type":"","background-media":"","overlay-type":"","overlay-color":"","overlay-opacity":"","overlay-gradient":""},"tablet":{"background-color":"var(--ast-global-color-4)","background-image":"","background-repeat":"repeat","background-position":"center center","background-size":"auto","background-attachment":"scroll","background-type":"","background-media":"","overlay-type":"","overlay-color":"","overlay-opacity":"","overlay-gradient":""},"mobile":{"background-color":"var(--ast-global-color-4)","background-image":"","background-repeat":"repeat","background-position":"center center","background-size":"auto","background-attachment":"scroll","background-type":"","background-media":"","overlay-type":"","overlay-color":"","overlay-opacity":"","overlay-gradient":""}},"footnotes":""},"class_list":["post-929","page","type-page","status-publish","hentry"],"aioseo_notices":[],"_links":{"self":[{"href":"https:\/\/ztecsg.com\/vi\/wp-json\/wp\/v2\/pages\/929","targetHints":{"allow":["GET"]}}],"collection":[{"href":"https:\/\/ztecsg.com\/vi\/wp-json\/wp\/v2\/pages"}],"about":[{"href":"https:\/\/ztecsg.com\/vi\/wp-json\/wp\/v2\/types\/page"}],"author":[{"embeddable":true,"href":"https:\/\/ztecsg.com\/vi\/wp-json\/wp\/v2\/users\/2"}],"replies":[{"embeddable":true,"href":"https:\/\/ztecsg.com\/vi\/wp-json\/wp\/v2\/comments?post=929"}],"version-history":[{"count":14,"href":"https:\/\/ztecsg.com\/vi\/wp-json\/wp\/v2\/pages\/929\/revisions"}],"predecessor-version":[{"id":1261,"href":"https:\/\/ztecsg.com\/vi\/wp-json\/wp\/v2\/pages\/929\/revisions\/1261"}],"up":[{"embeddable":true,"href":"https:\/\/ztecsg.com\/vi\/wp-json\/wp\/v2\/pages\/373"}],"wp:attachment":[{"href":"https:\/\/ztecsg.com\/vi\/wp-json\/wp\/v2\/media?parent=929"}],"curies":[{"name":"wp","href":"https:\/\/api.w.org\/{rel}","templated":true}]}}