{"id":949,"date":"2025-12-13T18:41:36","date_gmt":"2025-12-13T10:41:36","guid":{"rendered":"https:\/\/ztecsg.com\/?page_id=949"},"modified":"2026-01-15T13:01:10","modified_gmt":"2026-01-15T05:01:10","slug":"adm","status":"publish","type":"page","link":"https:\/\/ztecsg.com\/vi\/our-products\/adm\/","title":{"rendered":"M\u00e1y theo d\u00f5i \u0111\u1ed9 m\u00ea"},"content":{"rendered":"<div data-elementor-type=\"wp-page\" data-elementor-id=\"949\" class=\"elementor elementor-949\">\n\t\t\t\t<div class=\"elementor-element elementor-element-9a69163 e-flex e-con-boxed e-con e-parent\" data-id=\"9a69163\" data-element_type=\"container\">\n\t\t\t\t\t<div class=\"e-con-inner\">\n\t\t<div class=\"elementor-element elementor-element-607eb90 e-con-full e-flex e-con e-child\" data-id=\"607eb90\" data-element_type=\"container\">\n\t\t\t\t<div class=\"elementor-element elementor-element-67bfa8f elementor-widget elementor-widget-spacer\" data-id=\"67bfa8f\" data-element_type=\"widget\" data-widget_type=\"spacer.default\">\n\t\t\t\t\t\t\t<div class=\"elementor-spacer\">\n\t\t\t<div class=\"elementor-spacer-inner\"><\/div>\n\t\t<\/div>\n\t\t\t\t\t\t<\/div>\n\t\t\t\t<div class=\"elementor-element elementor-element-c069945 elementor-widget elementor-widget-heading\" data-id=\"c069945\" data-element_type=\"widget\" data-widget_type=\"heading.default\">\n\t\t\t\t\t<h2 class=\"elementor-heading-title elementor-size-default\">ADM<\/h2>\t\t\t\t<\/div>\n\t\t\t\t<div class=\"elementor-element elementor-element-b0b6b3b elementor-widget elementor-widget-heading\" data-id=\"b0b6b3b\" data-element_type=\"widget\" data-widget_type=\"heading.default\">\n\t\t\t\t\t<h2 class=\"elementor-heading-title elementor-size-default\">M\u00e1y theo d\u00f5i \u0111\u1ed9 m\u00ea<\/h2>\t\t\t\t<\/div>\n\t\t\t\t<div class=\"elementor-element elementor-element-7e573f3 elementor-widget-divider--view-line elementor-widget elementor-widget-divider\" data-id=\"7e573f3\" data-element_type=\"widget\" data-widget_type=\"divider.default\">\n\t\t\t\t\t\t\t<div class=\"elementor-divider\">\n\t\t\t<span class=\"elementor-divider-separator\">\n\t\t\t\t\t\t<\/span>\n\t\t<\/div>\n\t\t\t\t\t\t<\/div>\n\t\t\t\t<\/div>\n\t\t<div class=\"elementor-element elementor-element-b052649 e-con-full e-flex e-con e-child\" data-id=\"b052649\" data-element_type=\"container\">\n\t\t\t\t<div class=\"elementor-element elementor-element-ee1bdac elementor-widget elementor-widget-spacer\" data-id=\"ee1bdac\" data-element_type=\"widget\" data-widget_type=\"spacer.default\">\n\t\t\t\t\t\t\t<div class=\"elementor-spacer\">\n\t\t\t<div class=\"elementor-spacer-inner\"><\/div>\n\t\t<\/div>\n\t\t\t\t\t\t<\/div>\n\t\t\t\t<div class=\"elementor-element elementor-element-e5724e5 elementor-widget elementor-widget-image\" data-id=\"e5724e5\" data-element_type=\"widget\" data-widget_type=\"image.default\">\n\t\t\t\t\t\t\t\t\t\t\t\t\t\t\t<img decoding=\"async\" width=\"304\" height=\"101\" src=\"https:\/\/ztecsg.com\/wp-content\/uploads\/2025\/12\/apon.webp\" class=\"attachment-large size-large wp-image-1222\" alt=\"\" srcset=\"https:\/\/ztecsg.com\/wp-content\/uploads\/2025\/12\/apon.webp 304w, https:\/\/ztecsg.com\/wp-content\/uploads\/2025\/12\/apon-300x100.png 300w\" sizes=\"(max-width: 304px) 100vw, 304px\" \/>\t\t\t\t\t\t\t\t\t\t\t\t\t\t\t<\/div>\n\t\t\t\t<\/div>\n\t\t\t\t\t<\/div>\n\t\t\t\t<\/div>\n\t\t<div class=\"elementor-element elementor-element-99a4757 e-flex e-con-boxed e-con e-parent\" data-id=\"99a4757\" data-element_type=\"container\">\n\t\t\t\t\t<div class=\"e-con-inner\">\n\t\t\t\t<div class=\"elementor-element elementor-element-7450fef elementor-widget elementor-widget-text-editor\" data-id=\"7450fef\" data-element_type=\"widget\" data-widget_type=\"text-editor.default\">\n\t\t\t\t\t\t\t\t\t<h3>T\u1ed5ng quan S\u1ea3n ph\u1ea9m <\/h3><p>M\u00e0n h\u00ecnh theo d\u00f5i \u0111\u1ed9 m\u00ea (ADM) th\u1ebf h\u1ec7 m\u1edbi c\u1ee7a APON l\u00e0 m\u1ed9t s\u00e1ng t\u1ea1o d\u1ef1a tr\u00ean ch\u1ec9 s\u1ed1 tr\u1ea1ng th\u00e1i n\u00e3o CSI kinh \u0111i\u1ec3n<\/p><p><strong>M\u1ea3ng Ph\u1ed5 M\u1eadt \u0111\u1ed9 EEG c\u1ea5p \u0111\u1ed9 Nghi\u00ean c\u1ee9u (DSA):<\/strong> <br \/>\u2022 Hi\u1ec7u qu\u1ea3 \u0111\u1ea1t \u0111\u1ebfn c\u1ea5p \u0111\u1ed9 nghi\u00ean c\u1ee9u h\u1ecdc thu\u1eadt c\u1ee7a m\u1ea3ng ph\u1ed5 m\u1eadt \u0111\u1ed9 EEG: Cho ph\u00e9p \"Nh\u00ecn th\u1ea5y\"\u0110\u1ed9 s\u00e2u G\u00e2y m\u00ea<br \/>\u2022 C\u00e1c t\u00ednh n\u0103ng m\u1edbi d\u1ef1a tr\u00ean c\u00e1c ph\u00e1t hi\u1ec7n nghi\u00ean c\u1ee9u c\u01a1 b\u1ea3n \u1edf ti\u1ec1n tuy\u1ebfn c\u1ee7a khoa h\u1ecdc th\u1ea7n kinh\/g\u00e2y m\u00ea (t\u1eeb nh\u00f3m nghi\u00ean c\u1ee9u c\u1ee7a Emery Brown t\u1ea1i \u0110\u1ea1i h\u1ecdc Harvard)<\/p><p><strong>Thu\u1eadt to\u00e1n CSI ph\u00f9 h\u1ee3p v\u1edbi ng\u01b0\u1eddi \u0110\u00f4ng \u00c1:<\/strong> <br \/>\u2022 Thu\u1eadt to\u00e1n \u0111\u01b0\u1ee3c ph\u00e1t tri\u1ec3n d\u1ef1a tr\u00ean d\u1eef li\u1ec7u EEG g\u00e2y m\u00ea t\u1eeb 6,388 \u0111\u1ed1i t\u01b0\u1ee3ng thu\u1ed9c qu\u1ea7n th\u1ec3 \u0110\u00f4ng \u00c1<\/p>\t\t\t\t\t\t\t\t<\/div>\n\t\t\t\t\t<\/div>\n\t\t\t\t<\/div>\n\t\t<div class=\"elementor-element elementor-element-c2a3673 e-flex e-con-boxed e-con e-parent\" data-id=\"c2a3673\" data-element_type=\"container\">\n\t\t\t\t\t<div class=\"e-con-inner\">\n\t\t\t\t<div class=\"elementor-element elementor-element-188c44e elementor-widget elementor-widget-image\" data-id=\"188c44e\" data-element_type=\"widget\" data-widget_type=\"image.default\">\n\t\t\t\t\t\t\t\t\t\t\t\t\t\t\t<img fetchpriority=\"high\" decoding=\"async\" width=\"1001\" height=\"445\" src=\"https:\/\/ztecsg.com\/wp-content\/uploads\/2025\/12\/ADM1.png\" class=\"attachment-large size-large wp-image-951\" alt=\"\" srcset=\"https:\/\/ztecsg.com\/wp-content\/uploads\/2025\/12\/ADM1.png 1001w, https:\/\/ztecsg.com\/wp-content\/uploads\/2025\/12\/ADM1-300x133.png 300w, https:\/\/ztecsg.com\/wp-content\/uploads\/2025\/12\/ADM1-768x341.png 768w\" sizes=\"(max-width: 1001px) 100vw, 1001px\" \/>\t\t\t\t\t\t\t\t\t\t\t\t\t\t\t<\/div>\n\t\t\t\t\t<\/div>\n\t\t\t\t<\/div>\n\t\t<div class=\"elementor-element elementor-element-cdfde15 e-flex e-con-boxed e-con e-parent\" data-id=\"cdfde15\" data-element_type=\"container\">\n\t\t\t\t\t<div class=\"e-con-inner\">\n\t\t<div class=\"elementor-element elementor-element-71914ee e-con-full e-flex e-con e-child\" data-id=\"71914ee\" data-element_type=\"container\">\n\t\t\t\t<div class=\"elementor-element elementor-element-41b13d0 elementor-widget elementor-widget-text-editor\" data-id=\"41b13d0\" data-element_type=\"widget\" data-widget_type=\"text-editor.default\">\n\t\t\t\t\t\t\t\t\t<h3><strong>C\u00e1c T\u00ecnh hu\u1ed1ng Gi\u00e1m s\u00e1t L\u00e2m s\u00e0ng:<\/strong><\/h3><p>\u2022 Gi\u00e1m s\u00e1t G\u00e2y m\u00ea To\u00e0n th\u00e2n<br \/>\u2022 Gi\u00e1m s\u00e1t An th\u1ea7n t\u1ea1i Khoa H\u1ed3i s\u1ee9c T\u00edch c\u1ef1c (ICU)<br \/>\u2022 Gi\u00e1m s\u00e1t G\u00e2y m\u00ea Ngo\u1ea1i tr\u00fa<br \/>\u2022 Gi\u00e1m s\u00e1t Li\u1ec7u ph\u00e1p An th\u1ea7n Trong gi\u1ea5c ng\u1ee7<br \/>\u2022 Gi\u00e1m s\u00e1t Tr\u1ea1ng th\u00e1i N\u00e3o<\/p>\t\t\t\t\t\t\t\t<\/div>\n\t\t\t\t<\/div>\n\t\t<div class=\"elementor-element elementor-element-9ce8684 e-con-full e-flex e-con e-child\" data-id=\"9ce8684\" data-element_type=\"container\">\n\t\t\t\t<div class=\"elementor-element elementor-element-047ffc7 elementor-widget elementor-widget-text-editor\" data-id=\"047ffc7\" data-element_type=\"widget\" data-widget_type=\"text-editor.default\">\n\t\t\t\t\t\t\t\t\t<h3><b>Khoa Ph\u00f2ng \u00c1p d\u1ee5ng:<\/b><\/h3><p>\u2022 Khoa G\u00e2y m\u00ea H\u1ed3i s\u1ee9c<br \/>\u2022 Khoa H\u1ed3i s\u1ee9c T\u00edch c\u1ef1c (ICU)<br \/>\u2022 Khoa C\u1ea5p c\u1ee9u<br \/>\u2022 Trung t\u00e2m N\u1ed9i soi <br \/>\u2022 Trung t\u00e2m R\u1ed1i lo\u1ea1n Gi\u1ea5c ng\u1ee7 <br \/>\u2022 Khoa T\u00e2m th\u1ea7n<\/p>\t\t\t\t\t\t\t\t<\/div>\n\t\t\t\t<\/div>\n\t\t\t\t\t<\/div>\n\t\t\t\t<\/div>\n\t\t\t\t<\/div>","protected":false},"excerpt":{"rendered":"<p>ADM Anaesthesia Depth Monitor Product Overview: APON&#8217;s new generation anaesthesia depth monitor (ADM ) is an innovation based on the classic CSI brain state index Research-grade EEG Density Spectral Array [&hellip;]<\/p>\n","protected":false},"author":2,"featured_media":0,"parent":373,"menu_order":0,"comment_status":"closed","ping_status":"closed","template":"","meta":{"site-sidebar-layout":"default","site-content-layout":"","ast-site-content-layout":"default","site-content-style":"default","site-sidebar-style":"default","ast-global-header-display":"","ast-banner-title-visibility":"","ast-main-header-display":"","ast-hfb-above-header-display":"","ast-hfb-below-header-display":"","ast-hfb-mobile-header-display":"","site-post-title":"disabled","ast-breadcrumbs-content":"","ast-featured-img":"","footer-sml-layout":"","ast-disable-related-posts":"","theme-transparent-header-meta":"","adv-header-id-meta":"","stick-header-meta":"","header-above-stick-meta":"","header-main-stick-meta":"","header-below-stick-meta":"","astra-migrate-meta-layouts":"default","ast-page-background-enabled":"default","ast-page-background-meta":{"desktop":{"background-color":"var(--ast-global-color-5)","background-image":"","background-repeat":"repeat","background-position":"center center","background-size":"auto","background-attachment":"scroll","background-type":"","background-media":"","overlay-type":"","overlay-color":"","overlay-opacity":"","overlay-gradient":""},"tablet":{"background-color":"","background-image":"","background-repeat":"repeat","background-position":"center center","background-size":"auto","background-attachment":"scroll","background-type":"","background-media":"","overlay-type":"","overlay-color":"","overlay-opacity":"","overlay-gradient":""},"mobile":{"background-color":"","background-image":"","background-repeat":"repeat","background-position":"center center","background-size":"auto","background-attachment":"scroll","background-type":"","background-media":"","overlay-type":"","overlay-color":"","overlay-opacity":"","overlay-gradient":""}},"ast-content-background-meta":{"desktop":{"background-color":"var(--ast-global-color-4)","background-image":"","background-repeat":"repeat","background-position":"center center","background-size":"auto","background-attachment":"scroll","background-type":"","background-media":"","overlay-type":"","overlay-color":"","overlay-opacity":"","overlay-gradient":""},"tablet":{"background-color":"var(--ast-global-color-4)","background-image":"","background-repeat":"repeat","background-position":"center center","background-size":"auto","background-attachment":"scroll","background-type":"","background-media":"","overlay-type":"","overlay-color":"","overlay-opacity":"","overlay-gradient":""},"mobile":{"background-color":"var(--ast-global-color-4)","background-image":"","background-repeat":"repeat","background-position":"center center","background-size":"auto","background-attachment":"scroll","background-type":"","background-media":"","overlay-type":"","overlay-color":"","overlay-opacity":"","overlay-gradient":""}},"footnotes":""},"class_list":["post-949","page","type-page","status-publish","hentry"],"aioseo_notices":[],"_links":{"self":[{"href":"https:\/\/ztecsg.com\/vi\/wp-json\/wp\/v2\/pages\/949","targetHints":{"allow":["GET"]}}],"collection":[{"href":"https:\/\/ztecsg.com\/vi\/wp-json\/wp\/v2\/pages"}],"about":[{"href":"https:\/\/ztecsg.com\/vi\/wp-json\/wp\/v2\/types\/page"}],"author":[{"embeddable":true,"href":"https:\/\/ztecsg.com\/vi\/wp-json\/wp\/v2\/users\/2"}],"replies":[{"embeddable":true,"href":"https:\/\/ztecsg.com\/vi\/wp-json\/wp\/v2\/comments?post=949"}],"version-history":[{"count":11,"href":"https:\/\/ztecsg.com\/vi\/wp-json\/wp\/v2\/pages\/949\/revisions"}],"predecessor-version":[{"id":1259,"href":"https:\/\/ztecsg.com\/vi\/wp-json\/wp\/v2\/pages\/949\/revisions\/1259"}],"up":[{"embeddable":true,"href":"https:\/\/ztecsg.com\/vi\/wp-json\/wp\/v2\/pages\/373"}],"wp:attachment":[{"href":"https:\/\/ztecsg.com\/vi\/wp-json\/wp\/v2\/media?parent=949"}],"curies":[{"name":"wp","href":"https:\/\/api.w.org\/{rel}","templated":true}]}}